{"id":780,"date":"2022-02-13T21:55:42","date_gmt":"2022-02-13T20:55:42","guid":{"rendered":"https:\/\/www.stellamaris-seelenkalender.de\/?page_id=780"},"modified":"2022-05-17T00:32:47","modified_gmt":"2022-05-16T22:32:47","slug":"blog-beitrag-1-2-copy-2","status":"publish","type":"page","link":"https:\/\/www.stellamaris-seelenkalender.de\/?page_id=780","title":{"rendered":"Blog \u2014 Beitrag 4"},"content":{"rendered":"\n<a href target=\"_self\" role=\"button\" rel=\"noopener\">\n\t\t\t\t\t\th\u00f6ren&nbsp;<\/a>\n\t<h4><strong>Was ist eigentlich der \u201cSeelenkalender\u201d?<br>\n<\/strong><\/h4>\n<p>Da kann ich dir eine schnelle und \u00e4u\u00dfer\u00adliche Antwort geben. Doch wenn du eine tiefer\u00adge\u00adhende, wirk\u00adlich-wirk\u00adliche Antwort m\u00f6cht\u00adest, dann komm mit auf eine Reise zu den gro\u00dfen Geheimnis\u00adsen des Lebens. Bist du bereit?<\/p>\n<p>Hier sind die Fak\u00adten f\u00fcr alle, denen die schnelle \u00dcber\u00adsicht reicht:<\/p>\n<ul>\n<li>52 mantrische Spr\u00fcche<\/li>\n<li>mit Ostern begin\u00adnend den Wochen des Jahres zugeordnet<\/li>\n<li>von Rudolf Steiner<\/li>\n<li>1912 ver\u00f6f\u00adfentlicht<\/li>\n<\/ul>\n<p>Wer diesen Spr\u00fcchen begeg\u00adnet, sp\u00fcrt unmit\u00adtel\u00adbar ihre kraftvolle Energie, ihre magis\u00adche Macht. Der Intellekt ste\u00adht jedoch rat\u00adlos, wie aus\u00adges\u00adper\u00adrt davor, obwohl die Mantren in deutsch\u00ader Sprache ver\u00adfasst sind. Sie bleiben dem Ver\u00adstand mehr oder weniger unzug\u00e4nglich.<\/p>\n<p>An dieser Stelle wen\u00adden sich viele Men\u00adschen wieder ab, geben auf, reseg\u00adnieren. Andere leben in der Stim\u00admung des Spruchs, verbinden sich f\u00fch\u00adlend mit sein\u00ader Kraft und lassen sich durch das Jahr leit\u00aden. Wenn es dir so geht wie mir, dann reicht dir das&nbsp;nicht.<\/p>\n\n<h4>Die Frage bleibt: Was ist der Seelenkalender wirklich?<\/h4>\n<p>Ich sage an dieser Stelle immer, die 52 kurzen, stim\u00admungsvollen Spr\u00fcche f\u00fcr jede Wochen im Jahres einen, sind auf \u201cseel\u00adisch\u201d geschrieben \u2014 und \u201cSeel\u00adisch\u201d ist f\u00fcr uns eine Fremd\u00adsprache. Die Mantren sind wie Tore, in eine andere Dimen\u00adsion. In ihnen sind 52 Licht-Pfade, Trans\u00adfor\u00adma\u00adtion\u00adsprozesse der Seele, 52 Entwick\u00adlungsstufen im gro\u00dfen Leben\u00adszyk\u00adlus der Seele beschrieben. Der See\u00adlenkalen\u00adder ist ein Jahres\u00adlauf der Seele, ein F\u00fchrer im Prozess des Stirb-und-Werde, das Leben&nbsp;ist.<\/p>\n<p>Ja, sagst du vielle\u00adicht, was n\u00fctzt mir das? Wenn ich die einzel\u00adnen Spr\u00fcche und damit die Schritte des Prozess\u00ades nicht ver\u00adste\u00adhen kann, wie soll ich dann eine Vorstel\u00adlung davon entwick\u00adeln, an welchem Punkt des gro\u00dfen Weges ich jew\u00adeils ste\u00adhe? Was r\u00fcckt auf den ver\u00adschiede\u00adnen Stufen in meinen Hor\u00adi\u00adzon\u00adtkreis \u2011was tritt in mein Bewusstsein?<\/p>\n<p>Wieder scheint die T\u00fcr ver\u00adschlossen, oder doch nicht ganz? Der Kreis als Jahreskreis ste\u00adht deut\u00adlich vor dem Bewusst\u00adsein. Wir sprechen vom Hochsom\u00admer und Tiefwin\u00adter. Das Som\u00admer-Hal\u00adb\u00adjahr erscheint im inneren Bild als die obere Kreish\u00e4lfte, der Win\u00adter als die untere. Nach mein\u00ader Erfahrung sehen die meis\u00adten Men\u00adschen spon\u00adtan den Fr\u00fch\u00adling links, den Herb\u00adst rechts vor sich. Damit bewegt sich das Jahr im Uhrzeigersinn.<\/p>\n<p>Mal angenom\u00admen, der Jahreszyk\u00adlus als Ganzheit w\u00e4re ein Wesen, eine gro\u00dfe Mut\u00adter, die alles Leben in sich birgt, her\u00advor\u00adbringt und trans\u00adformiert \u2014 wie k\u00f6n\u00adnte diese Gro\u00dfe G\u00f6t\u00adtin dargestellt werden?<\/p>\n<p>Ich habe eine Darstel\u00adlung aus der Steinzeit gefun\u00adden, die mich ver\u00admuten l\u00e4sst, dass der K\u00fcn\u00adstler genau diese Inspi\u00adra\u00adtion ver\u00adwirk\u00adlichen wollte.<\/p>\n\n<h4>Die Venus von Willendorf \u2014 die Gro\u00dfe G\u00f6ttin<\/h4>\n<p>In einem der \u00e4ltesten Zeug\u00adnisse men\u00adschlichen Kun\u00adstschaf\u00adfens tritt deut\u00adlich die Idee des Kreis\u00ades zu Tage. Das charak\u00adter\u00adis\u00adtis\u00adche dieser, von den Pyren\u00e4en bis Sibirien gefun\u00adde\u00adnen, 35.000 \u2014 12.000 Jahre alten kleinen Frauen\u00adstat\u00aduet\u00adten, ist ihre K\u00f6r\u00adper\u00adf\u00fclle und ihr fehlen\u00adder oder ver\u00adgle\u00adich\u00adsweise aus\u00addruck\u00adslos\u00ader Kopf. Sie sind ganz K\u00f6r\u00adp\u00ader; ihr Bewusst\u00adsein ist nicht erweckt. Sie leben in der Hingabe der Wahrnehmung, in Gegen\u00adw\u00e4r\u00adtigkeit, ganz im&nbsp;Sein.<\/p>\n<p>Die in \u00d6ster\u00adre\u00adich gefun\u00addene soge\u00adnan\u00adnte Venus von Wil\u00adlen\u00addorf dr\u00fcckt dieses Bewusst\u00adsein f\u00fcr mich am klarsten aus: Der K\u00f6r\u00adp\u00ader in sein\u00ader Rund\u00adheit ist so gebildet, dass ein Kreis sicht\u00adbar wird mit dem Bauchn\u00adabel als Mit\u00adtelpunkt. Die auf\u00adfal\u00adl\u00adend d\u00fcn\u00adnen \u00c4rm\u00adchen liegen \u00fcber den Br\u00fcsten und markieren den oberen Kreis\u00adbo\u00adgen, die Knie deuten den unteren an. Der Kopf ist leicht geneigt, doch dort, wo das Gesicht sein m\u00fcsste, ist nur eine leere Fl\u00e4che. Ein voll\u00adst\u00e4ndig in sich gekehrtes oder schlafend\u00ades Bewusst\u00adsein zeigt sich darin \u2014 ich kann es auch als ein Ruhen in der Gegen\u00adw\u00e4r\u00adtigkeit ansehen.<\/p>\n<p><img loading=\"lazy\" decoding=\"async\" src=\"https:\/\/www.stellamaris-seelenkalender.de\/wp-content\/uploads\/2021\/06\/Abbildung_2_Stellamaris_Seelenkalender_Stellamaris_Angela_Fischer-159x300.jpg\" sizes=\"auto, (max-width: 159px) 100vw, 159px\" srcset=\"https:\/\/www.stellamaris-seelenkalender.de\/wp-content\/uploads\/2021\/06\/Abbildung_2_Stellamaris_Seelenkalender_Stellamaris_Angela_Fischer-159x300.jpg 159w, https:\/\/www.stellamaris-seelenkalender.de\/wp-content\/uploads\/2021\/06\/Abbildung_2_Stellamaris_Seelenkalender_Stellamaris_Angela_Fischer.jpg 286w\" alt width=\"159\" height=\"300\"><\/p>\n<h6>Venus von Willendorf (ca. 11 cm gro\u00df, knapp 30.000 Jahre alt, 1908 in \u00d6sterreich gefunden), Quelle: Wikipedia<\/h6>\n\n<h4>Lineares und r\u00e4umliches Zeiterleben<\/h4>\n<p>Unser Zeit\u00ader\u00adleben gliedert sich in drei Zeitr\u00e4ume, Ver\u00adgan\u00adgen\u00adheit, Gegen\u00adwart und Zukun\u00adft. Doch von diesen ist nur die Gegen\u00adwart real, Ver\u00adgan\u00adgen\u00adheit und Zukun\u00adft entste\u00adhen als indi\u00advidu\u00adelle Kon\u00adstruk\u00adte des Bewusst\u00adseins. Da es eine Echtzeit auf der Erde gibt, die f\u00fcr alle Men\u00adschen gilt, vere\u00adint Gegen\u00adw\u00e4r\u00adtigkeit uns mit allen. R\u00e4um\u00adlich sind wir Men\u00adschen auf der Erde getren\u00adnt voneinan\u00adder. Doch durch die Zeit, in der Gegen\u00adwart, sind wir alle ver\u00adbun\u00adden. Aus diesem Zeit\u00adstrom kann kein einziger Men\u00adsch her\u00adaus\u00adfall\u00aden. Die Zeit tr\u00e4gt und bewegt uns alle als gro\u00dfe Gemein\u00adschaft. Ver\u00adgan\u00adgen\u00adheit und Zukun\u00adft sind f\u00fcr jeden indi\u00advidu\u00adell, doch jed\u00ader Gegen\u00adwarts-Moment ist Gegen\u00adwart aller Menschen.<\/p>\n<p>Bin ich gegen\u00adw\u00e4r\u00adtig, so bin ich in dem Zeitraum, den alle Men\u00adschen teilen. Gegen\u00adw\u00e4r\u00adtigkeit zu erleben, ist eine Frage des Bewusst\u00adseins. Es ist eine Frage der Wach\u00adheit, der Pr\u00e4senz. Gelingt diese Wach\u00adheit, kann ich Zeit als Raum wahrnehmen. Dieser Gegen\u00adwarts-Zeit-Raum hat die Form eines Kreis\u00ades, dessen Mit\u00adtelpunkt ich bin \u2014 ganz so, wie ich der Mit\u00adtelpunt mein\u00ader Hor\u00adi\u00adzont-Wahrnehmung bin, sofern keine Erhe\u00adbun\u00adgen die Kreis\u00adlin\u00adie st\u00f6ren. Dieser kreis\u00adrunde Raum mein\u00ader Gegen\u00adw\u00e4r\u00adtigkeit ist mein Bewusst\u00adsein\u00adsraum, in dem ich ruhen kann. Es ist das in vie\u00adlen Med\u00adi\u00adta\u00adtio\u00adnen angestrebte leere Bewusst\u00adsein, die unmit\u00adtel\u00adbare Pr\u00e4senz. Tritt ein Gedanke oder ein Wil\u00adlen\u00adsim\u00adpuls auf, bin ich in der Gefahr, meine Gegen\u00adw\u00e4r\u00adtigkeit zu ver\u00adlieren. Dann falle ich aus diesem Raum heraus.<\/p>\n<p>&nbsp;<\/p>\n<p><img loading=\"lazy\" decoding=\"async\" src=\"https:\/\/www.stellamaris-seelenkalender.de\/wp-content\/uploads\/2021\/07\/Abbildung_3_Stellamaris_Seelenkalender_Stellamaris_Angela_Fischer-212x300.jpg\" alt width=\"212\" height=\"300\"><\/p>\n<h6>Venus von Willendorf im Jahreskreis, das Sommerhalbjahr rot, das Winterhalbjahr blau markiert<\/h6>\n<p>Der kreis\u00adrunde Raum der Gegen\u00adw\u00e4r\u00adtigkeit ver\u00adh\u00e4lt sich zum Zeitraum eines Jahres wie der Same zum Baum. Ver\u00adste\u00adhe ich den Jahres\u00adlauf als den in der Venus\u00adfig\u00adurine angedeuteten Kreis, so macht die Fig\u00adur einen Zeit\u00aden\u00adleib sicht\u00adbar, den Leib ein\u00ader gro\u00dfen G\u00f6t\u00adtin. M\u00f6glicher\u00adweise dr\u00fcckt sich darin das Lebens\u00adge\u00adf\u00fchl der Men\u00adschen vor der let\u00adzten Eiszeit aus. Vielle\u00adicht f\u00fchlte sich der Men\u00adsch ruhend im Zeit\u00aden\u00adleib dieser Mut\u00adter-G\u00f6t\u00adtin, als ihr Kind. So lange er in der Gegen\u00adw\u00e4r\u00adtigkeit ruhen kon\u00adnte, f\u00fchlte er sich w\u00e4hrend des Fr\u00fch\u00adlings und Som\u00admers ihren n\u00e4hren\u00adden Brust\u00adbere\u00adich durch\u00adwan\u00addernd und w\u00e4hrend des Herb\u00adstes und Win\u00adters in ihren Fortschritt brin\u00adgen\u00adden Beinen lebend. Im Win\u00adter wur\u00adden tra\u00addi\u00adtionell die Kinder geboren, da ging das Leben von Gen\u00ader\u00ada\u00adtion zu Gen\u00ader\u00ada\u00adtion weit\u00ader. In diesem Zeit\u00aden\u00adleib kon\u00adnte er sich gebor\u00adgen erleben, solange sein Kopf\u00adbe\u00adwusst\u00adsein schlief \u2014 so lange er kein zweifel\u00adndes, tren\u00adnen\u00addes, sich gegen\u00fcber\u00adstel\u00adlen\u00addes Denken entwickelte.<\/p>\n<p>Auch ich kann dieses Lebens\u00adge\u00adf\u00fchl f\u00fcr mich her\u00adstellen, gibt es doch den Jahres\u00adlauf nach wie vor, der in der Vorstel\u00adlung ganz von alleine das Bild des Kreis\u00ades annimmt. Dann lebe ich gebor\u00adgen im Zeit\u00aden\u00adleib der Gro\u00dfen G\u00f6t\u00adtin, die die Zeit sel\u00adber ist, die alles Leben her\u00advor\u00adbringt. Sie tr\u00e4gt auch mich wie alle Men\u00adschen in ihrem Leib. Ich bin ihr Kind und stets mit ihr vere\u00adint. Es liegt nur an mir, ob ich meinen kri\u00adtis\u00adchen Kopf zum Schweigen brin\u00adgen kann, ob mein Tren\u00adnung und Dis\u00adtanz schaf\u00adfend\u00ader Ver\u00adstand schlafen kann. Vielle\u00adicht waren diese Kopflosen, weib\u00adlichen Fig\u00aduren Med\u00adi\u00adta\u00adtion\u00adshil\u00adfen, um diesen in tiefer Gegen\u00adw\u00e4r\u00adtigkeit ruhen\u00adden Bewusst\u00adsein\u00adszu\u00ads\u00adtand herzustellen. Jeden\u00adfalls erweist sich mir diese Vorstel\u00adlung als hilfreich!<\/p>\n<p>&nbsp;<\/p>\n<h4>Der Sonnenmensch von Tamgaly \u2014 das Aufleuchten der Erkenntnis im Bewusstseins<\/h4>\n<p>Etwas j\u00fcnger als die Venus\u00adfig\u00aduri\u00adnen sind die Steinze\u00adich\u00adnun\u00adgen aus Kasach\u00adstan, die soge\u00adnan\u00adnten Son\u00adnen\u00admen\u00adschen. War bei den weib\u00adlichen Fig\u00aduren vor allem der K\u00f6r\u00adp\u00ader wichtig, so ist es hier der Kopf, an dem ein d\u00fcn\u00adner, eher m\u00e4nnlich\u00ader K\u00f6r\u00adp\u00ader h\u00e4ngt. Diese, aus der Bronzezeit stam\u00admenden Pet\u00adro\u00adglyphen zeigen einen Men\u00adschen, dessen Kopf hell ist. Die Licht-Punk\u00adte im Au\u00dfen kor\u00adre\u00adspondieren mit denen im Kopf. Jede Wahrnehmung im Au\u00dfen l\u00e4sst eine Erken\u00adnt\u00adnis innen aufleucht\u00aden. Jede Idee ist ein leuch\u00adt\u00aden\u00adder Stern. Dieser Men\u00adsch ist ganz erken\u00adnen\u00addes Bewusst\u00adsein, das vere\u00adinzeln, unter\u00adschei\u00adden gel\u00adernt hat und in sich, in sein\u00ader Vorstel\u00adlung, ein Abbild erschaf\u00adfen&nbsp;kann.<\/p>\n<p><img loading=\"lazy\" decoding=\"async\" src=\"https:\/\/www.stellamaris-seelenkalender.de\/wp-content\/uploads\/2021\/06\/Abbildung_4_a_Stellamaris_Seelenkalender_Stellamaris_Angela_Fischer.jpg-244x300.png\" sizes=\"auto, (max-width: 244px) 100vw, 244px\" srcset=\"https:\/\/www.stellamaris-seelenkalender.de\/wp-content\/uploads\/2021\/06\/Abbildung_4_a_Stellamaris_Seelenkalender_Stellamaris_Angela_Fischer.jpg-244x300.png 244w, https:\/\/www.stellamaris-seelenkalender.de\/wp-content\/uploads\/2021\/06\/Abbildung_4_a_Stellamaris_Seelenkalender_Stellamaris_Angela_Fischer.jpg-832x1024.png 832w, https:\/\/www.stellamaris-seelenkalender.de\/wp-content\/uploads\/2021\/06\/Abbildung_4_a_Stellamaris_Seelenkalender_Stellamaris_Angela_Fischer.jpg-768x945.png 768w, https:\/\/www.stellamaris-seelenkalender.de\/wp-content\/uploads\/2021\/06\/Abbildung_4_a_Stellamaris_Seelenkalender_Stellamaris_Angela_Fischer.jpg.png 973w\" alt width=\"244\" height=\"300\"><\/p>\n<h6>Sonnenmensch im Jahreskreis (Tamgaly, Kasachstan, ca 25.000 v.Chr.)<br>\nErkenntnisse sind ein sonnenhaftes Aufstrahlen<\/h6>\n<p>Um Erken\u00adnen zu k\u00f6n\u00adnen, ist sowohl Unter\u00adschei\u00addungsver\u00adm\u00f6\u00adgen (Analyse) als auch Zusam\u00admen\u00adz\u00adu\u00adfas\u00adsung von Einze\u00adlaspek\u00adten (Syn\u00adthese) n\u00f6tig. Die Licht\u00adpunk\u00adte au\u00dfer\u00adhalb des gro\u00dfen Kopfes ver\u00adste\u00adhe ich als die Namen der Dinge, die mit der Wahrnehmung zusam\u00admenge\u00adh\u00f6ren. Die bewusst gebilde\u00adten eige\u00adnen Vorstel\u00adlun\u00adgen leucht\u00aden innen auf. Von diesen nochmals abge\u00adgren\u00adzt ist ein Punkt im Zen\u00adtrum, der wie ein Auge wirkt. Zeigt der Punkt vielle\u00adicht, dass dieser Men\u00adsch sich sein\u00ader selb\u00adst bewusst ist? Dass da jemand ist, der sieht? Die Begriffe sind Sch\u00f6p\u00adfun\u00adgen des Men\u00adschen aus Wahrnehmung und Denken. Der Son\u00adnen\u00admen\u00adsch ist Sch\u00f6pfer und in seinem drit\u00adten Auge ist er sich dessen bewusst. Wirkt es nicht wie der Bren\u00adnpunk der ganzen Umwelt, wie ihre Samen-Bildung?<\/p>\n<p>Die Venus von Wil\u00adlen\u00addorf zeigt uns, wie das Ruhen im Bewusst\u00adsein\u00adsraum der Gegen\u00adw\u00e4r\u00adtigkeit zum Erleben des Jahreskreis\u00ades als Leib der gro\u00dfen G\u00f6t\u00adtin f\u00fchrt. Der Son\u00adnen\u00admen\u00adsch ermutigt uns, zu erken\u00adnen, dass wir Sch\u00f6pfer sind. Wir erschaf\u00adfen mit jed\u00ader Idee leuch\u00adt\u00adende Licht\u00adpunkt-Fis\u00adchchen, die unseren Bewusst\u00adsein\u00adsozean durch\u00adschwim\u00admen.&nbsp; K\u00f6n\u00adnte es sein, dass der Jahres\u00adlauf auch ein Erken\u00adnt\u00adnisor\u00adgan ist, ein gro\u00dfer Spiegel des drit\u00adten&nbsp;Auges?<\/p>\n<p>M\u00f6glicher\u00adweise war in den Anf\u00e4n\u00adgen der Kul\u00adturen\u00adtwick\u00adlung, aus der bei\u00adde Beispiele stam\u00admen, ger\u00adade der Jahreskreis Quelle tief\u00adster Weisheit und all\u00adge\u00adgen\u00adw\u00e4r\u00adtige g\u00f6t\u00adtlich-m\u00fct\u00adter\u00adliche Gegen\u00adwart. Ist es vielle\u00adicht denkbar, dass die Spr\u00fcche des See\u00adlenkalen\u00adders deshalb so kraftvoll und gle\u00adichzeit\u00adig so ver\u00adschlossen sind, weil sie die Kraft der Gro\u00dfen G\u00f6t\u00adtin und die Grund\u00adlage hell\u00adsichtiger Erkenn\u00adnis bergen?<\/p>\n<p>&nbsp;<\/p>\n<p>&nbsp;<\/p>\n\t\t\t<a href=\"https:\/\/www.stellamaris-seelenkalender.de\/?page_id=482\" target=\"_self\" role=\"button\" rel=\"noopener\">\n\t\t\t\t\t\tn\u00e4ch\u00adster Blog-Eintrag&nbsp;<\/a>\n\t\t\t<a href=\"https:\/\/www.stellamaris-seelenkalender.de\/?page_id=136\" target=\"_self\" role=\"button\" rel=\"noopener\">\n\t\t\t\t\t\tzur\u00fcck zur \u00dcbersicht&nbsp;<\/a>\n","protected":false},"excerpt":{"rendered":"<p>h\u00f6ren Was ist eigentlich der \u201cSee\u00adlenkalen\u00adder\u201d? Da kann ich dir eine schnelle und \u00e4u\u00dfer\u00adliche Antwort geben. Doch wenn du eine tiefer\u00adge\u00adhende, wirk\u00adlich-wirk\u00adliche Antwort m\u00f6cht\u00adest, dann komm mit auf eine Reise zu den gro\u00dfen Geheimnis\u00adsen des Lebens. Bist du bere\u00adit? Hier sind die Fak\u00adten f\u00fcr alle, denen die schnelle \u00dcber\u00adsicht reicht: 52 mantrische Spr\u00fcche mit Ostern\u2026<\/p>\n","protected":false},"author":1,"featured_media":0,"parent":0,"menu_order":0,"comment_status":"closed","ping_status":"closed","template":"","meta":{"wp_typography_post_enhancements_disabled":false,"footnotes":""},"class_list":["post-780","page","type-page","status-publish","hentry"],"_links":{"self":[{"href":"https:\/\/www.stellamaris-seelenkalender.de\/index.php?rest_route=\/wp\/v2\/pages\/780","targetHints":{"allow":["GET"]}}],"collection":[{"href":"https:\/\/www.stellamaris-seelenkalender.de\/index.php?rest_route=\/wp\/v2\/pages"}],"about":[{"href":"https:\/\/www.stellamaris-seelenkalender.de\/index.php?rest_route=\/wp\/v2\/types\/page"}],"author":[{"embeddable":true,"href":"https:\/\/www.stellamaris-seelenkalender.de\/index.php?rest_route=\/wp\/v2\/users\/1"}],"replies":[{"embeddable":true,"href":"https:\/\/www.stellamaris-seelenkalender.de\/index.php?rest_route=%2Fwp%2Fv2%2Fcomments&post=780"}],"version-history":[{"count":0,"href":"https:\/\/www.stellamaris-seelenkalender.de\/index.php?rest_route=\/wp\/v2\/pages\/780\/revisions"}],"wp:attachment":[{"href":"https:\/\/www.stellamaris-seelenkalender.de\/index.php?rest_route=%2Fwp%2Fv2%2Fmedia&parent=780"}],"curies":[{"name":"wp","href":"https:\/\/api.w.org\/{rel}","templated":true}]}}