{"id":69,"date":"2021-04-16T22:02:57","date_gmt":"2021-04-16T20:02:57","guid":{"rendered":"https:\/\/www.stellamaris-seelenkalender.de\/?page_id=69"},"modified":"2021-11-30T17:22:56","modified_gmt":"2021-11-30T16:22:56","slug":"ueber-mich-mein-weg-zum-seelenkalender","status":"publish","type":"page","link":"https:\/\/www.stellamaris-seelenkalender.de\/?page_id=69","title":{"rendered":"Ueber mich \u2014 Mein Weg zum Seelenkalender"},"content":{"rendered":"\n\n\t\t\t\t<img loading=\"lazy\" decoding=\"async\" src=\"https:\/\/www.stellamaris-seelenkalender.de\/wp-content\/uploads\/2021\/11\/Fruehling-200x300.jpg\" alt=\"Fr\u00fchling\" itemprop=\"image\" height=\"300\" width=\"200\" title=\"Fr\u00fchling\" onerror=\"this.style.display='none'\">\n\t<h6><strong>Abbildung<\/strong><\/h6>\n<h6>Angela Fischer<\/h6>\n<p>&nbsp;<\/p>\n<p>&nbsp;<\/p>\n\t\t\t\t<img decoding=\"async\" src=\"https:\/\/lite.demos.wpbeaverbuilder.com\/wp-content\/uploads\/sites\/28\/2020\/02\/photo-1558274648-ed2612502ba9-edited-1.jpg\" alt itemprop=\"image\" onerror=\"this.style.display='none'\">\n\t\t\t\t<img decoding=\"async\" src=\"https:\/\/lite.demos.wpbeaverbuilder.com\/wp-content\/uploads\/sites\/28\/2020\/02\/photo-1558274648-ed2612502ba9-edited-1.jpg\" alt itemprop=\"image\" onerror=\"this.style.display='none'\">\n<h2>\n\t\tMein Weg zum Seelenkalender&nbsp;<\/h2>\n\t<p><em>\u2026 Geschenk: Zum Jahres\u00adbe\u00adginn 2014 bekam ich den See\u00adlenkalen\u00adder mit seinen 52 Spr\u00fcchen f\u00fcr die Wochen des Jahres als kleines B\u00fcch\u00adlein geschenkt. Dieses Geschenk begleit\u00adete die Frage, ob darin nicht etwas ver\u00adbor\u00adgen sei, um den Jahres\u00adlauf als achte Kun\u00adst zu ver\u00adste\u00adhen. Wir besch\u00e4ftigten uns damals mit dem Buch \u201eDer Jahreskreis\u00adlauf und die 7 K\u00fcn\u00adste\u201d von Sergej Prokofi\u00adeff (1994), indem das Leben mit dem Jahres\u00adlauf als achte Kun\u00adst beschrieben wird. Mit dieser Frage begann meine Suchbewegung.<\/em><\/p>\n<p><em>Leben mit dem See\u00adlenkalen\u00adder<\/em>: Ich begann, die Spr\u00fcche Woche f\u00fcr Woche zu lesen. Ich lie\u00df mich \u00fcber\u00adraschen, welche Sig\u00adnatur die neue Woche haben w\u00fcrde. Immer wieder fand ich, dass der Spruch ger\u00adade die Essenz von dem aus\u00addr\u00fcck\u00adte, worum es in dieser Woche in meinem Leben wirk\u00adlich ging. Das ist bis heute so. Ich bekam das Gef\u00fchl, das ich durch den Wech\u00adsel der Wochen im Jahr 52 ver\u00adschiede\u00adnen M\u00e4cht\u00aden begeg\u00adne, die in der Welt und in mir wirken. Der Atem der Zeit begann durch die Spr\u00fcche mit mir zu kommunizieren.<\/p>\n\t\t\t\t\n\t\t\t<p><em>Die Fra\u00adgen:<\/em> Nun wurde es f\u00fcr mich immer dr\u00e4n\u00adgen\u00adder, den Auf\u00adbau des Gesamtwerks genauer zu ver\u00adste\u00adhen, um daraus einen Zugang zu den einzel\u00adnen Spr\u00fcchen zu gewin\u00adnen. Zwei Fra\u00adgen stell\u00adten&nbsp;sich:<\/p>\n<ol>\n<li>Warum hat\u00adte Rudolf Stein\u00ader den See\u00adlenkalen\u00adder so angelegt, dass immer drei Spr\u00fcche zusam\u00admenge\u00adh\u00f6ren? Zwei Spr\u00fcche sind gram\u00admatikalisch aufeinan\u00adder bezo\u00adgen, der dritte gesellt sich durch den gle\u00adichen Buch\u00adstaben hinzu (mehr dazu unter: Die Struk\u00adtur des See\u00adlenkalen\u00adders und Die Drei\u00adheit der Spr\u00fcche).<\/li>\n<li>Welch\u00ades sind die drei Spr\u00fcche, die in ein\u00ader Stim\u00admung gehal\u00adten sind, so wie Rudolf Stein\u00ader es erw\u00e4h\u00adnt, die also zeitlich aufeinan\u00adder folgen?<\/li>\n<\/ol>\n<p><em>Die Antworten:<\/em> Die Antworten kamen manch\u00admal schnell, wie ein Blitz oder langsam, Puz\u00adzleteil f\u00fcr Puz\u00adzleteil. Immer waren sie ein Geschenk nach ein\u00ader lan\u00adgen, inten\u00adsiv\u00aden Zeit des inneren Bewe\u00adgens und Bebr\u00fctens der&nbsp;Frage.<\/p>\n<p>Die Antwort der ersten Frage leuchtete pl\u00f6t\u00adzlich mit\u00adten im All\u00adt\u00adag vor mir auf: Es gibt drei miteinan\u00adder ver\u00adlink\u00adte Spr\u00fcche, weil auch die Seele drei\u00adgliedrig ist. So wie in der Seele Denken, F\u00fchlen und Wollen stets zusam\u00admen\u00adwirken, geh\u00f6ren im See\u00adlenkalen\u00adder immer drei Spr\u00fcche zusam\u00admen. Erst ihre gemein\u00adsame Aus\u00adsage f\u00fchrt in das sich w\u00f6chentlich wan\u00addel\u00adnde Wesen der Seele. Nur wenn ich im Mit\u00adtelpunkt mein\u00ader Seele ste\u00adhe und F\u00fchlen, Denken und Wille mich als Kr\u00e4fte umgeben, bin ich frei, sie zu hand\u00adhaben. In 52 Vari\u00ada\u00adtio\u00adnen kann ich ihr Zusam\u00admen\u00adspiel im Jahres\u00adlauf durch die Wochen\u00adspr\u00fcche beobacht\u00aden. Erst indem ich ihren Dreik\u00adlang h\u00f6re, ihre Span\u00adnung erlebe, kann ich im Zwis\u00adchen\u00adraum ahnen, worum es hier wirk\u00adlich f\u00fcr die Seele geht. Diese Erken\u00adnt\u00adnis f\u00fchrte zu der Entschei\u00addung, for\u00adt\u00adan Woche f\u00fcr Woche Noti\u00adzen zu den jew\u00adeili\u00adgen drei Spr\u00fcchen zu machen.<\/p>\n<p>Die zweite Frage fand ihre Antwort schle\u00adichend. Nach\u00addem ich mehrere Jahre dem Studi\u00adum der drei ver\u00adlink\u00adten Spr\u00fcche gewid\u00admet hat\u00adte, wurde mir die Zeit als ein Flie\u00dfen, das keine star\u00adren Gren\u00adzen duldet, immer erleb\u00adbar\u00ader. Die drei aufeinan\u00adder fol\u00adgen\u00adden Spr\u00fcche ein\u00ader Stim\u00admung m\u00fcssen diesem lebendi\u00adgen Zeit\u00aden\u00adstrom entsprechen. Jed\u00ader der 52 Spr\u00fcche ver\u00adlei\u00adht ein\u00ader eige\u00adnen Zeitqual\u00adit\u00e4t Worte, die sich jede Woche neu und anders ins Leben ergie\u00dft. Doch jed\u00ader Impuls ergie\u00dft sich in dreifach\u00ader Weise: in die Zukun\u00adft, die Gegen\u00adwart und die Ver\u00adgan\u00adgen\u00adheit. Der Zeitim\u00adpuls bere\u00adit\u00adet sich eine Woche lang vor, in der n\u00e4ch\u00adsten kul\u00adminiert er und in der fol\u00adgen\u00adden vol\u00adlen\u00addet er sich. Der Spruch der Woche muss immer als der mit\u00adtlere von drei Spr\u00fcchen betra\u00adchtet wer\u00adden. Sein Zeit-Impuls wird erst sicht\u00adbar, wenn die Vor\u00adbere\u00aditung im vorherge\u00adhen\u00adden Wochen\u00adspruch gesucht wird, die Vol\u00adlen\u00addung im fol\u00adgen\u00adden Spruch. Dadurch ver\u00adweben sich die 52 Zeit-Impulse in den Wochen\u00adspr\u00fcchen miteinander.<\/p>\n\t\t\t<a href=\"https:\/\/www.stellamaris-seelenkalender.de\/?page_id=30#Methoden\" target=\"_self\" role=\"button\" rel=\"noopener\">\n\t\t\t\t\t\tn\u00e4ch\u00adstes Kapitel&nbsp;<\/a>\n\t\t\t<a href=\"https:\/\/www.stellamaris-seelenkalender.de\/?page_id=30\" target=\"_self\" role=\"button\" rel=\"noopener\">\n\t\t\t\t\t\tzur\u00fcck zur \u00dcbersicht&nbsp;<\/a>\n\n","protected":false},"excerpt":{"rendered":"<p>Abbil\u00addung Angela Fis\u00adch\u00ader &nbsp; &nbsp; Mein Weg zum See\u00adlenkalen\u00adder \u2026 Geschenk: Zum Jahres\u00adbe\u00adginn 2014 bekam ich den See\u00adlenkalen\u00adder mit seinen 52 Spr\u00fcchen f\u00fcr die Wochen des Jahres als kleines B\u00fcch\u00adlein geschenkt. Dieses Geschenk begleit\u00adete die Frage, ob darin nicht etwas ver\u00adbor\u00adgen sei, um den Jahres\u00adlauf als achte Kun\u00adst zu ver\u00adste\u00adhen. Wir besch\u00e4ftigten uns damals mit\u2026<\/p>\n","protected":false},"author":1,"featured_media":0,"parent":0,"menu_order":0,"comment_status":"closed","ping_status":"closed","template":"","meta":{"wp_typography_post_enhancements_disabled":false,"footnotes":""},"class_list":["post-69","page","type-page","status-publish","hentry"],"_links":{"self":[{"href":"https:\/\/www.stellamaris-seelenkalender.de\/index.php?rest_route=\/wp\/v2\/pages\/69","targetHints":{"allow":["GET"]}}],"collection":[{"href":"https:\/\/www.stellamaris-seelenkalender.de\/index.php?rest_route=\/wp\/v2\/pages"}],"about":[{"href":"https:\/\/www.stellamaris-seelenkalender.de\/index.php?rest_route=\/wp\/v2\/types\/page"}],"author":[{"embeddable":true,"href":"https:\/\/www.stellamaris-seelenkalender.de\/index.php?rest_route=\/wp\/v2\/users\/1"}],"replies":[{"embeddable":true,"href":"https:\/\/www.stellamaris-seelenkalender.de\/index.php?rest_route=%2Fwp%2Fv2%2Fcomments&post=69"}],"version-history":[{"count":0,"href":"https:\/\/www.stellamaris-seelenkalender.de\/index.php?rest_route=\/wp\/v2\/pages\/69\/revisions"}],"wp:attachment":[{"href":"https:\/\/www.stellamaris-seelenkalender.de\/index.php?rest_route=%2Fwp%2Fv2%2Fmedia&parent=69"}],"curies":[{"name":"wp","href":"https:\/\/api.w.org\/{rel}","templated":true}]}}