{"id":482,"date":"2021-07-02T10:23:27","date_gmt":"2021-07-02T08:23:27","guid":{"rendered":"https:\/\/www.stellamaris-seelenkalender.de\/?page_id=482"},"modified":"2022-02-28T23:20:12","modified_gmt":"2022-02-28T22:20:12","slug":"blog-beitrag-2","status":"publish","type":"page","link":"https:\/\/www.stellamaris-seelenkalender.de\/?page_id=482","title":{"rendered":"Blog \u2014 Beitrag 2"},"content":{"rendered":"\n<h2>\n\t\tDas wahre und das h\u00f6here Selbst f\u00fcr Materialisten erkl\u00e4rt&nbsp;<\/h2>\n\t\t\t<a href target=\"_self\" role=\"button\" rel=\"noopener\">\n\t\t\t\t\t\th\u00f6ren&nbsp;<\/a>\n\t<h4><strong>\u2026 Willst du vom Ahnen zum Sehen fortschreiten?<br>\n<\/strong><\/h4>\n<h4>Wir sind nur die eine H\u00e4lfte!<\/h4>\n<p>Dann mache dir fol\u00adgen\u00addes klar: Jed\u00ader Men\u00adsch ist aus der Vere\u00adini\u00adgung von Ei- und Samen\u00adzelle ent\u00adstanden. Alles, was sich aus dieser Vere\u00adini\u00adgung bildet, ist die Ganzheit des Men\u00adschen. Solange das Baby im Mut\u00adter\u00adleib ist, lebt es in dieser Voll\u00adst\u00e4ndigkeit. Doch als diese Ganzheit gehen wir nicht durchs Leben. Geboren wer\u00adden wir als halbe Men\u00adschen. Unsere Eih\u00e4ute, die Nabelschnur und die Plazen\u00adta, die sich so wie unser K\u00f6r\u00adp\u00ader aus der befruchteten Eizelle entwick\u00adelt haben, ster\u00adben bei der Geburt. Unsere Fruchth\u00fcllen, die bis dahin unseren Umkreis bilde\u00adten und auch die Plazen\u00adta, die Quelle unser\u00ader Lebensen\u00adergie, erf\u00fcllen for\u00adt\u00adan diese Funk\u00adtion nicht mehr. Sie fall\u00aden aus dem Zusam\u00admen\u00adhang mit uns und ster\u00adben. Die Ganzheit, die wir noch im Mut\u00adter\u00adleib waren, hat sich geteilt in den uns wohl bekan\u00adnten K\u00f6r\u00adp\u00ader, in dem wir leben und den anderen Teil von uns, der mit der Geburt stirbt. Doch nur mit diesen Orga\u00adnen waren wir wirk\u00adlich voll\u00adst\u00e4ndig! Zu uns geh\u00f6rt tat\u00ads\u00e4ch\u00adlich von Geburt an ein Teil, der schon gestor\u00adben ist. Diese H\u00e4lfte von uns ist schon am Ziel. Wir sind dage\u00adgen das ganze Leben auf dem Weg dor\u00adthin, denn jed\u00ader lebende K\u00f6r\u00adp\u00ader steuert auf den Tod zu. Dann wer\u00adden bei\u00adde H\u00e4lften von uns wieder im gle\u00adichen Zus\u00adtand sein \u2014 dann wer\u00adden wir wieder Eins sein mit dieser anderen H\u00e4lfte.<\/p>\n<h4>Das Unterbewusstsein wei\u00df das schon&nbsp;lange!<\/h4>\n<p>Auch wenn unser All\u00adt\u00adagsver\u00adstand uns einre\u00adden will, dass wir unser K\u00f6r\u00adp\u00ader sind, wis\u00adsen wir unter\u00adbe\u00adwusst doch alle, dass das nicht stimmt. Wir sind von Sehn\u00adsucht getrieben, von der Ahnung, dass uns etwas fehlt. Wir alle sind auf der Suche nach Erf\u00fcl\u00adlung und Gl\u00fcck, nach dem Gef\u00fchl von Ganzheit und Gebor\u00adgen\u00adheit. Unbe\u00adwusst wis\u00adsen wir, dass wir nur halb sind. Wir sehnen uns nach dieser anderen H\u00e4lfte, streben nach dem Eins-Sein mit uns, nach der Vol\u00adlkom\u00admen\u00adheit. Es ist die Sehn\u00adsucht nach unserem h\u00f6heren oder wahren Selb\u00adst, ob wir uns dessen bewusst sind oder nicht. Unser wahres und h\u00f6heres Selb\u00adst ist der Teil von uns, der bei der Geburt gestor\u00adben ist, der uns vor\u00adange\u00adgan\u00adgen&nbsp;ist.<\/p>\n<h4>Wie finde ich mein wahres Selbst im&nbsp;Leben?<\/h4>\n<p>Es ist also an der Zeit, Auss\u00adchau zu hal\u00adten nach dem Geist gewor\u00adde\u00adnen Teil unseres Wesens. Unsere Sehn\u00adsucht sagt uns deut\u00adlich, dass dieser Teil bei der Geburt nicht im Nichts ver\u00adschwun\u00adden ist. Er ist vorhan\u00adden in trans\u00adformiert\u00ader Form. Die dama\u00adli\u00adgen Auf\u00adgaben von Plazen\u00adta und Fruchth\u00fcllen, die nun Geist gewor\u00adden sind, sollen helfen, diese Organe in ihrem neuen Zus\u00adtand aufzufinden.<\/p>\n<p>Schauen wir zur\u00fcck zu der Zeit im Mut\u00adter\u00adleib: Die Fruchth\u00fclle bildete mit dem Frucht\u00adwass\u00ader unser Umfeld, die Plazen\u00adta war unsere Quelle von Lebensen\u00adergie. Was erf\u00fcllt jet\u00adzt die Auf\u00adgaben von Umkreis und Quelle? Sobald wir geboren sind, leben wir nicht\u00admehr abgeschlossen in einem eige\u00adnen Uni\u00adver\u00adsum. (Nat\u00fcr\u00adlich wei\u00df ich, dass auch das Unge\u00adborene in stetiger Kom\u00admu\u00adnika\u00adtion ist mit der Mut\u00adter und auch auf die Ein\u00adfl\u00fcsse der Au\u00dfen\u00adwelt reagiert. Es geht mir hier um den prinzip\u00adiellen Unter\u00adschied zu der Zeit nach der Geburt.) Mit der Geburt treten wir auf neue und viel unmit\u00adtel\u00adbarere Art in Kon\u00adtakt mit den Mit\u00admen\u00adschen. Mit dem Her\u00adanwach\u00adsen ler\u00adnen wir, die sozialen Inter\u00adak\u00adtio\u00adnen immer mehr zu gestal\u00adten. Wir wer\u00adden zu einem immer selb\u00adst\u00adbe\u00adwussteren, aktiv\u00aderen, sozialen Wesen. Unser soziales Umfeld, die Men\u00adschen um uns herum, sind die Empf\u00e4nger unser\u00ader Hand\u00adlun\u00adgen. Sie treten in Res\u00ado\u00adnanz mit uns und antworten uns im engeren und \u00fcber\u00adtra\u00adge\u00adnen Sinn; sie spiegeln uns \u2014 und wir uns in ihnen. Sie bilden nun dieses Umfeld, dass ehe\u00addem Fruchth\u00fcllen und Frucht\u00adwass\u00ader bilde\u00adten. Nun wird auch ver\u00adst\u00e4ndlich, dass wir im Gegen\u00fcber uns sel\u00adber erken\u00adnen k\u00f6n\u00adnen. Es ist ein Aspekt unsers wahren Selb\u00adst, das immer dort mit\u00adspricht, wo wir Res\u00ado\u00adnanz erfahren, wo unser Umfeld auf uns reagiert. Die physis\u00adche Grund\u00adlage hierzu sind die Spiegel\u00adneu\u00adro\u00adnen im Gehirn. Sie lassen uns nicht nur ahnend erken\u00adnen, wie sich unser Gegen\u00fcber wirk\u00adlich f\u00fchlt, son\u00addern erm\u00f6glichen es auch dem Anderen, die Wahrheit \u00fcber unser Inneres auszu\u00addr\u00fcck\u00aden. Nicht nur die Pro\u00adjek\u00adtio\u00adnen, die wir durch unsere Inter\u00adpre\u00adta\u00adtion der Reak\u00adtio\u00adnen her\u00advor\u00adbrin\u00adgen, sind Botschaften unseres h\u00f6heren Selb\u00adst, son\u00addern auch alle Hand\u00adlun\u00adgen der Mit\u00admen\u00adschen selber.<\/p>\n<p>Unser Umfeld, mit dem wir inter\u00adagieren, ist \u00fcber die Mit\u00admen\u00adschen hin\u00adaus die ganze belebte und unbelebte Natur. Mut\u00adter Erde erm\u00f6glicht uns all die Sin\u00adneser\u00adfahrun\u00adgen, tr\u00e4gt uns und gibt uns den Raum \u2014 ganz wie damals unsere Mutter.<\/p>\n<h4>Die Quelle meiner Lebenskraft \u2014 das h\u00f6here Selbst<\/h4>\n<p>Unsere vergeistigten Fruchth\u00fcllen sind also unser sozialer und erweit\u00adert auch unser r\u00e4um\u00adlich\u00ader Umkreis \u2014 unser wahres Selb\u00adst. Doch wo find\u00aden wir die Plazen\u00adta, die Quelle unser\u00ader Leben\u00adskraft wieder? Wie sieht ihre Trans\u00adfor\u00adma\u00adtion aus und die der dazuge\u00adh\u00f6ri\u00adgen Nabelschnur? Sich\u00ader, wir ern\u00e4hren uns und atmen, doch das ist nicht Quelle der Leben\u00adskraft. Pflanzen und Tiere geben uns ihre Leben\u00adskraft lediglich weit\u00ader, Quelle sind sie&nbsp;nicht.<\/p>\n<p>Alles Leben ist Entwick\u00adlung, Wach\u00ads\u00adtum und Reifen. Diese Prozesse ben\u00f6ti\u00adgen Zeit. Ohne die Exis\u00adtenz von Zeit w\u00e4re Leben undenkbar. Die Zeit ist die Quelle allen Lebens auf der Erde. Aus der Quelle der Zeit str\u00f6mt auch unsere indi\u00advidu\u00adelle Leben\u00adszeit \u2014 unsere Leben\u00adskraft. Bin ich in der Gegen\u00adwart pr\u00e4sent, bin ich in Gegen\u00adw\u00e4r\u00adtigkeit wach, so sp\u00fcre ich meine Verbindung mit dieser Quelle unmit\u00adtel\u00adbar. Ich bin gen\u00e4hrt in F\u00fclle. Gegen\u00adw\u00e4r\u00adtigkeit ist Nabelschnur, Anbindung an die Quelle. Die Plazen\u00adta war die Quelle meines Lebens im Mut\u00adter\u00adleib. Ihre Funk\u00adtion ist \u00fcberge\u00adgan\u00adgen auf die Quelle allen Lebens, auf die Zeit. Aus mein\u00ader vergeistigten Plazen\u00adta str\u00f6mt mir mit dem Strom der Zeit meine Leben\u00adszeit zu, mein Schick\u00adsal. Zeit wird all\u00adge\u00admein als eine h\u00f6here Dimen\u00adsion ange\u00adse\u00adhen als der Raum, denn die Zeit ver\u00e4n\u00addert den Raum. Im Jahres\u00adlauf bewirkt die Zeit das Wach\u00adsen und Reifen. In der mir zugemesse\u00adnen Zeit, in der sich mein Schick\u00adsal ent\u00adfal\u00adtet, kann ich mein h\u00f6heres Selb\u00adst erkennen.<\/p>\n<p>Reli\u00adgion bedeutet ein\u00adfach R\u00fcck\u00adan\u00adbindung, die geistige Nabelschnur zu mein\u00ader vergeistigten Plazen\u00adta, mein\u00ader Quelle. Betra\u00adchte ich dieses physis\u00adche Organ, erin\u00adnert es an eine Sonne \u2014 oder mit der Nabelschnur als Stamm an einen Baum, den Baum des Lebens.<\/p>\n<h4>\u201eZum Raum wird hier die&nbsp;Zeit\u201d<\/h4>\n<p>Unser Umraum, die Mit\u00admen\u00adschen und die Natur um uns, unser Feld, wie es auch genan\u00adnt wird, k\u00f6n\u00adnen wir als unser wahres Selb\u00adst betra\u00adcht\u00aden. Es ist der Ist-Zus\u00adtand, die Gegen\u00adwart. Das wahre Selb\u00adst offen\u00adbart uns die Wahrheit \u00fcber uns genau jet\u00adzt. Die Zeit dage\u00adgen ist eine h\u00f6here Macht. Sie wirkt auf den Raum ein, ver\u00e4n\u00addert ihn und l\u00e4sst Entwick\u00adlung geschehen. Sie bringt das ganz Neue, die Zukun\u00adft in den Raum. Sie ist das h\u00f6here Selb\u00adst. Das wahre und das h\u00f6here Selb\u00adst man\u00adi\u00adfestieren sich in ver\u00adschiede\u00adnen Orga\u00adnen und doch sind sie nur zwei Aspek\u00adte von Einem, von meinem Geist-Selb\u00adst. Nie gibt es Zeit ohne Raum und Raum ohne Zeit, jeden\u00adfalls nicht f\u00fcr Lebe\u00adwe\u00adsen wie wir sie&nbsp;sind.<\/p>\n<p>Die Beziehung von Zeit und Raum ist wech\u00adsel\u00adseit\u00adig. Zeit wirkt im Raum, wie schon beschrieben \u2014 und Raum wirkt in der Zeit. Zeitr\u00e4ume entste\u00adhen als zusam\u00admenge\u00adh\u00f6rig erlebte Zeit-Inter\u00advalle. Jed\u00ader Augen\u00adblick, der bewusst erlebt wird, l\u00e4sst einen Bewusst\u00adsein\u00adsraum entste\u00adhen. Hier wird die Zeit zum Raum, zur Zeit\u00adlosigkeit. Das ist das Nadel\u00f6hr zur Ewigkeit. Wenn die Zeit zum Raum wird, offen\u00adbart sie ihr Geheim\u00adnis der Ewigkeit. Richard Wag\u00adn\u00ader l\u00e4sst Gurne\u00admanz zu Par\u00adsi\u00adfal sagen, als sie auf dem Weg zur Grals\u00adburg sind: \u201eDu siehst, mein Sohn, zum Raum wird hier die Zeit.\u201d Der Weg zum heili\u00adgen Gral, der wun\u00addert\u00e4ti\u00adgen, Leben spenden\u00adden Schale, ist der Weg von der im nor\u00admalen Bewusst\u00adsein lin\u00adear flie\u00dfen\u00adden Zeit zum Raum der Ewigkeit \u2014 zum Geist-Selb\u00adst, der Vere\u00adini\u00adgung von wahrem und h\u00f6herem Selbst.<\/p>\n<h4>Das offenbare Geheimnis des Jahreskreises<\/h4>\n<p>Der Jahres\u00adlauf als Ganzes ist unsicht\u00adbar, er ist die Idee des Kreis\u00adlaufs. Er erscheint im inneren Bild als Jahreskreis. Auch der Hor\u00adi\u00adzon\u00adtkreis ist rund, wenn nichts die Sicht ver\u00adstellt. Der Betra\u00adchter ste\u00adht im Mit\u00adtelpunkt. Eben\u00adso rund ist mein Bewusst\u00adsein\u00adsraum, wenn ich in der Gegen\u00adw\u00e4r\u00adtigkeit ruhe. Meine Aufmerk\u00adsamkeit und damit meine innere Sicht bre\u00adit\u00adet sich gle\u00adich\u00adm\u00e4\u00dfig in alle Rich\u00adtun\u00adgen um mich herum aus. Der Bewusst\u00adsein\u00adsraum der Gegen\u00adw\u00e4r\u00adtigkeit ist die kleine Zeit\u00adein\u00adheit, der Jahres\u00adlauf die gro\u00dfe. Sie entsprechen sich \u2014 so im Kleinen wie im Gro\u00dfen. Im Jahres\u00adlauf wird der Bewusst\u00adsein\u00adsraum wie durch eine Lupe anschaubar. Mehr noch, er ist das Urbild des Seelenraums.<\/p>\n<h4>Das Seelenhologramm \u2014 Footprint deines Geist-Selbst<\/h4>\n<p>Mein wahres Selb\u00adst habe ich in meinem Umkreis gefun\u00adden, der mir im Raum mein\u00ader Gegen\u00adw\u00e4r\u00adtigkeit bewusst wird. Mein h\u00f6heres Selb\u00adst habe ich in der Quelle der Zeit gefun\u00adden, die sich im Jahres\u00adlauf abbildet. Wir alle sind in ein\u00ader bes\u00adtimmten Woche im Jahr, an einem Punkt des Jahreskreis\u00ades geboren. Im Moment der Geburt und dem Ster\u00adben unser\u00ader vorge\u00adburtlichen Organe, der Plazen\u00adta und der Fruchth\u00fcllen, wer\u00adden diese zu unserem Geist\u00adselb\u00adst mit den zwei Aspek\u00adten, dem wahren und dem h\u00f6heren Selb\u00adst. In dem Moment der Tren\u00adnung, wenn wir von ein\u00ader vorge\u00adburtlich leben\u00adden Ganzheit zu ein\u00ader leben\u00adden und ein\u00ader vergeistigten H\u00e4lfte wer\u00adden, dr\u00fcckt uns der geistige Teil von uns sein Siegel auf, pr\u00e4gt uns bildlich gesprochen seinen Fu\u00dfab\u00addruck zum Abschied ein. Im See\u00adlen\u00adraum bleibt dieser Fu\u00dfab\u00addruck unseres Geist-Selb\u00adst leben\u00adlang sicht\u00adbar und bezeugt die Exis\u00adtenz unser\u00ader geisti\u00adgen H\u00e4lfte. Er gibt unser\u00ader Seele ihre spezielle F\u00e4r\u00adbung und ihre beson\u00addere Art der Verbindung mit dem Geistigen.<\/p>\n<p>Die 52 Mantren des See\u00adlenkalen\u00adders von Rudolf Stein\u00ader sind Spr\u00fcche, die zu den Wochen im Jahr geh\u00f6ren. Sie sind Tore in die Ewigkeit. Sie k\u00f6n\u00adnen uns zu unserem Geist-Selb\u00adst f\u00fchren, sie geben ihm eine Stimme. Ihre Sprache ist, obwohl auf Deutsch ver\u00adfasst, dem Intellekt kaum zug\u00e4nglich. Sie sind auf \u201eseel\u00adisch\u201d geschrieben, wie ich zu sagen pflege.<\/p>\n<p>Wenn du dem Foot\u00adprint deines Geist-Selb\u00adst, dein\u00ader Blau\u00adpause, begeg\u00adnen willst, dann lerne dein See\u00adlen\u00adholo\u00adgramm ken\u00adnen. Du erh\u00e4lst deine See\u00adlenkalen\u00adder-Spr\u00fcche zusam\u00admen mit ein\u00ader Darstel\u00adlung ihrer Lage im Jahres\u00adlauf f\u00fcr deine med\u00adi\u00adta\u00adtive Prax\u00adis. Im dazuge\u00adh\u00f6ri\u00adgen Zoom-Gespr\u00e4ch beant\u00adworte ich dir deine Fra\u00adgen und ich begleite ich dich anhand dieser Spr\u00fcche in deinen See\u00adlen\u00adraum. Wir erkun\u00adden gemein\u00adsam, welche Botschaft sie f\u00fcr dich&nbsp;haben.<\/p>\n<p>Als Voraus\u00adset\u00adzung brauchst du nur Offen\u00adheit und Neugi\u00ader. Du wirst dadurch eine&nbsp; Begeg\u00adnung mit deinem Geist-Selb\u00adst&nbsp;haben.<\/p>\n<p>Auf mein\u00ader Web\u00adseite unter \u201cBegleitung\u201d find\u00adest du mein Ange\u00adbot zum Seelenhologramm<\/p>\n<p>&nbsp;<\/p>\n\t\t\t<a href=\"https:\/\/www.stellamaris-seelenkalender.de\/?page_id=772\" target=\"_self\" role=\"button\" rel=\"noopener\">\n\t\t\t\t\t\tn\u00e4ch\u00adster Blog-Eintrag&nbsp;<\/a>\n\t\t\t<a href=\"https:\/\/www.stellamaris-seelenkalender.de\/?page_id=136\" target=\"_self\" role=\"button\" rel=\"noopener\">\n\t\t\t\t\t\tzur\u00fcck zur \u00dcbersicht&nbsp;<\/a>\n\n","protected":false},"excerpt":{"rendered":"<p>Das wahre und das h\u00f6here Selb\u00adst f\u00fcr Mate\u00adri\u00adal\u00adis\u00adten erk\u00adl\u00e4rt h\u00f6ren \u2026 Willst du vom Ahnen zum Sehen fortschre\u00adit\u00aden? Wir sind nur die eine H\u00e4lfte! Dann mache dir fol\u00adgen\u00addes klar: Jed\u00ader Men\u00adsch ist aus der Vere\u00adini\u00adgung von Ei- und Samen\u00adzelle ent\u00adstanden. Alles, was sich aus dieser Vere\u00adini\u00adgung bildet, ist die Ganzheit des Men\u00adschen. Solange das&nbsp;Baby\u2026<\/p>\n","protected":false},"author":1,"featured_media":0,"parent":0,"menu_order":0,"comment_status":"closed","ping_status":"closed","template":"","meta":{"wp_typography_post_enhancements_disabled":false,"footnotes":""},"class_list":["post-482","page","type-page","status-publish","hentry"],"_links":{"self":[{"href":"https:\/\/www.stellamaris-seelenkalender.de\/index.php?rest_route=\/wp\/v2\/pages\/482","targetHints":{"allow":["GET"]}}],"collection":[{"href":"https:\/\/www.stellamaris-seelenkalender.de\/index.php?rest_route=\/wp\/v2\/pages"}],"about":[{"href":"https:\/\/www.stellamaris-seelenkalender.de\/index.php?rest_route=\/wp\/v2\/types\/page"}],"author":[{"embeddable":true,"href":"https:\/\/www.stellamaris-seelenkalender.de\/index.php?rest_route=\/wp\/v2\/users\/1"}],"replies":[{"embeddable":true,"href":"https:\/\/www.stellamaris-seelenkalender.de\/index.php?rest_route=%2Fwp%2Fv2%2Fcomments&post=482"}],"version-history":[{"count":0,"href":"https:\/\/www.stellamaris-seelenkalender.de\/index.php?rest_route=\/wp\/v2\/pages\/482\/revisions"}],"wp:attachment":[{"href":"https:\/\/www.stellamaris-seelenkalender.de\/index.php?rest_route=%2Fwp%2Fv2%2Fmedia&parent=482"}],"curies":[{"name":"wp","href":"https:\/\/api.w.org\/{rel}","templated":true}]}}