{"id":347,"date":"2021-06-14T21:53:29","date_gmt":"2021-06-14T19:53:29","guid":{"rendered":"https:\/\/www.stellamaris-seelenkalender.de\/?page_id=347"},"modified":"2023-07-01T21:05:47","modified_gmt":"2023-07-01T19:05:47","slug":"stellamaris-teachings","status":"publish","type":"page","link":"https:\/\/www.stellamaris-seelenkalender.de\/?page_id=347","title":{"rendered":"Stellamaris-Teachings"},"content":{"rendered":"\n<h2>\n\t\tStellamaris-Teachings:\t\tDurch den Seelenkalender geistige Klarsicht entwickeln&nbsp;<\/h2>\n\t\t\t<a href=\"https:\/\/www.stellamaris-seelenkalender.de\/?page_id=99\" target=\"_self\" rel=\"noopener\">\n\t\t\t\t\t\th\u00f6ren&nbsp;<\/a>\n\t<p><img loading=\"lazy\" decoding=\"async\" src=\"https:\/\/www.stellamaris-seelenkalender.de\/wp-content\/uploads\/2021\/06\/Abbildung_Angebote_2_Seelenkalender_Stellamaris_Angela_Fischer-172x300.jpg\" alt width=\"172\" height=\"300\"><\/p>\n<h6><strong>Abbildung <\/strong><\/h6>\n<h6>Spiegel, M\u00e4dchen mit Papyrusdolde, \u00e4gyptisch, 1550 \u2014 1400 v. Chr. (Postkarte)<\/h6>\n<p>\u2026 Dadurch ver\u00adschwand die alte Hell\u00adsichtigkeit mehr und mehr. Je klar\u00ader und heller das Tages\u00adbe\u00adwusst\u00adsein der Men\u00adschen wurde, um so vernebel\u00adter und dun\u00adkler wurde das Bewusst\u00adsein f\u00fcr die geisti\u00adgen Wahrheit\u00aden. Die Kunde von der Geist\u00adwelt und der Wege dahin, wie sie uns in den alten Weisheit\u00adstra\u00addi\u00adtio\u00adnen \u00fcber\u00adliefert ist, wurde immer unver\u00adst\u00e4ndlich\u00ader. Das \u00e4nderte sich durch den Beginn ein\u00ader neuen Zeit, der Zeit der begin\u00adnen\u00adden R\u00fcck\u00aderin\u00adnerung, in der wir heute&nbsp;leben.<\/p>\n<p>Viele suchen den Weg zu \u00fcbersinnlich\u00ader Wahrnehmung nun durch die R\u00fcckbesin\u00adnung auf das Gef\u00fchl und hal\u00adten das Denken f\u00fcr ungeeignet. Wer aber einen Weg hin\u00adter den Sin\u00adnen\u00adschleier sucht, ohne die Errun\u00adgen\u00adschaft klaren, logis\u00adchen Denkens ger\u00ading zu acht\u00aden, der find\u00adet im See\u00adlenkalen\u00adder ein objek\u00adtives Werkzeug zur geisti\u00adgen Erken\u00adnt\u00adnis, dass anschaulich in die h\u00f6ch\u00adsten H\u00f6hen und tief\u00adsten Tiefen f\u00fchrt. Welche gro\u00dfe Bedeu\u00adtung Rudolf Stein\u00ader dem Denken f\u00fcr die \u00fcbersinnliche Wahrnehmung zuma\u00df, geht aus Fol\u00adgen\u00addem hervor:<\/p>\n<p>\u201e<em>Dies, was so erlangt wird, dass das Hellse\u00adhen gewis\u00adser\u00adma\u00dfen ein Kopfhellse\u00adhen ist, das kann geis\u00adteswis\u00adsenschaftlich\u00ades Resul\u00adtat in unser\u00ader Zeit sein; denn das dient der Men\u00adschheit, dieses kopfhellse\u00adherische Ergeb\u00adnis. Von ganz ander\u00ader Art ist das hellse\u00adherische Ergeb\u00adnis, das dadurch bewirkt wird, dass mehr das Geistig-Seel\u00adis\u00adche der Organe des Herzens, der Arme und der H\u00e4nde her\u00adaus\u00adge\u00adhoben wird. Dieses Her\u00adausheben unter\u00adschei\u00addet sich auch inner\u00adlich bedeu\u00adtend von dem, was zus\u00adtande kommt durch das, was ich nen\u00adnen m\u00f6chte das Kopfhellse\u00adhen. Das Her\u00adausheben aus dem materiellen Her\u00adzor\u00adgan wird mehr bewirkt durch die Med\u00adi\u00adta\u00adtion, die sich auf das Wil\u00adlensleben bezieht; es wird bewirkt durch die dem\u00fctige Hingabe an den Wel\u00adtenprozess. W\u00e4hrend das Kopfhellse\u00adhen mehr durch die Gedanken, vorstel\u00adlungsm\u00e4\u00dfig, aber auch durch empfind\u00adungsm\u00e4\u00dfige Vorstel\u00adlun\u00adgen bewirkt wird.&nbsp;<\/em><\/p>\n<p><em>\u2026 In bezug auf das Ethis\u00adche ist ver\u00adh\u00e4lt\u00adnis\u00adm\u00e4\u00dfig am wichtig\u00adsten das Kopfhellse\u00adhen. Men\u00adschen, welche danach streben, in unper\u00ads\u00f6n\u00adlich\u00ader Weise, \u2026 zu ein\u00ader Anschau\u00adung der h\u00f6heren Wel\u00adten zu kom\u00admen, Men\u00adschen, welche es sich nicht ver\u00addrie\u00dfen lassen, diesen unbe\u00adque\u00admen, aber sicheren Weg zu gehen, die wer\u00adden in Bezug auf ihre Hell\u00adsichtigkeit auch etwas Unper\u00ads\u00f6n\u00adlich\u00ades in sich entwick\u00adeln, vor allen Din\u00adgen ein h\u00f6heres Inter\u00adesse f\u00fcr die objek\u00adtive Wel\u00adterken\u00adnt\u00adnis, f\u00fcr das\u00adjenige, was in der Welt des kos\u00admis\u00adchen und in der Welt des geschichtlichen Wer\u00addens vor sich&nbsp;geht.&nbsp;<\/em><\/p>\n<p><em>Von dem Men\u00adschen sel\u00adber wird dieses Kopfhellse\u00adhen vorzugsweise in dem Sinne sprechen, dass es aufmerk\u00adsam macht, wie der Men\u00adsch sich hine\u00adin\u00adstellt in den kos\u00admis\u00adchen, in den geschichtlichen Werde\u00adgang des Lebens, aufmerk\u00adsam macht darauf, was der Men\u00adsch im Ganzen des Wel\u00adtenprozess\u00ades ist, und es wird immer das\u00adjenige, was her\u00adauskommt bei diesem Kopfhellse\u00adhen, einen unper\u00ads\u00f6n\u00adlichen, ich m\u00f6chte sagen, einen all\u00adge\u00admein-wis\u00adsenschaftlichen Charak\u00adter haben; es wird Mit\u00adteilun\u00adgen enthal\u00adten, die Wichtigkeit haben \u2014 ich bitte das Wort wohl zu beacht\u00aden \u2014 f\u00fcr alle Men\u00adschen, nicht nur f\u00fcr den einen oder den anderen. \u2026 Ich sagte, f\u00fcr unseren Zyk\u00adlus sei es ganz beson\u00adders wichtig, die Ergeb\u00adnisse des Kopfhellse\u00adhens der all\u00adge\u00admeinen geisti\u00adgen Men\u00adschheit\u00adskul\u00adtur einzu\u00adver\u00adleiben; und das ist wirk\u00adlich wichtig<\/em>.\u201d (Rudolf Stein\u00ader, GA 161, S.&nbsp;153ff).<\/p>\n<p>Wenn du die Struk\u00adturen des See\u00adlenkalen\u00adders ken\u00adnen und nutzen ler\u00adnen willst f\u00fcr ein Kopfhellse\u00adhen, das all\u00adge\u00adme\u00ading\u00fcltige Wahrheit\u00aden \u00fcber den Men\u00adschen aus dem Zeit\u00aden\u00adlauf zu erken\u00adnen und die alten Weisheit\u00aden neu zu ver\u00adste\u00adhen ver\u00admag, melde dich hier an. Es wird live Online-Sem\u00adi\u00adnare, Train\u00adings und aufeinan\u00adder auf\u00adbauende Online-Kurse dazu&nbsp;geben.<\/p>\n<p>Auch Vor-Ort Vortr\u00e4ge und Sem\u00adi\u00adnare sind nach Absprache m\u00f6glich.<\/p>\n<p>Auf Nach\u00adfrage stelle ich dir gerne Links zur Ver\u00adf\u00fc\u00adgung zu Inter\u00adviews \u00fcber den See\u00adlenkalen\u00adder auf Online-Kon\u00adgressen, Aufze\u00adich\u00adnun\u00adgen von Live-Work\u00adshops o.\u00e4..<\/p>\n<p>Habe ich dich neugierig gemacht?<\/p>\n<p>&nbsp;<\/p>\n\t\t\t<a href=\"https:\/\/www.stellamaris-seelenkalender.de\/?page_id=327#Stellamaris-Taubenpost\" target=\"_self\" rel=\"noopener\">\n\t\t\t\t\t\tn\u00e4ch\u00adste Option&nbsp;<\/a>\n\t\t\t<a href=\"https:\/\/www.stellamaris-seelenkalender.de\/?page_id=327\" target=\"_self\" rel=\"noopener\">\n\t\t\t\t\t\tzur\u00fcck zur \u00dcbersicht&nbsp;<\/a>\n\n","protected":false},"excerpt":{"rendered":"<p>Stel\u00adla\u00ad\u00admaris-Teach\u00adings: Durch den See\u00adlenkalen\u00adder geistige Klar\u00adsicht entwick\u00adeln h\u00f6ren Abbil\u00addung Spiegel, M\u00e4d\u00adchen mit Papyrus\u00addolde, \u00e4gyp\u00adtisch, 1550 \u2014 1400 v. Chr. (Postkarte) \u2026 Dadurch ver\u00adschwand die alte Hell\u00adsichtigkeit mehr und mehr. Je klar\u00ader und heller das Tages\u00adbe\u00adwusst\u00adsein der Men\u00adschen wurde, um so vernebel\u00adter und dun\u00adkler wurde das Bewusst\u00adsein f\u00fcr die geisti\u00adgen Wahrheit\u00aden. Die Kunde von der Geistwelt\u2026<\/p>\n","protected":false},"author":1,"featured_media":0,"parent":0,"menu_order":0,"comment_status":"closed","ping_status":"closed","template":"","meta":{"wp_typography_post_enhancements_disabled":false,"footnotes":""},"class_list":["post-347","page","type-page","status-publish","hentry"],"_links":{"self":[{"href":"https:\/\/www.stellamaris-seelenkalender.de\/index.php?rest_route=\/wp\/v2\/pages\/347","targetHints":{"allow":["GET"]}}],"collection":[{"href":"https:\/\/www.stellamaris-seelenkalender.de\/index.php?rest_route=\/wp\/v2\/pages"}],"about":[{"href":"https:\/\/www.stellamaris-seelenkalender.de\/index.php?rest_route=\/wp\/v2\/types\/page"}],"author":[{"embeddable":true,"href":"https:\/\/www.stellamaris-seelenkalender.de\/index.php?rest_route=\/wp\/v2\/users\/1"}],"replies":[{"embeddable":true,"href":"https:\/\/www.stellamaris-seelenkalender.de\/index.php?rest_route=%2Fwp%2Fv2%2Fcomments&post=347"}],"version-history":[{"count":0,"href":"https:\/\/www.stellamaris-seelenkalender.de\/index.php?rest_route=\/wp\/v2\/pages\/347\/revisions"}],"wp:attachment":[{"href":"https:\/\/www.stellamaris-seelenkalender.de\/index.php?rest_route=%2Fwp%2Fv2%2Fmedia&parent=347"}],"curies":[{"name":"wp","href":"https:\/\/api.w.org\/{rel}","templated":true}]}}