{"id":30,"date":"2021-04-16T11:28:42","date_gmt":"2021-04-16T09:28:42","guid":{"rendered":"https:\/\/www.stellamaris-seelenkalender.de\/?page_id=30"},"modified":"2022-01-20T16:08:12","modified_gmt":"2022-01-20T15:08:12","slug":"ueber-mich","status":"publish","type":"page","link":"https:\/\/www.stellamaris-seelenkalender.de\/?page_id=30","title":{"rendered":"\u00dcber mich"},"content":{"rendered":"\n<h2>\n\t\t\u00dcber&nbsp;mich&nbsp;<\/h2>\n\t\t\t\t<img decoding=\"async\" src=\"https:\/\/www.stellamaris-seelenkalender.de\/wp-content\/uploads\/2021\/04\/image003.jpg\" alt=\"image003\" itemprop=\"image\" title=\"image003\" onerror=\"this.style.display='none'\">\n\t<h6><strong>Abbildung<\/strong><\/h6>\n<h6>Angela Fischer<\/h6>\n<h2>\n\t\tMeine Intention&nbsp;<\/h2>\n\t<p>Stel\u00adla\u00admaris, Stern des Meeres, ist der Name Marias, wenn ihre Weisheit und ihr Schutz \u2014 einem Leit\u00adstern gle\u00adich \u2014 im Sturm des Lebens gesucht wurde. Stel\u00adla\u00admaris-See\u00adlenkalen\u00adder habe ich meinen Weg genan\u00adnt, den ich dich f\u00fchre. Ich erblicke im See\u00adlenkalen\u00adder von Rudolf Stein\u00ader diesen Ori\u00aden\u00adtierung geben\u00adden Stern, der die Seele f\u00fchrt von der Geburt bis zum Tod und dar\u00fcber hinaus.<\/p>\n<p>Seit Urzeit\u00aden und in allen Kul\u00adturen kan\u00adnten und ken\u00adnen auser\u00adw\u00e4hlte Men\u00adschen die M\u00f6glichkeit, den See\u00adlenozean zu befahren. In immer neuen For\u00admen und Sprachen dr\u00fcck\u00adten Eingewei\u00adhte diese M\u00f6glichkeit der Aus\u00adrich\u00adtung der Seele aus. Sie kan\u00adnten die in der Zeit wirk\u00adende und lebende Weisheit, die Gro\u00dfe Mut\u00adter, die alles Leben aus sich gebiert. Viele alte Kunst\u00adwerke leg\u00aden davon schweigend bere\u00addet Zeug\u00adnis&nbsp;ab.<\/p>\n<p>Freue dich, denn das, was du hier find\u00adest, ist Jahrtausende lang geheim gehaltenes, ver\u00adfemtes oder ver\u00adlorenes Wis\u00adsen, auf ganz neue Weise gewonnen.<\/p>\n<p>Wenn ich etwas Neues finde, k\u00fcndigt sich das oft mit einem leisen Kribbeln an. Zuerst meldet sich eine Ahnung, ein Gef\u00fchl, das hier mehr ist, als ich bish\u00ader begreife. Doch ich erkenne nichts. Alles wie immer, unin\u00adter\u00ades\u00adsant, meldet der Ver\u00adstand. Und wenn ich dann innehalte, warte, kommt aus den Tiefen der Seele wie ein Fisch aus dem Meer eine neue Per\u00adspek\u00adtive gesprun\u00adgen. Hier muss ich geis\u00adtes\u00adge\u00adgen\u00adw\u00e4r\u00adtig zugreifen, die Idee durch\u00addenken. Und pl\u00f6t\u00adzlich ist ein neues Licht da, ein tief\u00aderes Blick\u00aden und ich schaue, was ich vorher nicht sehen konnte.<\/p>\n<p>Du find\u00adest hier einen Weg, \u00fcbersinnliche Erken\u00adnt\u00adnisse zu gewin\u00adnen, der auch dein Denken mitnimmt.<\/p>\n<p>Ich begleite dich,<\/p>\n<ul>\n<li>deinen Ver\u00adstand in diesem Prozess mitzunehmen, denn ich bin der Mei\u00adn\u00adung, dass die Men\u00adschheit ihn nicht mehrere tausend Jahre aus\u00adge\u00adbildet hat, um ihn an der Schwelle zur geisti\u00adgen Welt an der Garder\u00adobe abzugeben,<\/li>\n<li>wenn du einen gle\u00adicher\u00adma\u00dfen indi\u00advidu\u00adell-per\u00ads\u00f6n\u00adlichen als auch objek\u00adtiv\u00aden Weg suchst, die Seele in ihrem verk\u00f6r\u00adperten als auch unverk\u00f6r\u00adperten Sein zu erkennen,<\/li>\n<li>wenn du Zeit als Raum erleben willst,<\/li>\n<li>wenn du Kunst\u00adwerke aus vie\u00adlen Epochen und Kul\u00adturen als Aus\u00addruck ein\u00ader uni\u00adversellen, geheimen Zeit-Weisheit\u00adslehre neu lesen ler\u00adnen willst,<\/li>\n<li>wenn du den See\u00adlenkalen\u00adder von Rudolf Stein\u00ader ken\u00adnen ler\u00adnen oder neu ent\u00addeck\u00aden willst.<\/li>\n<\/ul>\n<p>Freue dich, denn dieser Weg ist seit dem Ende des Kali Yuga, dem dun\u00adklen Zeital\u00adter, wieder offen. Das neue Zeital\u00adter der Ver\u00adbun\u00adden\u00adheit erm\u00f6glicht nicht nur einen neuen f\u00fch\u00adlen\u00adden Zugang zu sich und allen Wesen, son\u00addern auch einen denkenden.<\/p>\n<p><em>\u201eHat der imag\u00adi\u00adna\u00adtiv Erken\u00adnende diejenige Umwelt abgestreift, in der er mit sein\u00ader Sin\u00adnesor\u00adgan\u00adi\u00adsa\u00adtion lebt, so tritt in das Erleben eine Organ\u00adi\u00adsa\u00adtion ein, von der das Denken so getra\u00adgen ist wie das sinnliche Bild-Wahrnehmen durch die Sinnesorganisation.<\/em><\/p>\n<p><em>Und jet\u00adzt wei\u00df sich der Men\u00adsch durch diese Denk-Organ\u00adi\u00adsa\u00adtion mit der kos\u00admis\u00adchen Ster\u00adnen-Umge\u00adbung so in Zusam\u00admen\u00adhang, wie er sich vorher durch die Sinnes-Organ\u00adi\u00adsa\u00adtion mit der Erden-Umge\u00adbung in Zusam\u00admen\u00adhang gewusst hat. Er erken\u00adnt sich als kos\u00admis\u00adches Wesen. Die Gedanken sind nicht mehr Schat\u00adten\u00adbilder; sie sind von Wirk\u00adlichkeit durchtr\u00e4nkt wie die Sin\u00adnes\u00adbilder in der sinnlichen Wahrnehmung.\u201d<\/em><\/p>\n<p>(Rudolf Stein\u00ader, GA 26, Des Men\u00adschen Sinnes- und Denko\u00adr\u00adgan\u00adi\u00adsa\u00adtion im Ver\u00adh\u00e4lt\u00adnis zur Welt. Goetheanum, Feb\u00adru\u00adar&nbsp;1925)<\/p>\n<p>Diese Organ\u00adi\u00adsa\u00adtion, die das Denken in der \u00fcbersinnlichen Welt tr\u00e4gt, ist der See\u00adlenkalen\u00adder, seine Struk\u00adtur, seine ver\u00adschiede\u00adnen zusam\u00admenge\u00adh\u00f6ri\u00adgen Spr\u00fcche, seine au\u00dfergew\u00f6hn\u00adliche Sprache.<\/p>\n<p>Ich zeige dir, wie du durch den See\u00adlenkalen\u00adder zu einem Schauen find\u00adest, wie du deinen See\u00adlen\u00adraum und die Welt erken\u00adnen kannst.<\/p>\n<h2>\n\t\tMeine Motivation&nbsp;<\/h2>\n\t\t\t<a href=\"https:\/\/www.stellamaris-seelenkalender.de\/wp-content\/uploads\/2021\/12\/U\u0308\u009cber_mich__meine_Intention_und_meine_Motivation__mein_Weg_zum_Seelenkalender_1.mp3\" target=\"_blank\" role=\"button\" rel=\"noopener\">\n\t\t\t\t\t\tH\u00f6ren anstelle lesen&nbsp;<\/a>\n\t<p>Schon in mein\u00ader Jugend begleit\u00adete mich die eine wesentliche Frage: Was ist der Men\u00adsch \u2014 wirk\u00adlich? Wie kann ich den Men\u00adschen in seinem ganzen Sein ver\u00adste\u00adhen? Ich entsch\u00adied mich, Son\u00adder\u00adschulp\u00e4d\u00ada\u00adgogik zu studieren, weil die Ein\u00adseit\u00adigkeit\u00aden der Kinder mit beson\u00adderen Bed\u00fcrfnis\u00adsen das Spek\u00adtrum des Men\u00adsch-Seins anschaulich zeigen. Ich wurde Wal\u00addor\u00adflehrerin, weil ich die Bedin\u00adgun\u00adgen von Entwick\u00adlung ken\u00adnen und gestal\u00adten ler\u00adnen wollte.<\/p>\n<p>Meine Schwest\u00ader mit Down\u00adsyn\u00addrom lehrte mich fr\u00fch zu erken\u00adnen, dass die \u00e4u\u00dfere Fas\u00adsade den Men\u00adschen nicht aus\u00admacht, dass er mehr ist, als ein K\u00f6r\u00adp\u00ader mit geisti\u00adgen F\u00e4higkeit\u00aden. So lernte ich die Seele gr\u00f6\u00dfer zu denken, \u00fcber die Ein\u00adschr\u00e4nkun\u00adgen von Zeit und Raum hinaus.<\/p>\n<p>Beson\u00addere Leben\u00adsum\u00adst\u00e4nde ver\u00adhin\u00adderten die weit\u00adere Aus\u00fcbung meines Berufs. In dieser schwieri\u00adgen Sit\u00adu\u00ada\u00adtion beschloss ich, Neu zu wer\u00adden. Ich wusste nicht, wie das gehen k\u00f6n\u00adnte, aber ich begann bedin\u00adgungs\u00adlos mein\u00ader Intu\u00adition zu fol\u00adgen. Ich beobachtete mich gle\u00adichzeit\u00adig wie von au\u00dfen. Ich hin\u00adter\u00adfragte meine \u00dcberzeu\u00adgun\u00adgen und kor\u00adrigierte sie, wenn n\u00f6tig. Zum Beispiel erkan\u00adnte ich, dass es nicht Auf\u00adgabe der anderen Men\u00adschen ist, mich gl\u00fcck\u00adlich zu machen, mich zu sehen, son\u00addern meine eigene. Ich \u00fcber\u00adnahm die Ver\u00adant\u00adwor\u00adtung f\u00fcr mein Leben. An dieser Stelle trat der See\u00adlenkalen\u00adder als Arbeits-Auf\u00adgabe in mein&nbsp;Leben.<\/p>\n<p>&nbsp;<\/p>\n<h6><strong>Abbildung<\/strong><\/h6>\n<h6>Meine Schwester und&nbsp;ich<\/h6>\n\t\t\t\t<img decoding=\"async\" src=\"https:\/\/www.stellamaris-seelenkalender.de\/wp-content\/uploads\/2021\/06\/Abbildung_Ueber_mich_1_Seelenkalender_Stellamaris_Angela_Fischer.jpg\" alt=\"Abbildung_Ueber_mich_1_Seelenkalender_Stellamaris_Angela_Fischer\" itemprop=\"image\" title=\"Abbildung_Ueber_mich_1_Seelenkalender_Stellamaris_Angela_Fischer\" onerror=\"this.style.display='none'\">\n<h2>\n\t\tMein Weg zum Seelenkalender&nbsp;<\/h2>\n\t<p><em>Unver\u00adst\u00e4nd\u00adnis<\/em>: Ich lernte den See\u00adlenkalen\u00adder von Rudolf Stein\u00ader ken\u00adnen, als ich meine T\u00e4tigkeit als Klassen\u00adlehrerin an ein\u00ader Wal\u00addorf\u00adschule begann. Jeden Mor\u00adgen vor dem Unter\u00adricht wurde ein Spruch daraus im Kol\u00adlegium gele\u00adsen. Die Spr\u00fcche sagten mir nichts und ich meldete mich von diesen Zusam\u00admenk\u00fcn\u00adften ab. Ich fand es viel bess\u00ader, die Zeit f\u00fcr let\u00adzte Vor\u00adbere\u00aditun\u00adgen wie den Tafe\u00adlan\u00adschrieb zu investieren.<\/p>\n<p><em>Inter\u00adesse:<\/em> Jahre sp\u00e4ter, im Rah\u00admen von Kon\u00adferen\u00adzen, begeg\u00adnete mir der See\u00adlenkalen\u00adder erneut. Dies\u00admal wur\u00adden immer zwei Spr\u00fcche gele\u00adsen, die jew\u00adeils aufeinan\u00adder bezo\u00adgen waren durch gram\u00adma\u00adtis\u00adche Entsprechun\u00adgen. Diese so deut\u00adlich zusam\u00admen\u00adklin\u00adgen\u00adden Spr\u00fcche mit ihren ganz ver\u00adschiede\u00adnen Aus\u00adsagen regten mich zum Nach\u00addenken an. Die Span\u00adnung zwis\u00adchen ihnen weck\u00adte mein Interesse.&nbsp;\u2026<\/p>\n\t\t\t<a href=\"https:\/\/www.stellamaris-seelenkalender.de\/?page_id=69\" target=\"_self\" role=\"button\" rel=\"noopener\">\n\t\t\t\t\t\tweit\u00ader&nbsp;lesen&nbsp;<\/a>\n\t\t\t<a href=\"https:\/\/www.stellamaris-seelenkalender.de\/wp-content\/uploads\/2022\/01\/Methoden.mp3\" target=\"_blank\" role=\"button\" rel=\"noopener\">\n\t\t\t\t\t\tH\u00f6ren anstelle lesen&nbsp;<\/a>\n<h2>\n\t\tMethoden&nbsp;<\/h2>\n\t<p><strong>Meine Meth\u00ado\u00add\u00aden<\/strong><\/p>\n<p>Bei der Besch\u00e4f\u00adti\u00adgung mit dem See\u00adlenkalen\u00adder fol\u00adgte ich stets mein\u00ader Intu\u00adition. So entwick\u00adel\u00adten sich von Anfang an Meth\u00ado\u00add\u00aden, die ich hier beschreibe und die ich f\u00fcr die Grund\u00adlage meines Erfol\u00adgs erachte.<\/p>\n\n<h6><strong>Abbildung<\/strong><\/h6>\n<h6>Ein Seelenkalender Buch mit den Spr\u00fcchen<\/h6>\n\n\t\t\t\t<img loading=\"lazy\" decoding=\"async\" src=\"https:\/\/www.stellamaris-seelenkalender.de\/wp-content\/uploads\/2021\/04\/Seelenkalender_Angela_Fischer.jpg\" alt=\"Seelenkalender_Angela_Fischer\" itemprop=\"image\" height=\"270\" width=\"267\" title=\"Seelenkalender_Angela_Fischer\" onerror=\"this.style.display='none'\">\n\t\t\t<a href=\"https:\/\/www.stellamaris-seelenkalender.de\/?page_id=368\" target=\"_self\" role=\"button\" rel=\"noopener\">\n\t\t\t\t\t\tweit\u00ader&nbsp;lesen&nbsp;<\/a>\n\t\t\t<a href=\"https:\/\/www.stellamaris-seelenkalender.de\/?page_id=368\" target=\"_self\" role=\"button\" rel=\"noopener\">\n\t\t\t\t\t\tweit\u00ader&nbsp;h\u00f6ren&nbsp;<\/a>\n\n","protected":false},"excerpt":{"rendered":"<p>\u00dcber&nbsp;mich Abbil\u00addung Angela Fis\u00adch\u00ader Meine Inten\u00adtion Stel\u00adla\u00admaris, Stern des Meeres, ist der Name Marias, wenn ihre Weisheit und ihr Schutz \u2014 einem Leit\u00adstern gle\u00adich \u2014 im Sturm des Lebens gesucht wurde. Stel\u00adla\u00ad\u00ad\u00admaris-See\u00adlenkalen\u00adder habe ich meinen Weg genan\u00adnt, den ich dich f\u00fchre. Ich erblicke im See\u00adlenkalen\u00adder von Rudolf Stein\u00ader diesen Ori\u00aden\u00adtierung geben\u00adden Stern, der die&nbsp;Seele\u2026<\/p>\n","protected":false},"author":1,"featured_media":0,"parent":0,"menu_order":0,"comment_status":"closed","ping_status":"closed","template":"","meta":{"wp_typography_post_enhancements_disabled":false,"footnotes":""},"class_list":["post-30","page","type-page","status-publish","hentry"],"_links":{"self":[{"href":"https:\/\/www.stellamaris-seelenkalender.de\/index.php?rest_route=\/wp\/v2\/pages\/30","targetHints":{"allow":["GET"]}}],"collection":[{"href":"https:\/\/www.stellamaris-seelenkalender.de\/index.php?rest_route=\/wp\/v2\/pages"}],"about":[{"href":"https:\/\/www.stellamaris-seelenkalender.de\/index.php?rest_route=\/wp\/v2\/types\/page"}],"author":[{"embeddable":true,"href":"https:\/\/www.stellamaris-seelenkalender.de\/index.php?rest_route=\/wp\/v2\/users\/1"}],"replies":[{"embeddable":true,"href":"https:\/\/www.stellamaris-seelenkalender.de\/index.php?rest_route=%2Fwp%2Fv2%2Fcomments&post=30"}],"version-history":[{"count":0,"href":"https:\/\/www.stellamaris-seelenkalender.de\/index.php?rest_route=\/wp\/v2\/pages\/30\/revisions"}],"wp:attachment":[{"href":"https:\/\/www.stellamaris-seelenkalender.de\/index.php?rest_route=%2Fwp%2Fv2%2Fmedia&parent=30"}],"curies":[{"name":"wp","href":"https:\/\/api.w.org\/{rel}","templated":true}]}}