{"id":282,"date":"2021-06-08T21:18:21","date_gmt":"2021-06-08T19:18:21","guid":{"rendered":"https:\/\/www.stellamaris-seelenkalender.de\/?page_id=282"},"modified":"2023-11-19T16:08:36","modified_gmt":"2023-11-19T15:08:36","slug":"stellamaris-urbild-des-jahreslaufs-als-ursprung-aller-weisheit","status":"publish","type":"page","link":"https:\/\/www.stellamaris-seelenkalender.de\/?page_id=282","title":{"rendered":"Stellamaris \u2014 Urbild des Jahreslaufs"},"content":{"rendered":"\n<h2>\n\t\tDas Urbild des Jahreslaufs als Ursprung alter Weisheit&nbsp;<\/h2>\n\t\t\t<a href=\"https:\/\/www.stellamaris-seelenkalender.de\/?page_id=99\" target=\"_self\" rel=\"noopener\">\n\t\t\t\t\t\th\u00f6ren&nbsp;<\/a>\n\t<p>\u2026 Mit 26 Fu\u00df\u00adknochen je Fu\u00df wan\u00addert der Men\u00adsch seinen Lebensweg, und ste\u00adht er auf bei\u00adden F\u00fc\u00dfen, so sind es 52 Knochen. Auch die Zeit schre\u00adit\u00adet mit zweimal 26 Wochen durch das Jahr. Eine tiefe Beziehung beste\u00adht zwis\u00adchen dem Men\u00adschen und dem Jahres\u00adlauf. Seit Urzeit\u00aden war er Bild f\u00fcr die gro\u00dfen Fra\u00adgen des Lebens, des Wer\u00addens und Verge\u00adhens. So ver\u00adwun\u00addert es auf den zweit\u00aden Blick eigentlich nicht, in Kunst\u00adwerken Aspek\u00adte des\u00adsel\u00adben aus\u00adge\u00addr\u00fcckt zu finden.<\/p>\n<p>&nbsp;<\/p>\n<h4>Die Venusfigurine \u2014 Zeit als Raum erleben<\/h4>\n<p>Die erste und offen\u00adsichtlich\u00adste Struk\u00adtur des Jahres\u00adlaufs ist der Kreis, der Jahreskreis. Jed\u00ader, der an die stete Wieder\u00adhol\u00adung der Jahreszeit\u00aden denkt, wird im inneren Bild eine Kreis\u00adbahn sehen, auf der wir ent\u00adlang leben. Sich\u00ader gle\u00adicht kein Jahr dem anderen, eine Jahres-Win\u00addung legt sich \u00fcber die andere, doch das Urbild dieser Bewe\u00adgung ist der&nbsp;Kreis.<\/p>\n<p>In einem der \u00e4ltesten Zeug\u00adnisse men\u00adschlichen Kun\u00adstschaf\u00adfens tritt deut\u00adlich die Idee des Kreis\u00ades zu Tage. Das charak\u00adter\u00adis\u00adtis\u00adche dieser, von den Pyren\u00e4en bis Sibirien gefun\u00adde\u00adnen, 35.000 \u2014 12.000 Jahre alten kleinen Frauen\u00adstat\u00aduet\u00adten, ist ihre K\u00f6r\u00adper\u00adf\u00fclle und ihr fehlen\u00adder oder ver\u00adgle\u00adich\u00adsweise aus\u00addruck\u00adslos\u00ader Kopf. Sie sind ganz K\u00f6r\u00adp\u00ader; ihr Bewusst\u00adsein ist nicht erweckt. Sie leben in der Hingabe der Wahrnehmung, in Gegen\u00adw\u00e4r\u00adtigkeit, ganz im&nbsp;Sein.<\/p>\n<p>Die in \u00d6ster\u00adre\u00adich gefun\u00addene soge\u00adnan\u00adnte Venus von Wil\u00adlen\u00addorf dr\u00fcckt dieses Bewusst\u00adsein f\u00fcr mich am klarsten aus: Der K\u00f6r\u00adp\u00ader in sein\u00ader Rund\u00adheit ist so gebildet, dass ein Kreis sicht\u00adbar wird mit dem Bauchn\u00adabel als Mit\u00adtelpunkt. Die auf\u00adfal\u00adl\u00adend d\u00fcn\u00adnen \u00c4rm\u00adchen liegen \u00fcber den Br\u00fcsten und markieren den oberen Kreis\u00adbo\u00adgen, die Knie deuten den unteren an. Der Kopf ist leicht geneigt, doch dort, wo das Gesicht sein m\u00fcsste, ist nur eine leere Fl\u00e4che. Ein voll\u00adst\u00e4ndig in sich gekehrtes oder schlafend\u00ades Bewusst\u00adsein zeigt sich darin \u2014 ich kann es auch als ein Ruhen in der Gegen\u00adw\u00e4r\u00adtigkeit ansehen.<\/p>\n<p><img loading=\"lazy\" decoding=\"async\" src=\"https:\/\/www.stellamaris-seelenkalender.de\/wp-content\/uploads\/2021\/06\/Abbildung_2_Stellamaris_Seelenkalender_Stellamaris_Angela_Fischer-159x300.jpg\" alt width=\"159\" height=\"300\"><\/p>\n<h6>Abbildung<\/h6>\n<h6>Venus von Willendorf (ca. 11 cm gro\u00df, knapp 30.000 Jahre alt, 1908 in \u00d6sterreich gefunden), Quelle: Wikipedia<\/h6>\n<h4>Lineares und r\u00e4umliches Zeiterleben<\/h4>\n<p>Unser Zeit\u00ader\u00adleben gliedert sich in drei Zeitr\u00e4ume, Ver\u00adgan\u00adgen\u00adheit, Gegen\u00adwart und Zukun\u00adft. Doch von diesen ist nur die Gegen\u00adwart real, Ver\u00adgan\u00adgen\u00adheit und Zukun\u00adft entste\u00adhen als indi\u00advidu\u00adelle Kon\u00adstruk\u00adte des Bewusst\u00adseins. Da es eine Echtzeit auf der Erde gibt, die f\u00fcr alle Men\u00adschen gilt, vere\u00adint Gegen\u00adw\u00e4r\u00adtigkeit uns mit allen. R\u00e4um\u00adlich sind wir Men\u00adschen auf der Erde getren\u00adnt voneinan\u00adder. Doch durch die Zeit, in der Gegen\u00adwart, sind wir alle ver\u00adbun\u00adden. Aus diesem Zeit\u00adstrom kann kein einziger Men\u00adsch her\u00adaus\u00adfall\u00aden. Die Zeit tr\u00e4gt und bewegt uns alle als gro\u00dfe Gemein\u00adschaft. Ver\u00adgan\u00adgen\u00adheit und Zukun\u00adft sind f\u00fcr jeden indi\u00advidu\u00adell, doch jed\u00ader Gegen\u00adwarts-Moment ist Gegen\u00adwart aller Menschen.<\/p>\n<p>Bin ich gegen\u00adw\u00e4r\u00adtig, so bin ich in dem Zeitraum, den alle Men\u00adschen teilen. Gegen\u00adw\u00e4r\u00adtigkeit zu erleben, ist eine Frage des Bewusst\u00adseins. Es ist eine Frage der Wach\u00adheit, der Pr\u00e4senz. Gelingt diese Wach\u00adheit, kann ich Zeit als Raum wahrnehmen. Dieser Gegen\u00adwarts-Zeit-Raum hat die Form eines Kreis\u00ades, dessen Mit\u00adtelpunkt ich bin \u2014 ganz so, wie ich der Mit\u00adtelpunt mein\u00ader Hor\u00adi\u00adzont-Wahrnehmung bin, sofern keine Erhe\u00adbun\u00adgen die Kreis\u00adlin\u00adie st\u00f6ren. Dieser kreis\u00adrunde Raum mein\u00ader Gegen\u00adw\u00e4r\u00adtigkeit ist mein Bewusst\u00adsein\u00adsraum, in dem ich ruhen kann. Es ist das in vie\u00adlen Med\u00adi\u00adta\u00adtio\u00adnen angestrebte leere Bewusst\u00adsein, die unmit\u00adtel\u00adbare Pr\u00e4senz. Tritt ein Gedanke oder ein Wil\u00adlen\u00adsim\u00adpuls auf, bin ich in der Gefahr, meine Gegen\u00adw\u00e4r\u00adtigkeit zu ver\u00adlieren. Dann falle ich aus diesem Raum heraus.<\/p>\n<p><img loading=\"lazy\" decoding=\"async\" src=\"https:\/\/www.stellamaris-seelenkalender.de\/wp-content\/uploads\/2023\/11\/Grosse-Mutter-Venus-von-Willendorf-mit-Kreis-193x300.jpg\" alt width=\"193\" height=\"300\"><img loading=\"lazy\" decoding=\"async\" src=\"https:\/\/www.stellamaris-seelenkalender.de\/wp-content\/uploads\/2021\/06\/Abbildung_3_Stellamaris_Seelenkalender_Stellamaris_Angela_Fischer-212x300.jpg\" alt width=\"212\" height=\"300\"><\/p>\n<h6><strong>Abbildung<br>\n<\/strong><\/h6>\n<h6>Venus von Willendorf \u2014 Die Zeit als Raum, als Zeitenleib der Gro\u00dfen G\u00f6ttin, oder das Ruhen in der Gegenw\u00e4rtigkeit des Augenblicks<\/h6>\n<p>Der kreis\u00adrunde Raum der Gegen\u00adw\u00e4r\u00adtigkeit ver\u00adh\u00e4lt sich zum Zeitraum eines Jahres wie der Same zum Baum. Ver\u00adste\u00adhe ich den Jahres\u00adlauf als den in der Venus\u00adfig\u00adurine angedeuteten Kreis, so macht die Fig\u00adur einen Zeit\u00aden\u00adleib sicht\u00adbar, den Leib ein\u00ader gro\u00dfen G\u00f6t\u00adtin. M\u00f6glicher\u00adweise dr\u00fcckt sich darin das Lebens\u00adge\u00adf\u00fchl der Men\u00adschen vor der let\u00adzten Eiszeit aus. Vielle\u00adicht f\u00fchlte sich der Men\u00adsch ruhend im Zeit\u00aden\u00adleib dieser Mut\u00adter-G\u00f6t\u00adtin, als ihr Kind. So lange er in der Gegen\u00adw\u00e4r\u00adtigkeit ruhen kon\u00adnte, f\u00fchlte er sich w\u00e4hrend des Fr\u00fch\u00adlings und Som\u00admers ihren n\u00e4hren\u00adden Brust\u00adbere\u00adich durch\u00adwan\u00addernd und w\u00e4hrend des Herb\u00adstes und Win\u00adters in ihren Fortschritt brin\u00adgen\u00adden Beinen lebend. Im Win\u00adter wur\u00adden tra\u00addi\u00adtionell die Kinder geboren, da ging das Leben von Gen\u00ader\u00ada\u00adtion zu Gen\u00ader\u00ada\u00adtion weit\u00ader. In diesem Zeit\u00aden\u00adleib kon\u00adnte er sich gebor\u00adgen erleben, solange sein Kopf\u00adbe\u00adwusst\u00adsein schlief \u2014 so lange er kein zweifel\u00adndes, tren\u00adnen\u00addes, sich gegen\u00fcber\u00adstel\u00adlen\u00addes Denken entwickelte.<\/p>\n<p>Auch ich kann dieses Lebens\u00adge\u00adf\u00fchl f\u00fcr mich her\u00adstellen, gibt es doch den Jahres\u00adlauf nach wie vor, der in der Vorstel\u00adlung ganz von alleine das Bild des Kreis\u00ades annimmt. Dann lebe ich gebor\u00adgen im Zeit\u00aden\u00adleib der Gro\u00dfen G\u00f6t\u00adtin, die die Zeit sel\u00adber ist, die alles Leben her\u00advor\u00adbringt. Sie tr\u00e4gt auch mich wie alle Men\u00adschen in ihrem Leib. Ich bin ihr Kind und stets mit ihr vere\u00adint. Es liegt nur an mir, ob ich meinen kri\u00adtis\u00adchen Kopf zum Schweigen brin\u00adgen kann, ob mein Tren\u00adnung und Dis\u00adtanz schaf\u00adfend\u00ader Ver\u00adstand schlafen kann. Vielle\u00adicht waren diese Kopflosen, weib\u00adlichen Fig\u00aduren Med\u00adi\u00adta\u00adtion\u00adshil\u00adfen, um diesen in tiefer Gegen\u00adw\u00e4r\u00adtigkeit ruhen\u00adden Bewusst\u00adsein\u00adszu\u00ads\u00adtand herzustellen. Jeden\u00adfalls erweist sich mir diese Vorstel\u00adlung als hilfreich!<\/p>\n<p>&nbsp;<\/p>\n<h4>Das Aufleuchten des erkennenden Bewusstseins \u2014 Die Einheit wird gegliedert<\/h4>\n<p>Etwas j\u00fcnger als die Venus\u00adfig\u00aduri\u00adnen sind die Steinze\u00adich\u00adnun\u00adgen aus Kasach\u00adstan, die soge\u00adnan\u00adnten Son\u00adnen\u00admen\u00adschen. War bei den weib\u00adlichen Fig\u00aduren vor allem der K\u00f6r\u00adp\u00ader wichtig, so ist es hier der Kopf, an dem ein d\u00fcn\u00adner, eher m\u00e4nnlich\u00ader K\u00f6r\u00adp\u00ader h\u00e4ngt. Diese, aus der Bronzezeit stam\u00admenden Pet\u00adro\u00adglyphen zeigen einen Men\u00adschen, dessen Kopf hell ist. Die Licht-Punk\u00adte im Au\u00dfen kor\u00adre\u00adspondieren mit denen im Kopf. Jede Wahrnehmung im Au\u00dfen l\u00e4sst eine Erken\u00adnt\u00adnis innen aufleucht\u00aden. Jede Idee ist ein leuch\u00adt\u00aden\u00adder Stern. Dieser Men\u00adsch ist ganz erken\u00adnen\u00addes Bewusst\u00adsein, das vere\u00adinzeln, unter\u00adschei\u00adden gel\u00adernt hat und in sich, in sein\u00ader Vorstel\u00adlung, ein Abbild erschaf\u00adfen&nbsp;kann.<\/p>\n<p><img loading=\"lazy\" decoding=\"async\" src=\"https:\/\/www.stellamaris-seelenkalender.de\/wp-content\/uploads\/2021\/06\/Abbildung_4_a_Stellamaris_Seelenkalender_Stellamaris_Angela_Fischer.jpg-244x300.png\" alt width=\"244\" height=\"300\"> <img loading=\"lazy\" decoding=\"async\" src=\"https:\/\/www.stellamaris-seelenkalender.de\/wp-content\/uploads\/2021\/06\/Abbildung_4_b_Stellamaris_Seelenkalender_Stellamaris_Angela_Fischer.jpg-300x273.png\" alt width=\"300\" height=\"273\"> <img loading=\"lazy\" decoding=\"async\" src=\"https:\/\/www.stellamaris-seelenkalender.de\/wp-content\/uploads\/2021\/06\/Abbildung_4_c_Stellamaris_Seelenkalender_Stellamaris_Angela_Fischer.jpg-293x300.png\" alt width=\"293\" height=\"300\"><\/p>\n<h6><strong>Abbildung<br>\n<\/strong><\/h6>\n<h6>Sonnenmensch im Seelenkalender (Tamgaly, Kasachstan, ca 25.000 v.Chr.)<br>\nErkenntnisse sind ein sonnenhaftes Aufstrahlen<\/h6>\n<p>Um Erken\u00adnen zu k\u00f6n\u00adnen, ist sowohl Unter\u00adschei\u00addungsver\u00adm\u00f6\u00adgen als auch Zusam\u00admen\u00adz\u00adu\u00adfas\u00adsung von Einze\u00adlaspek\u00adten n\u00f6tig. Die Vielzahl der Punk\u00adte ste\u00adht dem einen, der wie ein Auge in einem eige\u00adnen kleinen Kreis liegt, gegen\u00fcber. Dies k\u00f6n\u00adnte auf Analyse und Syn\u00adthese deuten, zwei ele\u00admentare F\u00e4higkeit\u00aden im Denkprozess. M\u00f6glich\u00ader Weise ist in den neun Punk\u00adten auch eine Zeit\u00adgliederung, die neun\u00adt\u00e4gige Woche des alten slaw\u00adis\u00adchen Kalen\u00adders, dargestellt. In jedem Fall ver\u00adan\u00adschaulicht diese Men\u00adschen\u00addarstel\u00adlung ein Bewusst\u00adsein von Vielfalt und Dif\u00adferen\u00adzierung \u2011sowohl zeitlich als auch gegen\u00adst\u00e4ndlich \u2014 im Ver\u00adgle\u00adich zu der Venus\u00adfig\u00adurine, die Ein\u00adheit ausdr\u00fcckt.<\/p>\n<p>&nbsp;<\/p>\n<h4>Das Quadrat der Krisenspr\u00fcche \u2014 Grenzen der vier Wesensglieder-Wirkungen im Bild der Pyramide<\/h4>\n<p>Im See\u00adlenkalen\u00adder find\u00adet sich ein Quadrat. Es bildet sich aus den vier Krisen\u00adspr\u00fcchen. Sie unter\u00adschei\u00adden sich von den anderen, indem sie war\u00adnend auf eine bedrohliche Sit\u00adu\u00ada\u00adtion aufmerk\u00adsam machen. Dies sind die Spr\u00fcche 7\u2011G, 20\u2011T, 33\u2011g, 46\u2011u. Sie bilden die Mitte jedes der 13 Wochen umfassenden Viertel\u00adjahre und dadurch ein Quadrat.<\/p>\n<p>Aus dem Quadrat kann ich gedanklich eine Pyra\u00admide entste\u00adhen lassen, wenn ich mir vier von au\u00dfen zum Zen\u00adtrum wirk\u00adende Kraft\u00adstr\u00f6me vorstelle, die sich zur Mitte hin stauen. Ger\u00adade so beschreibt Rudolf Stein\u00ader das Zusam\u00admen\u00adwirken der Wesens\u00adglieder \u201eDa sehen Sie den einen Strom, und Sie sehen den anderen Strom. Jet\u00adzt aber denken Sie sich, Sie k\u00f6n\u00adnten den einen und den anderen Strom nicht sehen, son\u00addern Sie k\u00f6n\u00adnten nur das\u00adjenige sehen, was an der Stelle durch das Durcheinan\u00adder\u00adwirbeln der zwei Str\u00f6me zum Vorschein kommt. Das ist das St\u00fcck an Ihrer \u00e4u\u00dferen Leib\u00adlichkeit, was Ihr Auge oder son\u00adst irgen\u00addein \u00e4u\u00dfer\u00ader Sinn an Ihnen sel\u00adber wahrnehmen kann. Sie k\u00f6n\u00adnen ger\u00adadezu an Ihrer Haut begren\u00adzen, wo dieses Zusam\u00admen\u00adtr\u00ade\u00adf\u00adfen von Empfind\u00adungsseele und Empfind\u00adungsleib stat\u00adtfind\u00adet. Hier\u00adaus sehen Sie an einem Beispiel, wie das\u00adjenige, was wir geistig betra\u00adchtet haben, wie diese ver\u00adschiede\u00adnen Glieder des Men\u00adschen an dem Men\u00adschen sel\u00adber for\u00admen. Wir sehen, wie die Seele am Leibe sel\u00adber formt\u201d (GA 115, S. 59). Diese gegen\u00adseit\u00adige Stau\u00adung beschreibt Rudolf Stein\u00ader im sel\u00adben Vor\u00adtrag auch f\u00fcr die vier Wesens\u00adglieder Ich, Astralleib, \u00c4ther\u00adleib und Physis. Sie bilden den Raum-Leib, der durch Empfind\u00adungsleib und Empfind\u00adungsseele der Entwick\u00adlung, der Zeit unter\u00adwor\u00adfen&nbsp;ist.<\/p>\n<p>Von vier Rich\u00adtun\u00adgen des Raumes streben die vier Wesens\u00adglieder-Kr\u00e4fte zum Zen\u00adtrum und stauen sich. Sind die Kr\u00e4fte gle\u00adich stark, schiebt sich im inneren Bild eine Pyra\u00admide hoch. Lege ich dieser geisti\u00adgen Sch\u00f6p\u00adfung das Quadrat der vier Krisen\u00adspr\u00fcche zu Grunde, so entste\u00adht im See\u00adlenkalen\u00adder eine Pyra\u00admide, deren zur Spitze f\u00fchrende Seit\u00adenkan\u00adten die Krisen\u00adspr\u00fcche sind. Ger\u00adade diese Spr\u00fcche dr\u00fcck\u00aden eine Grat\u00adwan\u00adderung aus, ein Rin\u00adgen um Gle\u00adichgewicht, das durch die Pyra\u00admi\u00addenkan\u00adten sprechend ins Bild geset\u00adzt&nbsp;wird.<\/p>\n<p><img loading=\"lazy\" decoding=\"async\" src=\"https:\/\/www.stellamaris-seelenkalender.de\/wp-content\/uploads\/2021\/06\/Abbildung_5_Stellamaris_Seelenkalender_Stellamaris_Angela_Fischer-300x300.jpg\" alt width=\"300\" height=\"300\"><img loading=\"lazy\" decoding=\"async\" src=\"https:\/\/www.stellamaris-seelenkalender.de\/wp-content\/uploads\/2023\/07\/Wesensglieder-Wirkrichtungen-vier-GA-115-S.-39-300x296.png\" alt width=\"300\" height=\"296\"><\/p>\n<h6><strong>Abbildung<br>\n<\/strong><\/h6>\n<h6>Die Pyramide von Gizeh im Seelenkalender und die Wirkrichtungen der Wesensglieder von Rudolf Steiner (GA 115, S. 39, ohne die in die Dreidimensionalit\u00e4t f\u00fchrenden Richtungen von Empfindungsleib und Empfindungsseele) im Seelenkalender<\/h6>\n<p>Die Pyra\u00admide von Gizeh ver\u00adan\u00adschaulicht die gedanklich gebildete Pyra\u00admide. Bei genauer Betra\u00adch\u00adtung dieses Bauw\u00aderks f\u00e4llt auf, dass die vom Betra\u00adchter rechte Fl\u00e4che eine Teilungslin\u00adie zeigt. Diese entste\u00adht durch den Schat\u00adten\u00adwurf, denn eben\u00adso wie die anderen Fl\u00e4chen ist sie leicht nach innen geknickt. Das ver\u00adst\u00e4rkt den Ein\u00addruck von vier nach innen wirk\u00adenden Kr\u00e4ften. Diese vier Grund\u00adkr\u00e4fte k\u00f6n\u00adnen damals durch die vier Ele\u00admente aus\u00adge\u00addr\u00fcckt wor\u00adden sein. Heute sind sie durch Rudolf Stein\u00ader als die vier Wesens\u00adglieder-Wirkkr\u00e4fte beschrieben. M\u00f6glicher\u00adweise war eine geheime Jahres\u00adlauf-Weisheit die Inspi\u00adra\u00adtionsquelle f\u00fcr den Pyra\u00admi\u00adden\u00adbau, wie er an vie\u00adlen Orten der Welt vielf\u00e4ltig ver\u00adwirk\u00adlicht&nbsp;wurde.<\/p>\n<p>&nbsp;<\/p>\n<h4>Die Halbjahre als eigene Ganzheiten \u2014 das Yin- und Yang-Zeichen<\/h4>\n<p>Die bei\u00adden Alpha\u00adbete der Spruch\u00adbeze\u00adich\u00adnun\u00adgen teilen das Jahr in eine Som\u00admer- und eine Win\u00adter-Jahresh\u00e4lfte. Der Som\u00admer ist hell, der Win\u00adter dunkel. Yin und Yang wer\u00adden als die Wand\u00adlungsphasen beze\u00adich\u00adnet, wodurch allein schon der Bezug zum Jahres\u00adlauf deut\u00adlich wird: Yang gilt als durch\u00addrin\u00adgende helle Kraft, Yin als aufnehmende dun\u00adkle. Im See\u00adlenkalen\u00adder k\u00f6n\u00adnen die \u201cAugen\u201d dieser \u201eFis\u00adchchen\u201d, die tra\u00addi\u00adtionell in ein Kreis\u00adsym\u00adbol geze\u00adich\u00adneten wer\u00adden, im Spruch 23 W und 48 w gese\u00adhen wer\u00adden. Der Spruch 23 W zeigt in der hellen Som\u00admer-Jahresh\u00e4lfte einen erstaunlich dun\u00adklen Charak\u00adter. Der Gegen\u00adspruch 48 w ist im \u00e4u\u00dfer\u00adlich dun\u00adklen Win\u00adter-Hal\u00adb\u00adjahr ein Lichtspruch:<\/p>\n\t<u>23 W<br>\n<\/u>\nEs d\u00e4mpfet herb\u00adstlich sich<br>\nDer Sinne Reizesstreben,<br>\nIn Licht\u00ade\u00adsof\u00adfen\u00adbarung mischen<br>\nDer Nebel dumpfe Schleier sich,<br>\nIch sel\u00adber schau in Raumesweiten<br>\nDes Herb\u00adstes Weltenschlaf,<br>\nDer Som\u00admer hat an&nbsp;mich<br>\nSich sel\u00adber hingegeben.\n\t<u>48 w<br>\n<\/u>\nIm Lichte, das aus Weltenh\u00f6hen<br>\nDer Seele machtvoll flie\u00dfen will<br>\nErscheine, l\u00f6send Seelenr\u00e4tsel,<br>\nDes Wel\u00adtendenkens Sicherheit<br>\nVer\u00adsam\u00admel\u00adnd sein\u00ader Strahlen Macht<br>\nIm Men\u00adschen\u00adherzen Liebe weckend.&nbsp;<img decoding=\"async\" src=\"https:\/\/www.stellamaris-seelenkalender.de\/wp-content\/uploads\/2021\/06\/Abbildung_6_Stellamaris_Seelenkalender_Stellamaris_Angela_Fischer-300x298.jpg\" alt=\"Abbildung_6_Stellamaris_Seelenkalender_Stellamaris_Angela_Fischer\" itemprop=\"image\" title=\"Abbildung_6_Stellamaris_Seelenkalender_Stellamaris_Angela_Fischer\" onerror=\"this.style.display='none'\">\n\t<h6><strong>Abbildung<br>\n<\/strong><\/h6>\n<h6>Das Yin-Yang-Symbol im Seelenkalender von 1912\/13<\/h6>\n<h6>Die Gegenspr\u00fcche 23 W und 48 w bilden die \u201eAugen\u201d der Halbjahres-\u201eFischchen\u201d, die Integration der gegenteiligen Kraft<\/h6>\n\t<p>Jedes Hal\u00adb\u00adjahr ist im See\u00adlenkalen\u00adder nicht nur durch ein eigenes Alpha\u00adbet als Ganzheit gekennze\u00adich\u00adnet, son\u00addern auch, indem der Gegen\u00adsatz inte\u00adgri\u00adert wird. Die \u201cAugen\u201d der Halbjahres-\u201cFischchen\u201d sind der Keim des Neuen, die Gew\u00e4hr des Aus\u00adgle\u00adichs der Ein\u00adseit\u00adigkeit, des ewigen Wan\u00addels. Im Licht aus Wel\u00adtenh\u00f6hlen (48 w) k\u00fcndigt sich der helle Som\u00admer an, in den dumpfen Nebelschleiern (23 W) der dun\u00adkle Win\u00adter. Mit dem Keim oder Samen des Neuen begin\u00adnt sich dieses Neue einzuleben. Sicht\u00adbar wird dies durch die \u201cSchw\u00e4nzchen\u201d des jew\u00adeils ent\u00adge\u00adgenge\u00adset\u00adzten \u201cFis\u00adchchens\u201d. Ganz zart und fein begin\u00adnt es, bevor der eigentliche Wech\u00adsel der Hal\u00adb\u00adjahre stat\u00adtfind\u00adet. Ab der Woche 23 W bere\u00adit\u00adet sich der dun\u00adkle Win\u00adter vor, ab der Woche 48 w der helle Sommer.<\/p>\n\t\t\t<a href=\"https:\/\/www.stellamaris-seelenkalender.de\/?page_id=269#Das%20Gewicht%20des%20Osterfestes%20f%C3%BCr%20den%20Jahreslauf\" target=\"_self\" rel=\"noopener\">\n\t\t\t\t\t\tn\u00e4ch\u00adstes Kapitel&nbsp;<\/a>\n\t\t\t<a href=\"https:\/\/www.stellamaris-seelenkalender.de\/?page_id=269\" target=\"_self\" rel=\"noopener\">\n\t\t\t\t\t\tzur\u00fcck zur \u00dcbersicht&nbsp;<\/a>\n\n","protected":false},"excerpt":{"rendered":"<p>Das Urbild des Jahres\u00adlaufs als Ursprung alter Weisheit h\u00f6ren \u2026 Mit 26 Fu\u00df\u00adknochen je Fu\u00df wan\u00addert der Men\u00adsch seinen Lebensweg, und ste\u00adht er auf bei\u00adden F\u00fc\u00dfen, so sind es 52 Knochen. Auch die Zeit schre\u00adit\u00adet mit zweimal 26 Wochen durch das Jahr. Eine tiefe Beziehung beste\u00adht zwis\u00adchen dem Men\u00adschen und dem Jahres\u00adlauf. Seit Urzeit\u00aden&nbsp;war\u2026<\/p>\n","protected":false},"author":1,"featured_media":0,"parent":0,"menu_order":0,"comment_status":"closed","ping_status":"closed","template":"","meta":{"wp_typography_post_enhancements_disabled":false,"footnotes":""},"class_list":["post-282","page","type-page","status-publish","hentry"],"_links":{"self":[{"href":"https:\/\/www.stellamaris-seelenkalender.de\/index.php?rest_route=\/wp\/v2\/pages\/282","targetHints":{"allow":["GET"]}}],"collection":[{"href":"https:\/\/www.stellamaris-seelenkalender.de\/index.php?rest_route=\/wp\/v2\/pages"}],"about":[{"href":"https:\/\/www.stellamaris-seelenkalender.de\/index.php?rest_route=\/wp\/v2\/types\/page"}],"author":[{"embeddable":true,"href":"https:\/\/www.stellamaris-seelenkalender.de\/index.php?rest_route=\/wp\/v2\/users\/1"}],"replies":[{"embeddable":true,"href":"https:\/\/www.stellamaris-seelenkalender.de\/index.php?rest_route=%2Fwp%2Fv2%2Fcomments&post=282"}],"version-history":[{"count":0,"href":"https:\/\/www.stellamaris-seelenkalender.de\/index.php?rest_route=\/wp\/v2\/pages\/282\/revisions"}],"wp:attachment":[{"href":"https:\/\/www.stellamaris-seelenkalender.de\/index.php?rest_route=%2Fwp%2Fv2%2Fmedia&parent=282"}],"curies":[{"name":"wp","href":"https:\/\/api.w.org\/{rel}","templated":true}]}}