{"id":272,"date":"2021-06-08T20:56:11","date_gmt":"2021-06-08T18:56:11","guid":{"rendered":"https:\/\/www.stellamaris-seelenkalender.de\/?page_id=272"},"modified":"2022-01-20T09:20:31","modified_gmt":"2022-01-20T08:20:31","slug":"stellamaris-forschung","status":"publish","type":"page","link":"https:\/\/www.stellamaris-seelenkalender.de\/?page_id=272","title":{"rendered":"Stellamaris \u2014 Forschung"},"content":{"rendered":"\n<h2>\n\t\tForschung mit dem Seelenkalender&nbsp;<\/h2>\n\t\t\t<a href=\"https:\/\/www.stellamaris-seelenkalender.de\/?page_id=99\" target=\"_self\" role=\"button\" rel=\"noopener\">\n\t\t\t\t\t\th\u00f6ren&nbsp;<\/a>\n\t<p>\u2026 In der sp\u00e4teren Steinzeit und weit\u00ader in der Bronzezeit war ein diag\u00ado\u00adnales Kreuz eines der Erken\u00adnungsze\u00adichen dieser Leben spenden\u00adden Mut\u00adter\u00adgot\u00adtheit. Sie wurde als Vogel\u00adgot\u00adtheit verehrt, die das Wel\u00adtenei aus\u00adbr\u00fctet, alle Wesen n\u00e4hrt und die ver\u00adstor\u00adbe\u00adnen wieder in sich aufn\u00adimmt. Heute w\u00fcr\u00adden wir vielle\u00adicht sagen, diese Kraft ist die stets weit\u00ader\u00adstr\u00f6\u00admende Zeit. Sie bringt alles Neue her\u00advor, l\u00e4sst es wach\u00adsen, gedei\u00adhen und verge\u00adhen. Sie sorgt gerecht f\u00fcr alle Wesen, nie\u00admand hat mehr Zeit an einem Tag, einem Jahr als der Andere. Wie der Fl\u00fcgelschlag eines m\u00e4chti\u00adgen Vogels kann das Her\u00adan\u00adwe\u00adhen ein\u00ader Zeit-Ein\u00adheit erlebt wer\u00adden \u2014 egal, ob es sich dabei um einen Moment, eine Stunde, einen Tag oder ein Jahr handelt.<\/p>\n<p>Auch dem See\u00adlenkalen\u00adder ist durch die Licht\u00adspr\u00fcche ein solch\u00ades diag\u00ado\u00adnales Kreuz eingeschrieben. Dadurch kann ich den See\u00adlenkalen\u00adder und mit ihm den Jahreskreis als diese Mut\u00adter\u00adgot\u00adtheit betrachten.<\/p>\n\t\t\t\t<img decoding=\"async\" src=\"https:\/\/www.stellamaris-seelenkalender.de\/wp-content\/plugins\/bb-plugin\/img\/pixel.png\" alt itemprop=\"image\" onerror=\"this.style.display='none'\">\n\t\t\t\t<img decoding=\"async\" src=\"https:\/\/www.stellamaris-seelenkalender.de\/wp-content\/uploads\/2021\/06\/Abbildung_1_a_Stellamaris_Seelenkalender_Stellamaris_Angela_Fischer-1-300x300.jpg\" alt=\"Abbildung_1_a_Stellamaris_Seelenkalender_Stellamaris_Angela_Fischer\" itemprop=\"image\" title=\"Abbildung_1_a_Stellamaris_Seelenkalender_Stellamaris_Angela_Fischer\" onerror=\"this.style.display='none'\">\n\t\t\t\t<img decoding=\"async\" src=\"https:\/\/www.stellamaris-seelenkalender.de\/wp-content\/uploads\/2021\/06\/Abbildung_1_b_Stellamaris_Seelenkalender_Stellamaris_Angela_Fischer-300x300.jpg\" alt=\"Abbildung_1_b_Stellamaris_Seelenkalender_Stellamaris_Angela_Fischer\" itemprop=\"image\" title=\"Abbildung_1_b_Stellamaris_Seelenkalender_Stellamaris_Angela_Fischer\" onerror=\"this.style.display='none'\">\n\t\t\t\t<img decoding=\"async\" src=\"https:\/\/www.stellamaris-seelenkalender.de\/wp-content\/uploads\/2021\/06\/Abbildung_1_c_Stellamaris_Seelenkalender_Stellamaris_Angela_Fischer-300x238.jpg\" alt=\"Abbildung_1_c_Stellamaris_Seelenkalender_Stellamaris_Angela_Fischer\" itemprop=\"image\" title=\"Abbildung_1_c_Stellamaris_Seelenkalender_Stellamaris_Angela_Fischer\" onerror=\"this.style.display='none'\">\n\t<h6><strong>Abbildung<br>\n<\/strong><\/h6>\n<h6>Die Leben spendende G\u00f6ttin der Stein- und Bronzezeit, die Vogelg\u00f6ttin, kennzeichnet ein diagonales Kreuz, das im Kreuz der Lichtspr\u00fcche des Seelenkalenders wiedergefunden werden kann (zur ver\u00e4nderten Orientierung des Jahreslaufes siehe&nbsp;unten)<br>\nRitzung auf Schiefertafel, Portugal, 3500 \u20113000 v.Chr. (A. Meyer, Gavrinis)<br>\nStatuetten, Serbien, ca. 5000 v.Chr. (M. Gimbutas, Die Sprache der G\u00f6ttin)<\/h6>\n\t\t\t<a href=\"https:\/\/www.stellamaris-seelenkalender.de\/?page_id=269#Der%20Seelenkalender%20als%20Erkenntniswerkzeug\" target=\"_self\" role=\"button\" rel=\"noopener\">\n\t\t\t\t\t\tn\u00e4ch\u00adstes Kapitel&nbsp;<\/a>\n\t\t\t<a href=\"https:\/\/www.stellamaris-seelenkalender.de\/?page_id=269\" target=\"_self\" role=\"button\" rel=\"noopener\">\n\t\t\t\t\t\tzur\u00fcck zur \u00dcbersicht&nbsp;<\/a>\n","protected":false},"excerpt":{"rendered":"<p>Forschung mit dem See\u00adlenkalen\u00adder h\u00f6ren \u2026 In der sp\u00e4teren Steinzeit und weit\u00ader in der Bronzezeit war ein diag\u00ado\u00adnales Kreuz eines der Erken\u00adnungsze\u00adichen dieser Leben spenden\u00adden Mut\u00adter\u00adgot\u00adtheit. Sie wurde als Vogel\u00adgot\u00adtheit verehrt, die das Wel\u00adtenei aus\u00adbr\u00fctet, alle Wesen n\u00e4hrt und die ver\u00adstor\u00adbe\u00adnen wieder in sich aufn\u00adimmt. Heute w\u00fcr\u00adden wir vielle\u00adicht sagen, diese Kraft ist die&nbsp;stets\u2026<\/p>\n","protected":false},"author":1,"featured_media":0,"parent":0,"menu_order":0,"comment_status":"closed","ping_status":"closed","template":"","meta":{"wp_typography_post_enhancements_disabled":false,"footnotes":""},"class_list":["post-272","page","type-page","status-publish","hentry"],"_links":{"self":[{"href":"https:\/\/www.stellamaris-seelenkalender.de\/index.php?rest_route=\/wp\/v2\/pages\/272","targetHints":{"allow":["GET"]}}],"collection":[{"href":"https:\/\/www.stellamaris-seelenkalender.de\/index.php?rest_route=\/wp\/v2\/pages"}],"about":[{"href":"https:\/\/www.stellamaris-seelenkalender.de\/index.php?rest_route=\/wp\/v2\/types\/page"}],"author":[{"embeddable":true,"href":"https:\/\/www.stellamaris-seelenkalender.de\/index.php?rest_route=\/wp\/v2\/users\/1"}],"replies":[{"embeddable":true,"href":"https:\/\/www.stellamaris-seelenkalender.de\/index.php?rest_route=%2Fwp%2Fv2%2Fcomments&post=272"}],"version-history":[{"count":0,"href":"https:\/\/www.stellamaris-seelenkalender.de\/index.php?rest_route=\/wp\/v2\/pages\/272\/revisions"}],"wp:attachment":[{"href":"https:\/\/www.stellamaris-seelenkalender.de\/index.php?rest_route=%2Fwp%2Fv2%2Fmedia&parent=272"}],"curies":[{"name":"wp","href":"https:\/\/api.w.org\/{rel}","templated":true}]}}