{"id":240,"date":"2021-05-28T15:54:23","date_gmt":"2021-05-28T13:54:23","guid":{"rendered":"https:\/\/www.stellamaris-seelenkalender.de\/?page_id=240"},"modified":"2021-10-07T22:41:15","modified_gmt":"2021-10-07T20:41:15","slug":"gut-zu-wissen-zahlenraetsel","status":"publish","type":"page","link":"https:\/\/www.stellamaris-seelenkalender.de\/?page_id=240","title":{"rendered":"Gut zu wissen \u2014 Zahlenr\u00e4tsel"},"content":{"rendered":"\n<h2>\n\t\tDas Buchstaben-Zahlenr\u00e4tsel in der Chymischen Hochzeit und der Seelenkalender&nbsp;<\/h2>\n\t\t\t<a href=\"https:\/\/www.stellamaris-seelenkalender.de\/?page_id=99\" target=\"_self\" role=\"button\" rel=\"noopener\">\n\t\t\t\t\t\th\u00f6ren&nbsp;<\/a>\n\t<p>\u2026 es als ein Fin\u00adgerzeig ver\u00adstanden wer\u00adden, dass es in der zen\u00adtralen Schrift der Rosenkreuzer, genan\u00adnt \u201eChymis\u00adchen Hochzeit Chris\u00adtiani Rosenkreutz Anno 1459\u201d, ein R\u00e4t\u00adsel gibt, das l\u00f6s\u00adbar ist, wenn genau die Zahl-Buch\u00adstaben-Kodierung des See\u00adlenkalen\u00adders von 1912\/13 ver\u00adwen\u00addet&nbsp;wird:<\/p>\n<p>1=A; 2=B; 3=C; usw. dann 9=i; &lt;J&gt; wird \u00fcber\u00adsprun\u00adgen; 10=K; 11=L; 12 ent\u00adf\u00e4llt; 13=M usw. Als Begr\u00fcn\u00addung f\u00fcr diese Unregelm\u00e4\u00dfigkeit\u00aden kann ver\u00admutet wer\u00adden, dass &lt;J&gt; f\u00fcr Jeho\u00adva, den unaussprech\u00adlichen Namen Gottes ste\u00adht und deshalb \u00fcber\u00adsprun\u00adgen wird und 12 den ganzen Tierkreis, mithin die gesamte Sch\u00f6p\u00adfung umfasst, weshalb kein einzel\u00adner Buch\u00adstabe die Gesamtheit der Logoskr\u00e4fte aus\u00addr\u00fcck\u00aden&nbsp;kann.<\/p>\n<p>&nbsp;<\/p>\n<h4>Das R\u00e4tsel lautet:<\/h4>\n<p>Am drit\u00adten Tag, nach\u00addem die Geist\u00adsuch\u00ader durch Wiegen moralisch gepr\u00fcft wor\u00adden waren, fol\u00adgt das R\u00e4t\u00adsel. Es ist die Antwort der Jungfrau, nach\u00addem die Haupt\u00adfig\u00adur der Geschichte diese nach ihrem Namen gefragt hatte:<\/p>\n<p>\u201eMein Name enth\u00e4lt f\u00fcn\u00adfund\u00adf\u00fcn\u00adfzig, und hat doch nur acht Buch\u00adstaben; der dritte [3] ist des f\u00fcn\u00adften [9] drit\u00adter Teil; kommt jen\u00ader dritte dann zu dem sech\u00adsten [13], so wird daraus eine Zahl, deren Wurzel schon um den ersten Buch\u00adstaben [1] gr\u00f6\u00dfer wird, als der dritte selb\u00adst ist, und er ist des vierten [8] H\u00e4lfte. Sind aber der f\u00fcn\u00adfte [9] und siebente [9] gle\u00adich, so ist auch der let\u00adzte [1] dem ersten gle\u00adich [1], und sie machen mit dem zweit\u00aden [11] soviel, als der sech\u00adste [13] hat, der doch nur um vier mehr als der dritte [3] dreimal hat. Nun sagt mir, mein Herr, wie hei\u00dfe ich? \u2014 Das R\u00e4t\u00adsel kam mir kraus genug vor; trotz\u00addem lie\u00df ich nicht nach, son\u00addern fragte: &lt;Edle und tugend\u00adsame Jungfrau, darf ich nicht wenig\u00adstens einen einzi\u00adgen Buch\u00adstaben erfahren?&gt; \u2014 &lt;Jawohl,&gt; sprach sie, &lt;das l\u00e4sst sich wohl machen.&gt; \u2014 &lt;Was mag denn,&gt; antwortete ich wieder, &lt;der siebente enthal\u00adten?&gt; \u2014 &lt;Er hat,&gt; sagte sie, &lt;so viel der Her\u00adren hier sind&gt; Damit war ich zufrieden und fand ihren Namen mit Leichtigkeit\u201d (Die Chymis\u00adche Hochzeit des Chris\u00adt\u00adian Rosenkreuz Anno 1459, Aufgeze\u00adich\u00adnet durch Johann Valentin Andreae, ins Neudeutsche \u00fcber\u00adtra\u00adgen von Dr. Wal\u00adter Weber, Dor\u00adnach 1942, S. 42 f). Die Erg\u00e4nzun\u00adgen in eck\u00adi\u00adgen Klam\u00admern wur\u00adden von mir einge\u00adf\u00fcgt, um das R\u00e4t\u00adsel leichter nachvol\u00adlziehen zu k\u00f6nnen.<\/p>\n<p>Die Jungfrau hei\u00dft also ALCHIMIA, gerech\u00adnet: 55=1A+11L+3C+8H+9i+13M+9i+1A. Alchimia ist die Per\u00adson\u00adifika\u00adtion von Alchemie bzw. Alchimie, der Kun\u00adst der Ver\u00adwand\u00adlung der Stoffe. Dabei ging es nicht, wie meist angenom\u00admen, um die Her\u00adstel\u00adlung von Gold, son\u00addern um die Gewin\u00adnung echter Weisheit.<\/p>\n<p>&nbsp;<\/p>\n<h4>Alchemie \u2014 die Erforschung der Entstehungs- und Verwesungskr\u00e4fte der&nbsp;Seele<\/h4>\n<p>\u00dcber das eigentliche Ziel alchemistis\u00adch\u00ader Exper\u00adi\u00admente \u00e4u\u00dfert sich Rudolf Stein\u00ader fol\u00adgen\u00adder\u00adma\u00dfen: \u201eUnd wenn man selb\u00adst als Hellse\u00adher einem solchen Exper\u00adi\u00adment beige\u00adwohnt h\u00e4tte, so h\u00e4tte man eine Ver\u00e4n\u00adderung der Aura des betr\u00ade\u00adf\u00adfend\u00aden Men\u00adschen, der das Exper\u00adi\u00adment aus\u00adf\u00fchrte, wahrgenom\u00admen. Die Aura, die vor dem Exper\u00adi\u00adment sehr gemis\u00adcht war, die vielle\u00adicht erf\u00fcllt gewe\u00adsen war von Begier\u00adden, Trieben, denen sich der Betr\u00ade\u00adf\u00adfende hingegeben hat\u00adte, wurde durch das Exper\u00adi\u00adment ein\u00adfar\u00adbiger. Zuerst, bei dem Exper\u00adi\u00adment der Salz\u00adbil\u00addung: kupfern \u2014 reine Gottes\u00adgedanken -, dann, bei dem Exper\u00adi\u00adment der Aufl\u00f6\u00adsung: sil\u00adbern \u2014 G\u00f6t\u00adter\u00adliebe -, und endlich goldgl\u00e4nzend \u2014 G\u00f6t\u00adteropfer\u00adliebe oder G\u00f6t\u00adteropfer\u00addi\u00adenst \u2014 bei der Ver\u00adbren\u00adnung. Und die Alchimis\u00adten sagten dann, sie h\u00e4t\u00adten aus der Aura das sub\u00adjek\u00adtive Kupfer, das sub\u00adjek\u00adtive Sil\u00adber und das sub\u00adjek\u00adtive Gold gemacht. Und die Folge davon war, dass der\u00adjenige, der so etwas durchgemacht hat\u00adte, der ein solch\u00ades Exper\u00adi\u00adment wirk\u00adlich inner\u00adlich erlebte, von g\u00f6t\u00adtlich\u00ader Liebe ganz durch\u00addrun\u00adgen wurde. Also ein von Rein\u00adheit, Liebe und Opfer\u00adwillen durch\u00addrun\u00adgener Men\u00adsch kam dabei her\u00adaus, und durch diesen Opfer\u00addi\u00adenst bere\u00adit\u00adeten die mit\u00adte\u00adlal\u00adter\u00adlichen Theosophen ein gewiss\u00ades Hellse\u00adhen vor. So kon\u00adnte der mit\u00adte\u00adlal\u00adter\u00adliche Theosoph hinein\u00adschauen in die Art, wie hin\u00adter der Maja geistige Wesen die Dinge entste\u00adhen und wieder verge\u00adhen lie\u00dfen. Und dadurch sah er dann auch ein, welche Bestre\u00adbungskr\u00e4fte in der Seele in uns f\u00f6rdernd sind und welche nicht. Er lernte unsere eige\u00adnen Entste\u00adhungs- und Ver\u00adwe\u00adsungskr\u00e4fte ken\u00adnen. Der mit\u00adte\u00adlal\u00adter\u00adliche Theosoph <em>Hein\u00adrich Khun\u00adrath<\/em> nan\u00adnte, in einem Augen\u00adblick der Aufk\u00adl\u00e4rung, diesen Prozess das Gesetz der Entste\u00adhung und Verwesung.<\/p>\n<p>Aus dem Nat\u00adu\u00adran\u00adblick wurde dem mit\u00adte\u00adlal\u00adter\u00adlichen Theosophen das Gesetz der Aufw\u00e4rt\u00adsen\u00adtwick\u00adelung und des Abstiegs klar. Die Wis\u00adsenschaft, die er sich dadurch aneignete, dr\u00fcck\u00adte er in gewis\u00adsen Zeichen, in imag\u00adi\u00adna\u00adtiv\u00aden Bildern und Fig\u00aduren aus. Es war eine Art imag\u00adi\u00adna\u00adtiv\u00ader Erken\u00adnt\u00adnis. \u2026. \u00abDie geheimen Fig\u00aduren der Rosenkreuzer\u00bb, [sind] \u2026 ein Resul\u00adtat von dem eben Besproch\u00adenen.\u201d (Rudolf Stein\u00ader, <a href=\"http:\/\/fvn-archiv.net\/PDF\/GA\/GA130.pdf#page=72&amp;view=Fit\" target=\"_blank\" rel=\"noopener\">GA 130, S. 72ff<\/a>, Anthrowiki.at, Alchemie)<\/p>\n<p>Der Jahres\u00adlauf kann als das gro\u00dfe Urbild der Prozesse von Entste\u00adhen und Verge\u00adhen (Ver\u00adwe\u00adsung) ange\u00adse\u00adhen wer\u00adden. Die Erde ist der Lab\u00ado\u00adra\u00adto\u00adri\u00adums-Tisch der gro\u00dfen Alchemistin, der Natur. Es ist also sicher\u00adlich kein Zufall, dass Rudolf Stein\u00ader den Zahlen-Buch\u00adstaben-Code aus obigem Rosenkreuzer-R\u00e4t\u00adsel f\u00fcr den See\u00adlenkalen\u00adder benutzt. Im Gegen\u00adteil, nur mit der Benen\u00adnung der Spr\u00fcche der Aus\u00adgabe von 1912\/13 k\u00f6n\u00adnen die Prozesse der Seele, die im See\u00adlenkalen\u00adder geschildert wer\u00adden, in ihrem Zusam\u00admen\u00adwirken erkan\u00adnt werden.<\/p>\n<p>&nbsp;<\/p>\n<h4>Erg\u00e4nzung<\/h4>\n<p>Rudolf Stein\u00ader war die Ver\u00adbre\u00aditung des See\u00adlenkalen\u00adders so wichtig, dass er sie im Ersten Weltkrieg in die Zigaret\u00adten\u00adp\u00e4ckchen pack\u00aden lie\u00df, die f\u00fcr die Sol\u00addat\u00aden an der Front bes\u00adtimmt waren. In dieser Ver\u00f6f\u00adfentlichung wie auch in anderen kleinen Aufla\u00adgen w\u00e4hrend sein\u00ader Leben\u00adszeit, wur\u00adden die Spr\u00fcche nur mit Num\u00admern, nicht aber mit Buch\u00adstaben gekennzeichnet.<\/p>\n\t\t\t<a href=\"https:\/\/www.stellamaris-seelenkalender.de\/?page_id=225\" target=\"_self\" role=\"button\" rel=\"noopener\">\n\t\t\t\t\t\tzur\u00fcck zur \u00dcbersicht&nbsp;<\/a>\n\n","protected":false},"excerpt":{"rendered":"<p>Das Buch\u00adstaben-Zahlen\u00adr\u00e4t\u00adsel in der Chymis\u00adchen Hochzeit und der See\u00adlenkalen\u00adder h\u00f6ren \u2026 es als ein Fin\u00adgerzeig ver\u00adstanden wer\u00adden, dass es in der zen\u00adtralen Schrift der Rosenkreuzer, genan\u00adnt \u201eChymis\u00adchen Hochzeit Chris\u00adtiani Rosenkreutz Anno 1459\u201d, ein R\u00e4t\u00adsel gibt, das l\u00f6s\u00adbar ist, wenn genau die Zahl-Buch\u00adstaben-Kodierung des See\u00adlenkalen\u00adders von 1912\/13 ver\u00adwen\u00addet&nbsp;wird: 1=A; 2=B; 3=C; usw. dann 9=i; &lt;J&gt;&nbsp;wird\u2026<\/p>\n","protected":false},"author":1,"featured_media":0,"parent":0,"menu_order":0,"comment_status":"closed","ping_status":"closed","template":"","meta":{"wp_typography_post_enhancements_disabled":false,"footnotes":""},"class_list":["post-240","page","type-page","status-publish","hentry"],"_links":{"self":[{"href":"https:\/\/www.stellamaris-seelenkalender.de\/index.php?rest_route=\/wp\/v2\/pages\/240","targetHints":{"allow":["GET"]}}],"collection":[{"href":"https:\/\/www.stellamaris-seelenkalender.de\/index.php?rest_route=\/wp\/v2\/pages"}],"about":[{"href":"https:\/\/www.stellamaris-seelenkalender.de\/index.php?rest_route=\/wp\/v2\/types\/page"}],"author":[{"embeddable":true,"href":"https:\/\/www.stellamaris-seelenkalender.de\/index.php?rest_route=\/wp\/v2\/users\/1"}],"replies":[{"embeddable":true,"href":"https:\/\/www.stellamaris-seelenkalender.de\/index.php?rest_route=%2Fwp%2Fv2%2Fcomments&post=240"}],"version-history":[{"count":0,"href":"https:\/\/www.stellamaris-seelenkalender.de\/index.php?rest_route=\/wp\/v2\/pages\/240\/revisions"}],"wp:attachment":[{"href":"https:\/\/www.stellamaris-seelenkalender.de\/index.php?rest_route=%2Fwp%2Fv2%2Fmedia&parent=240"}],"curies":[{"name":"wp","href":"https:\/\/api.w.org\/{rel}","templated":true}]}}