{"id":2189,"date":"2024-04-06T23:27:01","date_gmt":"2024-04-06T21:27:01","guid":{"rendered":"https:\/\/www.stellamaris-seelenkalender.de\/?page_id=2189"},"modified":"2026-04-05T23:18:23","modified_gmt":"2026-04-05T21:18:23","slug":"blog-beitrag-1-2-copy-3-copy-7","status":"publish","type":"page","link":"https:\/\/www.stellamaris-seelenkalender.de\/?page_id=2189","title":{"rendered":"Blog \u2014 Spiegelspr\u00fcche 1 A \u2014 52&nbsp;z"},"content":{"rendered":"\n\n\t<p><img loading=\"lazy\" decoding=\"async\" src=\"https:\/\/www.stellamaris-seelenkalender.de\/wp-content\/uploads\/2024\/04\/1-A-52-z-2-259x300.png\" alt width=\"259\" height=\"300\"><\/p>\n<h4><strong>Die spiegelnden Mantren 1 A und 52&nbsp;z<\/strong><\/h4>\n<table width=\"639\">\n<tbody>\n<tr>\n<td width=\"311\">\n<p><strong>FR\u00dcHLING<\/strong><\/p>\n<p><strong>1 A Oster-Stimmung<\/strong><\/p>\n<p><u>Wenn aus den<\/u> <strong>Wel\u00adtenweit\u00aden<\/strong><\/p>\n<p><u>Die<\/u> <strong>Sonne<\/strong> spricht <u>zum<\/u> Menschensinn<\/p>\n<p><u>Und<\/u> <strong>Freude<\/strong> <u>aus<\/u> den <strong>See\u00adlen\u00adtiefen<\/strong><\/p>\n<p>Dem Licht sich eint im Schauen,<\/p>\n<p><u>Dann ziehen aus<\/u> der <strong>Selb\u00ads\u00adtheit&nbsp;H\u00fclle<\/strong><\/p>\n<p><strong>Gedanken<\/strong> <u>in<\/u> die <strong>Raumes\u00adfer\u00adnen<\/strong><\/p>\n<p><u>Und<\/u> <strong>binden<\/strong> dumpf<\/p>\n<p><u>Des<\/u> <strong>Men\u00adschen<\/strong> <u>Wesen<\/u> an des <strong>Geistes<\/strong> <u>Sein<\/u>.<\/p>\n&nbsp;<\/td>\n<td width=\"16\"><strong>&nbsp;<\/strong><\/td>\n<td width=\"311\">&nbsp;\n<p><strong>&nbsp;<\/strong><strong>52 z<\/strong><\/p>\n<p><u>Wenn aus den<\/u> <strong>See\u00adlen\u00adtiefen<\/strong><\/p>\n<p><u>Der<\/u> <strong>Geist<\/strong> sich wen\u00addet <u>zu dem<\/u> Weltensein<\/p>\n<p><u>Und<\/u> <strong>Sch\u00f6n\u00adheit<\/strong> quillt <u>aus<\/u> <strong>Raumesweit\u00aden<\/strong>,<\/p>\n<p>\u2026<\/p>\n<p><u>Dann zieht aus<\/u> <strong>Him\u00admels\u00adfer\u00adnen<\/strong><\/p>\n<p>Des <strong>Lebens Kraft<\/strong> <u>in<\/u> <strong>Men\u00adschen\u00adleiber<\/strong><\/p>\n<p><u>Und<\/u> <strong>einet<\/strong>, machtvoll wirkend,<\/p>\n<p><u>Des<\/u> <strong>Geistes<\/strong> <u>Wesen<\/u> mit dem <strong>Men\u00adschen<\/strong><u>sein<\/u>.<\/p>\n&nbsp;<\/td>\n<\/tr>\n<\/tbody>\n<\/table>\n<h4>Musik zum Mantra 1 A \u2014 heiter \u2014 komponiert von Herbert Lippmann<\/h4>\n<audio class=\"wp-audio-shortcode\" id=\"audio-2189-1\" preload=\"none\" style=\"width: 100%;\" controls=\"controls\"><source type=\"audio\/mpeg\" src=\"https:\/\/www.stellamaris-seelenkalender.de\/wp-content\/uploads\/2024\/09\/1-A-Lippmann-Fraktal-KW-01-heiter-0\u00b430.mp3?_=1\"><a href=\"https:\/\/www.stellamaris-seelenkalender.de\/wp-content\/uploads\/2024\/09\/1-A-Lippmann-Fraktal-KW-01-heiter-0\u00b430.mp3\">https:\/\/www.stellamaris-seelenkalender.de\/wp-content\/uploads\/2024\/09\/1\u2011A-Lippmann-Fraktal-KW-01-heiter\u20110\u00b430.mp3<\/a><\/audio>\n<h4>Musik zum Mantra 52 z \u2014 frei \u2014 komponiert von Herbert Lippmann<\/h4>\n<audio class=\"wp-audio-shortcode\" id=\"audio-2189-2\" preload=\"none\" style=\"width: 100%;\" controls=\"controls\"><source type=\"audio\/mpeg\" src=\"https:\/\/www.stellamaris-seelenkalender.de\/wp-content\/uploads\/2024\/09\/52-z-Lippmann-Fraktal-KW-52-frei-0\u00b450.mp3?_=2\"><a href=\"https:\/\/www.stellamaris-seelenkalender.de\/wp-content\/uploads\/2024\/09\/52-z-Lippmann-Fraktal-KW-52-frei-0\u00b450.mp3\">https:\/\/www.stellamaris-seelenkalender.de\/wp-content\/uploads\/2024\/09\/52-z-Lippmann-Fraktal-KW-52-frei\u20110\u00b450.mp3<\/a><\/audio>\n<h4><strong>\u00dcber die Spiegelspr\u00fcche 1 A und 52&nbsp;z<br>\n<\/strong><\/h4>\n<p>Die Mantren <a href=\"https:\/\/www.stellamaris-seelenkalender.de\/?page_id=781\">1 A<\/a> und <a href=\"https:\/\/www.stellamaris-seelenkalender.de\/?page_id=1778\">52 z<\/a> spiegeln beson\u00adders deut\u00adlich. Das bedeutet, dass ihre gram\u00adma\u00adtis\u00adche Grund\u00adstruk\u00adtur auf\u00adfal\u00adl\u00adend par\u00adal\u00adlel gebaut ist. Diese bei\u00adden Mantren sind die einzi\u00adgen spiegel\u00adnden Mantren im See\u00adlenkalen\u00adder-Jahr, die au\u00dfer\u00addem zeitlich aufeinan\u00adder fol\u00adgen, denn im Herb\u00adst, dort wo dies Ph\u00e4nomen wieder auftreten k\u00f6n\u00adnte, spiegeln die Mantren 26 Z und 27 a nicht. Bei\u00adde Ph\u00e4nomene bedeuten eine beson\u00adders starke Ver\u00adket\u00adtung des ersten Mantras im See\u00adlenkalen\u00adder-Jahr mit dem Letzten.<\/p>\n<p>Bei\u00adde Mantren sind auf dem Schema \u201cWenn \u2026 und \u2026 dann \u2026 und\u201d aufge\u00adbaut. Aus zwei miteinan\u00adder ver\u00adbun\u00adde\u00adnen urs\u00e4ch\u00adlichen Bedin\u00adgun\u00adgen entste\u00adht eine Wirkung, die eben\u00adfalls zwei\u00adgliedrig ist. Bei\u00adde Mantren sind in der neu\u00adtralen drit\u00adten Per\u00adson geschrieben. Sie schildern Prozesse, die nicht vom bewussten Mitvol\u00adlzug des Men\u00adschen abh\u00e4ngig sind. Welche bei\u00adden grundle\u00adgen\u00adden seel\u00adis\u00adchen Bewe\u00adgun\u00adgen sind&nbsp;das?<\/p>\n<p>Im Mantra 1 A spricht die Sonne zum Men\u00adschensinn. Sie spricht damit \u00fcber die Wahrnehmung, die Sinne, den Ver\u00adstand des Men\u00adschen an \u2014 genauer den Aspekt, der den Sinn, die Bedeu\u00adtung, erken\u00adnt. Die Sonne spricht aus den Wel\u00adtenweit\u00aden \u2014 und ich erlebe den Men\u00adschen im Zen\u00adtrum dieser Weit\u00aden, ganz so, wie jed\u00ader Men\u00adsch stets im Zen\u00adtrum seines Hor\u00adi\u00adzon\u00adtkreis\u00ades ste\u00adht. Dieser Son\u00adnenansprache, dem kos\u00admis\u00adchen Son\u00adnen\u00adwort, antwortet die Seele mit dem Auf\u00adsteigen von Freude. Die Freude des Men\u00adschen und das Licht der Sonne vere\u00adinen sich im Schauen \u2014 im Wahrnehmungsvorgang.<\/p>\n<p>Im Mantra 52 z wen\u00addet sich der Geist, der als g\u00f6t\u00adtlich\u00ader Funke im Men\u00adschen anwe\u00adsend ist, aus der Tiefe der Seele auf\u00adsteigend, dem Wel\u00adten\u00adsein zu. Dieser men\u00adschliche Geist ist nicht eins mit der Welt, er macht keine Ein\u00adheit\u00adser\u00adfahrung, son\u00addern eine duale. Der Geist wen\u00addet sich also dem Sein der Welt zu, stellt sich ihm gegen\u00fcber. Und ger\u00adade das Erleben der Dual\u00adit\u00e4t ist hier das Wichtige. Das Gegen\u00fcber\u00adste\u00adhen der Welt ist zum einen der Anfang von Beziehung und zum anderen die Grund\u00adlage f\u00fcr den Men\u00adschen, sich des eige\u00adnen Daseins bewusst zu wer\u00adden. Aus der Erken\u00adnt\u00adnis der Sinnhaftigkeit dieser Dual\u00adit\u00e4t, der gegen\u00adseit\u00adi\u00adgen Erg\u00e4nzungs\u00adbed\u00fcrftigkeit, quillt Sch\u00f6n\u00adheit aus Raumesweit\u00aden, aus dem wahrnehm\u00adbaren Umraum dem Men\u00adschen zu. Was vor\u00addem Wider\u00adstand dem Frem\u00adden gegen\u00fcber war, kann sich in Har\u00admonie wan\u00addeln und dieser har\u00admonis\u00adche Zus\u00adtand der Dual\u00adit\u00e4t l\u00e4sst die Welt in Sch\u00f6n\u00adheit erstrahlen.<\/p>\n<p>Im Mantra 1 A spricht der makrokos\u00admis\u00adche Logos im Bild der Sonne zum Wahrnehmungs\u00admen\u00adschen. Freude ist seine Antwort. Im Mantra 52 z wen\u00addet sich der mikrokos\u00admis\u00adche Logos, der ver\u00adst\u00e4ndi\u00adge Geist, fra\u00adgend der Welt zu, die ihn mit Sch\u00f6n\u00adheit beschenkt.<\/p>\n<p>Das \u201cDann\u201d ist kon\u00adse\u00adquenter\u00adweise jew\u00adeils ein Prozess des Part\u00adners: im Mantra 1 A ist die auf die Ursache der Son\u00adnenansprache fol\u00adgende Wirkung ein Prozess im Men\u00adschen; im Mantra 52 z fol\u00adgt auf die Aktiv\u00adit\u00e4t des Men\u00adschen ein kos\u00admis\u00adch\u00ader Prozess.<\/p>\n<p>Im Mantra 1 A ziehen (men\u00adschliche) Gedanken in die Raumes\u00adfer\u00adnen au\u00dfer\u00adhalb des Men\u00adschen; im Mantra 52 z zieht aus Him\u00admels\u00adfer\u00adnen die Kraft des Lebens in Men\u00adschen\u00adleiber. Die Gedanken (1 A) ziehen vom Zen\u00adtrum in den geisti\u00adgen Umkreis; das Leben (52 z) zieht aus dem sph\u00e4risch vorstell\u00adbaren geisti\u00adgen Him\u00admels\u00adgew\u00f6lbe in den Leib. Inter\u00ades\u00adsan\u00adter\u00adweise ste\u00adhen die Zielorte bei\u00adder Bewe\u00adgun\u00adgen in der Mehrzahl: es hei\u00dft nicht Raumesweite, son\u00addern Raumesweit\u00aden und nicht Men\u00adschen\u00adleib, son\u00addern Men\u00adschen\u00adleiber. Die Wirkung ist jew\u00adeils keine punk\u00adtuelle, son\u00addern eine gro\u00dffl\u00e4chige, gestreute, die geistige oder irdis\u00adche Gemein\u00adschaft betr\u00ade\u00adf\u00adfende. Was von einem einzel\u00adnen Men\u00adschen bzw. der sin\u00adgul\u00e4ren Sonne aus\u00adge\u00adgan\u00adgen war, hat gro\u00dffl\u00e4chige Kon\u00adse\u00adquen\u00adzen. Die Macht und Ver\u00adant\u00adwortlichkeit des Einzel\u00adnen wird im Mantra 52 z deut\u00adlich, das all\u00adge\u00admein Men\u00adschliche im Mantra 1&nbsp;A.<\/p>\n<p>Bis hier\u00adher waren die Prozesse abge\u00adse\u00adhen von ihren Aus\u00adgangs- und Zielpunk\u00adten fast syn\u00adchron: in bei\u00adden Mantren <em>zieht<\/em> etwas <em>aus<\/em> etwas <em>in<\/em> etwas. Nun fol\u00adgt eine Dif\u00adferen\u00adzierung, obwohl bei\u00adde Ver\u00adben Zusam\u00admen\u00adf\u00fchrung meinen. Doch das Verb \u201cbinden\u201d hat einen autorit\u00e4ren, zwin\u00adgen\u00adden Charak\u00adter, \u201ceinen\u201d set\u00adzt dage\u00adgen Frei\u00adwilligkeit voraus. In bei\u00adden Mantren wird Wesen mit Sein verkn\u00fcpft. Im Mantra 1 A <em>bindet<\/em> der vorherge\u00adhende Prozess das <em>Wesen<\/em> des Men\u00adschen an das <em>Sein<\/em> des Geistes; im Mantra 52 z <em>eint<\/em> der Prozess das <strong><em>Wesen<\/em><\/strong> des Geistes mit dem <em>Sein<\/em> des Men\u00adschen, dem Men\u00adschen\u00adsein. Im Mantra 1 A geschieht dies dumpf, unbe\u00adwusst, im Mantra 52 z machtvoll wirk\u00adend, also gewollt.<\/p>\n<p>Der Men\u00adsch bindet sich durch auf\u00adsteigende Gedanken (1 A) unbe\u00adwusst an den Geist, er kann gar nicht anders, sofern er auf die Anre\u00adgun\u00adgen sein\u00ader Sinne durch die Sonne mit Gef\u00fchl, mit auf\u00adsteigen\u00adder Freude antwortet. Der Geist eint sich Leben spendend (52 z), sich hin\u00adschenk\u00adend, mit dem Men\u00adschen, sofern der men\u00adschliche Geist sich der Welt zuwen\u00addet und ihre sinnhafte Sch\u00f6n\u00adheit erschaut.<\/p>\n<p>Betra\u00adchte ich die bei\u00adden Hal\u00adb\u00adjahre als zwei S\u00e4ulen, so bilden die Mantren 1 A und 52 z das Fun\u00adda\u00adment ihrer S\u00e4ule. Die S\u00e4ule des Som\u00admer-Hal\u00adb\u00adjahres mit dem Mantra 1 A als Basis spricht von der Sonne, dem makrokos\u00admis\u00adchen Licht aus den Wel\u00adtenweit\u00aden, das \u00fcber die Wahrnehmung im Men\u00adschen die Gedanken\u00adbil\u00addung anregt. Dadurch wird das Men\u00adschen\u00adwe\u00adsen an das Sein des Geistes gebun\u00adden, \u2014 jedoch dumpf, ohne dass der Men\u00adsch dies bemerkt.<\/p>\n<p>Die S\u00e4ule des Win\u00adter-Hal\u00adb\u00adjahres mit dem Mantra 52 z als Basis, spricht vom Geist, dem mikrokos\u00admis\u00adchen Licht aus den See\u00adlen\u00adtiefen, dem Licht der Bewusst\u00adseins\u00adbil\u00addung und damit der Voraus\u00adset\u00adzung des Denkens. Und obwohl der Zusam\u00admen\u00adhang gew\u00f6hn\u00adlich ander\u00adsherum gese\u00adhen wird \u2014 Bewusst\u00adsein\u00adbil\u00addung auf die Bele\u00adbung des Leibes fol\u00adgt -, so sagt das Mantra etwas anderes. Hier ist der Einzug der Leben\u00adskraft Folge der Weltzuge\u00adwandtheit des Geistes. Und das Einziehen der Leben\u00adskraft bewirkt nun sel\u00adber etwas. Dadurch vere\u00adinigt sich das Wesen des Geistes mit dem Sein des Menschen.<\/p>\n<p>Im Mantra 1 A wer\u00adden die Ursachen der Exkar\u00adna\u00adtions\u00adbe\u00adwe\u00adgung (der Her\u00adausziehen\u00adden Gedanken) sowie ihre Folge beschrieben; im Mantra 52 z wer\u00adden die Ursachen der Inkar\u00adna\u00adtions\u00adbe\u00adwe\u00adgung (der einziehen\u00adden Leben\u00adskraft) sowie ihre Folge beschrieben. Einzeln betra\u00adchtet zeigt sich jedes der bei\u00adden Mantren als eine eigene Ganzheit, als ein Zusam\u00admen\u00adwirken von Ein\u00adstrahlung und Ausstrahlung, Ein\u00adstr\u00f6\u00admen und Ausstr\u00f6\u00admen. Im Mantra 1 A wirkt die Sonne sprechend, ein\u00adstrahlend auf den Men\u00adschen, der ausstrahlend mit Freude und Gedanken\u00adbil\u00addung antwortet. Im Mantra 52 z wen\u00addet sich der men\u00adschliche Geist der Welt zu, sein Bewusst\u00adsein ausstrahlend, worauf Sch\u00f6n\u00adheit und Leben\u00adskraft ihm zustr\u00f6men.<\/p>\n<p>So knapp wie bei\u00adde Mantren sind, beschreiben sie zusam\u00admengenom\u00admen den physisch-geisti\u00adgen Men\u00adschen in sein\u00ader Inter\u00adak\u00adtion mit der geistig-physis\u00adchen Welt doch vol\u00adlum\u00adf\u00e4nglich. Sie bilden sozusagen das Gesetz, die geset\u00adzm\u00e4\u00dfige Grund\u00adlage, nach\u00addem Men\u00adsch und Geist-Welt interagieren.<\/p>\n<h4><strong>Der Mensch \u2014 geformt nach dem Bild Gottes \u2014 Ausdruck des Jahreskreises&nbsp;<\/strong><\/h4>\n<p>Die in den Mantren beschriebene Inter\u00adak\u00adtion des Geistes mit der Physis zeigt sich auf ein\u00addrucksvolle Weise am Men\u00adschen. Ins\u00adbeson\u00addere drei K\u00f6r\u00adperteile sind der Zeit, genauer dem Jahreskreis\u00ades entsprechend gebildet: der Kopf, das Herz und die&nbsp;F\u00fc\u00dfe.<\/p>\n<p>Die <strong>F\u00fc\u00dfe<\/strong> weisen eben\u00adso viele Knochen auf, wie das Jahr Wochen hat \u2014 zwei Mal 26. \u201cSei da, wo deine F\u00fc\u00dfe sind\u201d ist eine wirk\u00adsame Meth\u00adode Gegen\u00adw\u00e4r\u00adtigkeit herzustellen. Die F\u00fc\u00dfe geben dem Men\u00adschen einen Stand\u00adpunkt. Auf den F\u00fc\u00dfen zu ste\u00adhen bedeutet, den kle\u00adin\u00adsten Raum auf dem Erd\u00adbo\u00adden in Anspruch zu nehmen. Doch um sich fortzube\u00adwe\u00adgen muss immer abwech\u00adsel\u00adnd ein Fu\u00df gehoben und vor\u00adangestellt wer\u00adden \u2014 ganz wie der Gang der Zeit wech\u00adselt zwis\u00adchen Som\u00admer- und Winter-Halbjahr.<\/p>\n<p>Der <strong>Kopf<\/strong> ist gle\u00adich zweifach dem Jahreskreis entsprechend gebildet. Zum einen hat der Men\u00adsch eben\u00adso viele <strong>Z\u00e4hne<\/strong>, wie es Wochen im Jahr gibt \u2014 nur nicht gle\u00adichzeit\u00adig, son\u00addern aufgeteilt in 20 Milchz\u00e4hne und 32 bleibende Z\u00e4hne. Zum anderen zeigt die Bil\u00addung des <strong>Sch\u00e4dels<\/strong> einen Prozess, der mit der Bil\u00addung der Oster\u00adscholle ver\u00adgle\u00adich\u00adbar ist und eben\u00adso wie diese eine Drit\u00adtelung bewirkt. Die vier beim Baby vorhan\u00adde\u00adnen gro\u00dfen Hirn\u00adplat\u00adten, die durch eine kreuzar\u00adtige Fontanelle voneinan\u00adder getren\u00adnt sind, erin\u00adnern an die Viertelung im Jahr. Doch dann verwach\u00adsen die bei\u00adden Hirn\u00adplat\u00adten der Stirn so naht\u00adlos, dass der Stirn\u00adsch\u00e4del an die Oster\u00adscholle erin\u00adnert. Auch die Oster\u00adscholle verbindet einen Teil des Win\u00adter- und Som\u00admer-Hal\u00adb\u00adjahres zu ein\u00ader neuen Ein\u00adheit. Zusam\u00admen mit dem Hin\u00adter\u00adhaupt\u00adbein zeigt die Drauf\u00adsicht auf den Sch\u00e4del die Drit\u00adtelung des Jahres in einen Mond- Son\u00adnen- und Stern\u00adbere\u00adich \u2014 und damit die Gliederung des Jahres\u00adlaufs als&nbsp;Ei.<\/p>\n<p><img loading=\"lazy\" decoding=\"async\" src=\"https:\/\/www.stellamaris-seelenkalender.de\/wp-content\/uploads\/2026\/04\/1-A-52-z-Schaedel-Baby-und-Erwachsen-300x132.png\" alt width=\"300\" height=\"132\"><\/p>\n<p><em>Sowohl der Baby- als auch der Erwach\u00adse\u00adnen\u00adsch\u00e4del zeigen Struk\u00adturen des Jahreskreis\u00ades \u2014 der Babysch\u00e4del die Viertelung des Jahres, der Erwach\u00adse\u00adnen\u00adsch\u00e4del die Drit\u00adtelung, der die Oster\u00adscholle, der Mond zugrunde liegt<\/em><\/p>\n<p>Zum Kopf geh\u00f6rt der Bewusst\u00adsein\u00adshor\u00adi\u00adzont, der immer wieder erweit\u00adert bzw. erneuert wer\u00adden muss \u2014 ganz entsprechend, wie nach Vol\u00adlen\u00addung eines Zyk\u00adlus, eines Zeit-Raums ein neuer solch\u00ader Raum betreten wer\u00adden muss.&nbsp;Der Kreis als Zyk\u00adlus ist das \u201estein\u00aderne\u201d, das Gesetz, das ewig unwan\u00addel\u00adbare Gef\u00e4\u00df, das jeden im gle\u00adichen Zeit-Raum fes\u00adth\u00e4lt,&nbsp;g\u00e4be es die lin\u00adeare Zeit&nbsp;nicht.<\/p>\n<p>Das <strong>Herz<\/strong> besitzt vier Herzkam\u00admern und entspricht deshalb dem Jahr der vier Jahreszeit\u00aden. Sein stetes Pochen bildet die Grund\u00adlage des Lebens\u00adflusses. Im Herzen entste\u00adht das Bewusst\u00adsein durch die \u00c4theri\u00adsa\u00adtion des Blutes. Und dieses stetig entste\u00adhende Bewusst\u00adseinslicht kann als ausstrahlende Sonne in der Gegen\u00adw\u00e4r\u00adtigkeit erlebt wer\u00adden. Es kann jedoch auch fokussiert als Strahl ver\u00adstanden wer\u00adden, durch den die Seele die Welt ber\u00fchrt \u2014 und von der Welt ber\u00fchrt wird. Ist die Ber\u00fchrung heftiger, kann sie zur Ver\u00adlet\u00adzung wer\u00adden. Wird sie entsprechend wirk\u00adsam, entste\u00adht Befruch\u00adtung. Bild der ver\u00adlet\u00adzen\u00adden und auch der befruch\u00adt\u00aden\u00adden, m\u00e4nnlichen Qual\u00adit\u00e4t ist die Lanze. Rudolf Stein\u00ader ver\u00adwen\u00addet als Bild der pflan\u00adzlich-reinen Befruch\u00adtung das Bild des Son\u00adnen\u00adstrahls, der die Bl\u00fctenkelche befruchtet. Er sagt: \u201cDer Son\u00adnen\u00adstrahl wird auch die heilige <strong>Liebeslanze<\/strong> genan\u00adnt.\u201d (GA 97 S. 221) Die lin\u00adeare Zeit, in der jed\u00ader Moment einzi\u00adgar\u00adtig ist und sich niemals wieder\u00adholt ist die Lanze, der m\u00e4nnlich-befruch\u00adt\u00adende Aspekt der&nbsp;Zeit.<\/p>\n<p><img loading=\"lazy\" decoding=\"async\" src=\"https:\/\/www.stellamaris-seelenkalender.de\/wp-content\/uploads\/2026\/04\/1-A-52-z-Schaedel-Herz-Fuesse-300x169.png\" alt width=\"300\" height=\"169\"><\/p>\n<p><em>Der Men\u00adsch \u2014 nach dem Bild der Zeit geschaffen<\/em><\/p>\n<p>Wenn nun noch der Rosenkreuzer\u00adspruch hinzugenom\u00admen wird, (<a href=\"https:\/\/www.stellamaris-seelenkalender.de\/?page_id=2199\">2 B \u2014 51 !<\/a>), der die Trinit\u00e4t mit den drei Bildern der Zeit verbindet, k\u00f6n\u00adnen diese drei K\u00f6r\u00adper\u00adstellen wie die drei Kreuze auf Gol\u00adgatha erlebt wer\u00adden. Jedes Kreuz entspricht ein\u00ader Sph\u00e4re, in der das Ich einem anderen Wesens\u00adglied gegen\u00fcber\u00adste\u00adht (<a href=\"https:\/\/www.stellamaris-seelenkalender.de\/?page_id=2997\">14 N \u2014 39 n<\/a>).<\/p>\n<p>Beim Sch\u00e4del \u201cgren\u00adzt\u201d der Men\u00adsch an den Him\u00admel, mit den F\u00fc\u00dfen an die Erde. In der zyk\u00adlis\u00adchen Zeit, dem Zeit-Raum als geistigem Raum (Ei), der sein physis\u00adches Abbild im Sch\u00e4del hat \u2014 ste\u00adht das Ich dem \u00c4ther\u00adleib gegen\u00fcber. Gedanken sind \u00c4therkr\u00e4fte. Dies ist das Kreuz des bereuen\u00adden Sch\u00e4ch\u00aders, des erl\u00f6sten Luz\u00adifers \u2014 und gle\u00adichzeit\u00adig die Seite, auf der die Maria unter dem Kreuz&nbsp;steht.<\/p>\n<p>In den F\u00fc\u00dfen ist der Men\u00adsch bis in die Zehen\u00adspitzen inkarniert. Sie sind mit den 26 Fu\u00df\u00adknochen Aus\u00addruck sein\u00ader Gegen\u00adw\u00e4r\u00adtigkeit, die sich im Kon\u00adtakt mit der Erde, der Physis entwick\u00adelt. Hier ste\u00adht das im Denken erfasste Ich der Wahrnehmungswelt, der Physis gegen\u00fcber. Dieses Kreuz ist das Kreuz des nicht-bereuen\u00adden Sch\u00e4ch\u00aders, der Aus\u00addruck der ahri\u00adman\u00adis\u00adchen Kraft ist. Auf dieser Seite ste\u00adht Johannes unter dem Kreuz. Die Gegen\u00adw\u00e4r\u00adtigkeit ist gemeint, wenn der Rosenkreuzer\u00adspruch sagt, dass der Men\u00adsch aus Gott geboren ist. Das men\u00adschliche Bewusst\u00adsein ist Sohn und so weist Chris\u00adtus Johannes der Maria als Sohn zu. Maria ist die zyk\u00adlis\u00adche Zeit, die Zeit als geistiger Raum. Sie ist die Mut\u00adter und als Maria-Sophia Tr\u00e4gerin der Weisheit. Diese Weisheit bildet sich auf man\u00adnig\u00adfaltige Art im Jahreskreis ab.<\/p>\n<p>In der Mitte ist das Kreuz Christi aufgerichtet. Im Men\u00adschen ist hier das Herz, in dem der Lebensstrom stetig in Bewusst\u00adsein ver\u00adwan\u00addelt wird. Diesem Prozess entspricht die lin\u00adeare Zeit. Die lin\u00adeare Zeit umfasst viele Momente der Gegen\u00adw\u00e4r\u00adtigkeit und hat das Bestreben, sich zum Zyk\u00adlus zu run\u00adden. Deshalb k\u00f6n\u00adnte man die zyk\u00adlis\u00adche Zeit als das gr\u00f6\u00dfte der drei Bilder der Zeit betra\u00adcht\u00aden. Doch jed\u00ader Zyk\u00adlus ist ein\u00admal vol\u00adlen\u00addet und es ist wiederum die lin\u00adeare Zeit, die das Leben dann in den n\u00e4ch\u00adsten Zyk\u00adlus tr\u00e4gt. Deshalb kann die lin\u00adeare Zeit als ewige Entwick\u00adlung als die gr\u00f6\u00dfte Zeit-Kraft betra\u00adchtet werden.<\/p>\n\t\t\t<a href=\"https:\/\/www.stellamaris-seelenkalender.de\/?page_id=781\" target=\"_self\">\n\t\t\t\t\t\tBlog zum Spruch 1&nbsp;A&nbsp;<\/a>\n\t\t\t<a href=\"https:\/\/www.stellamaris-seelenkalender.de\/?page_id=1778\" target=\"_self\">\n\t\t\t\t\t\tBlog zum Spruch 52&nbsp;z&nbsp;<\/a>\n\t\t\t<a href=\"https:\/\/www.stellamaris-seelenkalender.de\/?page_id=2199\" target=\"_self\">\n\t\t\t\t\t\tn\u00e4ch\u00adster Blog-Ein\u00adtrag Sommer-Halbjahr&nbsp;<\/a>\n\t\t\t<a href=\"https:\/\/www.stellamaris-seelenkalender.de\/?page_id=136\" target=\"_self\">\n\t\t\t\t\t\tzur\u00fcck zur \u00dcbersicht&nbsp;<\/a>\n\n","protected":false},"excerpt":{"rendered":"<p>Die spiegel\u00adnden Mantren 1 A und 52&nbsp;z FR\u00dcHLING 1 A Oster-Stim\u00ad\u00admung Wenn aus den Wel\u00adtenweit\u00aden Die Sonne spricht zum Men\u00adschensinn Und Freude aus den See\u00adlen\u00adtiefen Dem Licht sich eint im Schauen, Dann ziehen aus der Selb\u00ads\u00adtheit&nbsp;H\u00fclle Gedanken in die Raumes\u00adfer\u00adnen Und binden dumpf Des Men\u00adschen Wesen an des Geistes Sein. &nbsp; &nbsp; &nbsp; &nbsp;52 z\u2026<\/p>\n","protected":false},"author":1,"featured_media":0,"parent":0,"menu_order":0,"comment_status":"closed","ping_status":"closed","template":"","meta":{"wp_typography_post_enhancements_disabled":false,"footnotes":""},"class_list":["post-2189","page","type-page","status-publish","hentry"],"_links":{"self":[{"href":"https:\/\/www.stellamaris-seelenkalender.de\/index.php?rest_route=\/wp\/v2\/pages\/2189","targetHints":{"allow":["GET"]}}],"collection":[{"href":"https:\/\/www.stellamaris-seelenkalender.de\/index.php?rest_route=\/wp\/v2\/pages"}],"about":[{"href":"https:\/\/www.stellamaris-seelenkalender.de\/index.php?rest_route=\/wp\/v2\/types\/page"}],"author":[{"embeddable":true,"href":"https:\/\/www.stellamaris-seelenkalender.de\/index.php?rest_route=\/wp\/v2\/users\/1"}],"replies":[{"embeddable":true,"href":"https:\/\/www.stellamaris-seelenkalender.de\/index.php?rest_route=%2Fwp%2Fv2%2Fcomments&post=2189"}],"version-history":[{"count":7,"href":"https:\/\/www.stellamaris-seelenkalender.de\/index.php?rest_route=\/wp\/v2\/pages\/2189\/revisions"}],"predecessor-version":[{"id":3944,"href":"https:\/\/www.stellamaris-seelenkalender.de\/index.php?rest_route=\/wp\/v2\/pages\/2189\/revisions\/3944"}],"wp:attachment":[{"href":"https:\/\/www.stellamaris-seelenkalender.de\/index.php?rest_route=%2Fwp%2Fv2%2Fmedia&parent=2189"}],"curies":[{"name":"wp","href":"https:\/\/api.w.org\/{rel}","templated":true}]}}