{"id":16,"date":"2021-04-13T21:28:57","date_gmt":"2021-04-13T19:28:57","guid":{"rendered":"https:\/\/www.stellamaris-seelenkalender.de\/?page_id=16"},"modified":"2025-11-13T21:55:41","modified_gmt":"2025-11-13T20:55:41","slug":"16-2","status":"publish","type":"page","link":"https:\/\/www.stellamaris-seelenkalender.de\/","title":{"rendered":"Startseite"},"content":{"rendered":"\n\n\t\t<h1>Stellamaris Seelenkalender<\/h1>\t\n\t<h2>Das Geheimnis wartet auf Augen, die nicht vom Verlangen getr\u00fcbt sind.<\/h2>\n<h5>(Laotse)<\/h5>\n<h3>Siehst du dein Geheimnis? Kennst du deinen Stern?<\/h3>\n<p>Lass mich dir das gro\u00dfe Geheim\u00adnis zeigen. Finde deinen Leit\u00adstern f\u00fcr die Nav\u00adi\u00adga\u00adtion auf dem Seelenozean.<\/p>\n<p>Stel\u00adla\u00admaris, Stern des Meeres, meint seit alten Zeit\u00aden diesen Stern, der denen Ori\u00aden\u00adtierung gibt, die auf dem See\u00adlen\u00admeer segeln.&nbsp; Seit dem Mit\u00adte\u00adlal\u00adter tr\u00e4gt Maria diesen Beina\u00admen. Mit diesem See\u00adlen\u00adstern ist die Weisheit der Gro\u00dfen Mut\u00adter ver\u00adbun\u00adden, die in jed\u00ader Seele schlum\u00admert und gle\u00adichzeit\u00adig die Men\u00adschheit im Zeit\u00aden\u00adfluss&nbsp;tr\u00e4gt.<\/p>\n<p>Durch Rudolf Stein\u00ader hat dieser Stern ein neues Gewand erhal\u00adten. Es ist der See\u00adlenkalen\u00adder, der f\u00fcr jede Woche im Jahr ein Spruch-Mantra bere\u00adi\u00adth\u00e4lt. Diese 52 Wochen\u00adspr\u00fcche geben der Seele die stets zum Fluss der Zeit stim\u00admige Aus\u00adrich\u00adtung. Sie syn\u00adchro\u00adnisieren die Entwick\u00adlungs\u00adbe\u00adwe\u00adgun\u00adgen des Mikrokos\u00admos, des eige\u00adnen See\u00adlen\u00adraums, mit dem Makrokos\u00admos der gro\u00dfen Au\u00dfen\u00adwelt, der Zeit-Welt. Wer das strahlende Licht dieses Sterns in allen Unwet\u00adtern des Lebens zu sehen ver\u00admag, wird erleuchtet genannt.<\/p>\n<h2>\n\t\t\t\u00dcber den Seelenkalender und das&nbsp;Jahr&nbsp;<\/h2>\n\tDer See\u00adlenkalen\u00adder ist eine Spruch\u00adsamm\u00adlung von 52 Mantren, die Rudolf Stein\u00ader nach eigen\u00ader Angabe in jahre\u00adlanger Forschungsar\u00adbeit gestal\u00adtete und erst\u00admals f\u00fcr das Jahr 1912\/13 zusam\u00admen mit neu gestal\u00adteten Tierkreis\u00adbildern und Gedenk\u00adta\u00adgen her\u00adaus\u00adgab.\nDer Spruch f\u00fcr jede Woche des Jahres dr\u00fcckt die Essenz vom dem aus, worum es in dieser Woche im Leben geht. Die Spr\u00fcche begin\u00adnen, mit einem zu kommunizieren.&nbsp;<a href=\"https:\/\/www.stellamaris-seelenkalender.de\/?page_id=146\" target=\"_self\">\n\t\t\t\t\t\tMehr&nbsp;lesen&nbsp;<\/a>\n<h2>\n\t\t\tGut zu wissen&nbsp;<\/h2>\n\tWenn vom See\u00adlenkalen\u00adder Rudolf Stein\u00aders die Rede ist, so meint jed\u00ader, der mit den Wochen\u00adspr\u00fcchen Bekan\u00adntschaft gemacht hat, dass damit ein\u00addeutig beschrieben w\u00e4re, was gemeint ist: eine Samm\u00adlung von 52 Spr\u00fcchen \u2014 f\u00fcr jede Woche im Jahr einen \u2014 um seel\u00adisch mit der Natur mitschwin\u00adgen zu ler\u00adnen. Das ist richtig \u2014 aber nicht alles.\n<p><strong>&nbsp;<\/strong><\/p>\n\t\t\t<a href=\"https:\/\/www.stellamaris-seelenkalender.de\/?page_id=225\" target=\"_self\">\n\t\t\t\t\t\tMehr&nbsp;lesen&nbsp;<\/a>\n<h2>\n\t\t\tStellamaris&nbsp;<\/h2>\n\tSo wie der allt\u00e4gliche Kalen\u00adder hil\u00adft, den Anforderun\u00adgen des Lebens p\u00fcnk\u00adtlich gerecht zu wer\u00adden, so bietet der See\u00adlenkalen\u00adder wie ein Leit\u00adstern Ori\u00aden\u00adtierung auf der See\u00adlen\u00adreise. Stel\u00adla\u00admaris, Stern des Meeres ist ein schm\u00fcck\u00adender Beiname von Maria, der genau dies meint. Zu allen Zeit\u00aden emp\u00adfan\u00adden Men\u00adschen sich besch\u00fctzt und gef\u00fchrt durch himm\u00adlis\u00adche M\u00e4chte. Die Namen wech\u00adsel\u00adten, doch immer waren es weib\u00adliche Mut\u00adter\u00adgot\u00adtheit\u00aden, die dies Geleit gaben-\n<p><strong>&nbsp;<\/strong><\/p>\n<p>&nbsp;<\/p>\n\t\t\t<a href=\"https:\/\/www.stellamaris-seelenkalender.de\/?page_id=269\" target=\"_self\">\n\t\t\t\t\t\tMehr&nbsp;lesen&nbsp;<\/a>\n<h2>\n\t\t\tBegleitung durch den Seelenkalender&nbsp;<\/h2>\n\t<p>So wie der allt\u00e4gliche Kalen\u00adder hil\u00adft, den Anforderun\u00adgen des Lebens p\u00fcnk\u00adtlich gerecht zu wer\u00adden, so bietet der See\u00adlenkalen\u00adder wie ein Leit\u00adstern Ori\u00aden\u00adtierung auf der See\u00adlen\u00adreise. Stel\u00adla\u00admaris, Stern des Meeres, ist ein schm\u00fcck\u00adender Beiname von Maria, der genau dies meint. Zu allen Zeit\u00aden emp\u00adfan\u00adden Men\u00adschen sich besch\u00fctzt und gef\u00fchrt durch himm\u00adlis\u00adche M\u00e4chte. Die Namen wech\u00adsel\u00adten, doch immer waren es weib\u00adliche Mut\u00adter\u00adgot\u00adtheit\u00aden, die dieses Geleit gaben.<\/p>\n\t\t\t<a href=\"https:\/\/www.stellamaris-seelenkalender.de\/?page_id=327\" target=\"_self\">\n\t\t\t\t\t\tMehr&nbsp;lesen&nbsp;<\/a>\n<h2>\n\t\t\tBlog&nbsp;<\/h2>\n\t<p>Der See\u00adlenkalen\u00adder. Ein Kalen\u00adder f\u00fcr die Seele. Gedanken, die mich bewe\u00adgen, m\u00f6chte ich in meinem Blog teilen.<\/p>\n<p>Jede Woche stelle ich mir aus dem Wochen\u00adspruch Fra\u00adgen. Dadurch bin ich immer neu angeregt, mich zu erforschen. Woche f\u00fcr Woche habe ich so einen stillen, <strong>inspiri\u00aderen\u00adden Coach<\/strong> an mein\u00ader Seite, der mir Fra\u00adgen stellt \u00fcber mich, mein Ver\u00adh\u00e4lt\u00adnis zur Welt und unsere gegen\u00adseit\u00adige Bedingtheit.<\/p>\n<p>&nbsp;<\/p>\n\t\t\t<a href=\"https:\/\/www.stellamaris-seelenkalender.de\/?page_id=136\" target=\"_self\">\n\t\t\t\t\t\tMehr&nbsp;lesen&nbsp;<\/a>\n\t<h3>Kontakt<\/h3>\n<p>Ich freue mich auf unser Kennenlernen.<\/p>\n\n","protected":false},"excerpt":{"rendered":"<p>Stel\u00adla\u00admaris See\u00adlenkalen\u00adder Das Geheim\u00adnis wartet auf Augen, die nicht vom Ver\u00adlan\u00adgen getr\u00fcbt sind. (Laotse) Siehst du dein Geheim\u00adnis? Kennst du deinen Stern? Lass mich dir das gro\u00dfe Geheim\u00adnis zeigen. Finde deinen Leit\u00adstern f\u00fcr die Nav\u00adi\u00adga\u00adtion auf dem See\u00adlenozean. Stel\u00adla\u00admaris, Stern des Meeres, meint seit alten Zeit\u00aden diesen Stern, der denen Ori\u00aden\u00adtierung gibt, die auf&nbsp;dem\u2026<\/p>\n","protected":false},"author":1,"featured_media":0,"parent":0,"menu_order":0,"comment_status":"closed","ping_status":"closed","template":"","meta":{"wp_typography_post_enhancements_disabled":false,"footnotes":""},"class_list":["post-16","page","type-page","status-publish","hentry"],"_links":{"self":[{"href":"https:\/\/www.stellamaris-seelenkalender.de\/index.php?rest_route=\/wp\/v2\/pages\/16","targetHints":{"allow":["GET"]}}],"collection":[{"href":"https:\/\/www.stellamaris-seelenkalender.de\/index.php?rest_route=\/wp\/v2\/pages"}],"about":[{"href":"https:\/\/www.stellamaris-seelenkalender.de\/index.php?rest_route=\/wp\/v2\/types\/page"}],"author":[{"embeddable":true,"href":"https:\/\/www.stellamaris-seelenkalender.de\/index.php?rest_route=\/wp\/v2\/users\/1"}],"replies":[{"embeddable":true,"href":"https:\/\/www.stellamaris-seelenkalender.de\/index.php?rest_route=%2Fwp%2Fv2%2Fcomments&post=16"}],"version-history":[{"count":0,"href":"https:\/\/www.stellamaris-seelenkalender.de\/index.php?rest_route=\/wp\/v2\/pages\/16\/revisions"}],"wp:attachment":[{"href":"https:\/\/www.stellamaris-seelenkalender.de\/index.php?rest_route=%2Fwp%2Fv2%2Fmedia&parent=16"}],"curies":[{"name":"wp","href":"https:\/\/api.w.org\/{rel}","templated":true}]}}