{"id":155,"date":"2021-05-08T17:35:20","date_gmt":"2021-05-08T15:35:20","guid":{"rendered":"https:\/\/www.stellamaris-seelenkalender.de\/?page_id=155"},"modified":"2021-06-15T21:35:49","modified_gmt":"2021-06-15T19:35:49","slug":"seelenkalender-jahreslauf","status":"publish","type":"page","link":"https:\/\/www.stellamaris-seelenkalender.de\/?page_id=155","title":{"rendered":"Seelenkalender-Jahreslauf"},"content":{"rendered":"\n<h2>\n\t\tDer Jahreslauf am Himmel und auf der&nbsp;Erde&nbsp;<\/h2>\n\t\t\t<a href=\"https:\/\/www.stellamaris-seelenkalender.de\/?page_id=99\" target=\"_self\" role=\"button\" rel=\"noopener\">\n\t\t\t\t\t\th\u00f6ren&nbsp;<\/a>\n\t<p>\u2026 Richtet sich der Blick hin\u00adunter <strong>auf die Erde<\/strong>, so unter\u00adschei\u00addet sich der Jahres\u00adlauf region\u00adal gem\u00e4\u00df dem Bre\u00adit\u00aden\u00adgrad gewaltig. Die vier Jahreszeit\u00aden existieren nur in den gem\u00e4\u00dfigten Zonen und sind auf der Nord- und S\u00fcd\u00adhal\u00adbkugel der Erde ent\u00adge\u00adgenge\u00adset\u00adzt. Bei diesem konkreten Jahreszeit-Geschehen herrscht auf der Erde gr\u00f6\u00dft\u00adm\u00f6gliche Dif\u00adferen\u00adzierung. Der Gang des Jahres vol\u00adlzieht sich \u00fcber\u00adall etwas anders.<\/p>\n<p>Richtet sich der Blick aber hin\u00adauf <strong>zum Him\u00admel<\/strong>, so sind die Kon\u00adstel\u00adla\u00adtio\u00adnen von Sonne, Mond und Plan\u00adeten im Tierkreis f\u00fcr alle Men\u00adschen gle\u00adich. Die Sonne strahlt f\u00fcr die ganze Erde aus dem\u00adsel\u00adben Tierkreisze\u00adichen. Auch der Mond zeigt weltweit dieselbe Phase seines Zyk\u00adlus. Blickt man zum Him\u00admel, so ist dieser kos\u00admis\u00adche Jahres\u00adlauf f\u00fcr alle Orte der Erde und durch alle Zeit\u00aden durch gle\u00adiche Rhyth\u00admen bes\u00adtimmt. Er bildet seit Urzeit\u00aden f\u00fcr die ganze Erde eine kon\u00adstant gle\u00adiche Grund\u00adlage, um geistige Inhalte sym\u00adbol\u00adisch auszu\u00addr\u00fcck\u00aden. In der Astrolo\u00adgie hat sich das Wis\u00adsen um die Kr\u00e4ftewirkun\u00adgen dieser Zyklen auf Erde und Men\u00adsch bewahrt.<\/p>\n<p>Neben diesen bei\u00adden Jahres\u00adl\u00e4ufen, dem himm\u00adlisch ewigen und dem irdisch indi\u00advidu\u00adellen sehe ich im <strong>See\u00adlenkalen\u00adder<\/strong> einen drit\u00adten Jahres\u00adlauf. Er gibt dem Hauch der Zeit, der erlebt wer\u00adden kann wie das Streifen eines Fl\u00fcgels aus der Ewigkeit Worte. Es ist der Moment der Gegen\u00adw\u00e4r\u00adtigkeit, der das Tor zur Ewigkeit \u00f6ffnet. Alle Men\u00adschen der Erde teilen eine Echtzeit, eine Gegen\u00adwart. Ander\u00ader\u00adseits stam\u00admen die Bilder, die im See\u00adlenkalen\u00adder die seel\u00adis\u00adchen Prozesse beschreiben von der Erde. Der See\u00adlenkalen\u00adder beschreibt einen Jahres\u00adlauf zwis\u00adchen Him\u00admel und Erde, wie es der Seele gem\u00e4\u00df ist, die in bei\u00adden Bere\u00adichen zu Hause&nbsp;ist.<\/p>\n<p>So beziehen sich die Begriffe der Jahreszeit\u00aden wie Som\u00admer-Hal\u00adb\u00adjahr und Win\u00adter-Hal\u00adb\u00adjahr, auf\u00adsteigende und absteigende Sonne stets auf den See\u00adlenkalen\u00adder, nicht auf die irdis\u00adchen Ver\u00adh\u00e4lt\u00adnisse. Nur f\u00fcr die gem\u00e4\u00dfigte Zone der n\u00f6rdlichen Hemis\u00adph\u00e4re sind See\u00adlenkalen\u00adder und \u00e4u\u00dfer\u00ader Jahres\u00adlauf synchron.<\/p>\n<p>&nbsp;<\/p>\n\t\t\t<a href=\"https:\/\/www.stellamaris-seelenkalender.de\/?page_id=146#Der Seelenkalender - Was ist das?\" target=\"_self\" role=\"button\" rel=\"noopener\">\n\t\t\t\t\t\tn\u00e4ch\u00adstes Kapitel&nbsp;<\/a>\n\t\t\t<a href=\"https:\/\/www.stellamaris-seelenkalender.de\/?page_id=146\" target=\"_self\" role=\"button\" rel=\"noopener\">\n\t\t\t\t\t\tzur\u00fcck zur \u00dcbersicht&nbsp;<\/a>\n\n","protected":false},"excerpt":{"rendered":"<p>Der Jahres\u00adlauf am Him\u00admel und auf der&nbsp;Erde h\u00f6ren \u2026 Richtet sich der Blick hin\u00adunter auf die Erde, so unter\u00adschei\u00addet sich der Jahres\u00adlauf region\u00adal gem\u00e4\u00df dem Bre\u00adit\u00aden\u00adgrad gewaltig. Die vier Jahreszeit\u00aden existieren nur in den gem\u00e4\u00dfigten Zonen und sind auf der Nord- und S\u00fcd\u00adhal\u00adbkugel der Erde ent\u00adge\u00adgenge\u00adset\u00adzt. Bei diesem konkreten Jahreszeit-Geschehen herrscht auf der Erde gr\u00f6\u00dftm\u00f6gliche\u2026<\/p>\n","protected":false},"author":1,"featured_media":0,"parent":0,"menu_order":0,"comment_status":"closed","ping_status":"closed","template":"","meta":{"wp_typography_post_enhancements_disabled":false,"footnotes":""},"class_list":["post-155","page","type-page","status-publish","hentry"],"_links":{"self":[{"href":"https:\/\/www.stellamaris-seelenkalender.de\/index.php?rest_route=\/wp\/v2\/pages\/155","targetHints":{"allow":["GET"]}}],"collection":[{"href":"https:\/\/www.stellamaris-seelenkalender.de\/index.php?rest_route=\/wp\/v2\/pages"}],"about":[{"href":"https:\/\/www.stellamaris-seelenkalender.de\/index.php?rest_route=\/wp\/v2\/types\/page"}],"author":[{"embeddable":true,"href":"https:\/\/www.stellamaris-seelenkalender.de\/index.php?rest_route=\/wp\/v2\/users\/1"}],"replies":[{"embeddable":true,"href":"https:\/\/www.stellamaris-seelenkalender.de\/index.php?rest_route=%2Fwp%2Fv2%2Fcomments&post=155"}],"version-history":[{"count":0,"href":"https:\/\/www.stellamaris-seelenkalender.de\/index.php?rest_route=\/wp\/v2\/pages\/155\/revisions"}],"wp:attachment":[{"href":"https:\/\/www.stellamaris-seelenkalender.de\/index.php?rest_route=%2Fwp%2Fv2%2Fmedia&parent=155"}],"curies":[{"name":"wp","href":"https:\/\/api.w.org\/{rel}","templated":true}]}}