{"id":146,"date":"2021-05-08T10:25:14","date_gmt":"2021-05-08T08:25:14","guid":{"rendered":"https:\/\/www.stellamaris-seelenkalender.de\/?page_id=146"},"modified":"2022-02-10T23:04:22","modified_gmt":"2022-02-10T22:04:22","slug":"seelenkalender","status":"publish","type":"page","link":"https:\/\/www.stellamaris-seelenkalender.de\/?page_id=146","title":{"rendered":"Seelenkalender"},"content":{"rendered":"\n<h2>\u00dcber den Seelenkalender und das&nbsp;Jahr<\/h2>\n\t<ol>\n<li>\n<h5><a href=\"#Der Jahreslauf am Himmel und auf der Erde\">Der Jahreslauf am Himmel und auf der&nbsp;Erde<\/a><\/h5>\n<\/li>\n<li>\n<h5><a href=\"#Der Seelenkalender - Was ist das?\">Der Seelenkalender \u2014 Was ist&nbsp;das?<\/a><\/h5>\n<ul>\n<li>\n<h5>Die Struktur des Seelenkalenders<\/h5>\n<\/li>\n<li>\n<h5>Die Osterzeit im&nbsp;Jahr<\/h5>\n<\/li>\n<li>\n<h5>Die Dreiheit der Spr\u00fcche<\/h5>\n<\/li>\n<\/ul>\n<\/li>\n<li>\n<h5><a href=\"#Weitere Facetten des Seelenkalenders\">Weitere Facetten des Seelenkalenders<\/a><\/h5>\n<ul>\n<li>\n<h5>Die Ausnahmen bei Spiegel- und Gegenspruch<\/h5>\n<\/li>\n<\/ul>\n<\/li>\n<li>\n<h5><a href=\"#Die gro\u00dfen Kreuze im Seelenkalender\">Die gro\u00dfen Kreuze im Seelenkalender<\/a><\/h5>\n<ul>\n<li>\n<h5>Das Lichtkreuz<\/h5>\n<\/li>\n<li>\n<h5>Das dunkle Kreuz der Krisen \u2014 oder Droh-Spr\u00fcche<\/h5>\n<\/li>\n<li>\n<h5>Das Kreuz der Zwischenspr\u00fcche<\/h5>\n<\/li>\n<\/ul>\n<\/li>\n<\/ol>\n<h2>\n\t\tDer Jahreslauf am Himmel und auf der&nbsp;Erde&nbsp;<\/h2>\n\t\t\t<a href=\"https:\/\/www.stellamaris-seelenkalender.de\/wp-content\/uploads\/2022\/01\/Der_Jahreslauf_am_Himmel_und_auf_der_Erde.mp3\" target=\"_blank\" role=\"button\" rel=\"noopener\">\n\t\t\t\t\t\tH\u00f6ren anstelle lesen&nbsp;<\/a>\n\t<p>Im inneren Bild formt sich das zun\u00e4chst lin\u00adear erlebte Flie\u00dfen der Zeit zum Kreis. Dieser Jahreskreis\u00adlauf ist die Grund\u00adlage des See\u00adlenkalen\u00adders. Seit Men\u00adschen mit Selb\u00adst\u00adbe\u00adwusst\u00adsein auf der Erde leben, sehen sie am Him\u00admel Sonne, Mond und Plan\u00adeten durch die Ster\u00adnen\u00adre\u00adgio\u00adnen wan\u00addern, die wir den Tierkreis nen\u00adnen. Daneben sehen sie auf der Erde, wie sich die Zyklen des Lebens vollziehen.&nbsp;\u2026<\/p>\n\t\t\t<a href=\"https:\/\/www.stellamaris-seelenkalender.de\/?page_id=155\" target=\"_self\" role=\"button\" rel=\"noopener\">\n\t\t\t\t\t\tweit\u00ader&nbsp;lesen&nbsp;<\/a>\n<h2>\n\t\tDer Seelenkalender \u2014 Was ist&nbsp;das?&nbsp;<\/h2>\n\t\t\t<a href=\"https:\/\/www.stellamaris-seelenkalender.de\/wp-content\/uploads\/2022\/01\/Der_Seelenkalender_Was_ist_das.mp3\" target=\"_blank\" role=\"button\" rel=\"noopener\">\n\t\t\t\t\t\tH\u00f6ren anstelle lesen&nbsp;<\/a>\n\t<p>Der See\u00adlenkalen\u00adder ist eine Spruch\u00adsamm\u00adlung von 52 Mantren, die Rudolf Stein\u00ader nach eigen\u00ader Angabe in jahre\u00adlanger Forschungsar\u00adbeit gestal\u00adtete und erst\u00admals f\u00fcr das Jahr 1912\/13 zusam\u00admen mit neu gestal\u00adteten Tierkreis\u00adbildern und Gedenk\u00adta\u00adgen her\u00adaus\u00adgab. Begin\u00adnend mit der Oster\u00adwoche gibt es f\u00fcr jede Woche im Jahr ein solch\u00ades Spruch-Mantra, kurz Spruch genannt.&nbsp;\u2026<\/p>\n<p>&nbsp;<\/p>\n\t\t\t<a href=\"https:\/\/www.stellamaris-seelenkalender.de\/?page_id=180\" target=\"_self\" role=\"button\" rel=\"noopener\">\n\t\t\t\t\t\tweit\u00ader&nbsp;lesen&nbsp;<\/a>\n<h2>\n\t\tWeitere Facetten des Seelenkalenders&nbsp;<\/h2>\n\t\t\t<a href=\"https:\/\/www.stellamaris-seelenkalender.de\/wp-content\/uploads\/2022\/01\/Weitere-Facetten-des-Seelenkalenders.mp3\" target=\"_blank\" role=\"button\" rel=\"noopener\">\n\t\t\t\t\t\tH\u00f6ren anstelle lesen&nbsp;<\/a>\n\t<p>Wie ein lebendi\u00adges Wesen zeigt der See\u00adlenkalen\u00adder als Gesamtheit aller 52 Spr\u00fcche nicht nur Regelm\u00e4\u00dfigkeit wie oben beschrieben, son\u00addern vielf\u00e4ltige Beson\u00adder\u00adheit\u00aden, die ihn zu einem Dia\u00adman\u00adten mit vie\u00adlen Facetten machen.&nbsp;\u2026<\/p>\n\t\t\t<a href=\"https:\/\/www.stellamaris-seelenkalender.de\/?page_id=196\" target=\"_self\" role=\"button\" rel=\"noopener\">\n\t\t\t\t\t\tweit\u00ader&nbsp;lesen&nbsp;<\/a>\n<h2>\n\t\tDie gro\u00dfen Kreuze im Seelenkalender&nbsp;<\/h2>\n\t\t\t<a href=\"https:\/\/www.stellamaris-seelenkalender.de\/wp-content\/uploads\/2022\/01\/Die_gross\u009fen_Kreuze_im_Seelenkalender_1_bis_einschl._Die_Widersacherwirkung.mp3\" target=\"_blank\" role=\"button\" rel=\"noopener\">\n\t\t\t\t\t\tH\u00f6ren anstelle lesen&nbsp;<\/a>\n\t\t\t<a href=\"https:\/\/www.stellamaris-seelenkalender.de\/wp-content\/uploads\/2022\/01\/Die_grossen_Kreuze_im_Seelenkalender_2_ab_Das_Kreuz_der_ZwischensprA\u00bcche.mp3\" target=\"_blank\" role=\"button\" rel=\"noopener\">\n\t\t\t\t\t\tH\u00f6ren anstelle lesen&nbsp;<\/a>\n\t<p>Zwei gro\u00dfe Kreuze sind dem See\u00adlenkalen\u00adder eingeschrieben. Das eine bildet sich durch vier Spr\u00fcche, die das Licht the\u00adma\u00adtisieren. Dies ist das Lichtkreuz, das die Form eines nicht rechtwin\u00adkli\u00adgen Andreaskreuzes tr\u00e4gt. Das andere entste\u00adht durch vier Spr\u00fcche, die auf eine Krise aufmerk\u00adsam machen. Diese Spr\u00fcche haben eine dun\u00adkle, bedrohliche Stim\u00admung. Sie bilden ein rechtwin\u00adkliges, diag\u00ado\u00adnal ste\u00adhen\u00addes Kreuz. Die Kreuze sind durch den Wort\u00adlaut der Spr\u00fcche zu erken\u00adnen, nicht durch gle\u00adiche Buch\u00adstaben Benennung.&nbsp;\u2026<\/p>\n<p>&nbsp;<\/p>\n\t\t\t<a href=\"https:\/\/www.stellamaris-seelenkalender.de\/?page_id=201\" target=\"_blank\" role=\"button\" rel=\"noopener\">\n\t\t\t\t\t\tweit\u00ader&nbsp;lesen&nbsp;<\/a>\n","protected":false},"excerpt":{"rendered":"<p>\u00dcber den See\u00adlenkalen\u00adder und das&nbsp;Jahr Der Jahres\u00adlauf am Him\u00admel und auf der&nbsp;Erde Der See\u00adlenkalen\u00adder \u2014 Was ist&nbsp;das? Die Struk\u00adtur des See\u00adlenkalen\u00adders Die Osterzeit im&nbsp;Jahr Die Drei\u00adheit der Spr\u00fcche Weit\u00adere Facetten des See\u00adlenkalen\u00adders Die Aus\u00adnah\u00admen bei Spiegel- und Gegen\u00adspruch Die gro\u00dfen Kreuze im See\u00adlenkalen\u00adder Das Lichtkreuz Das dun\u00adkle Kreuz der Krisen \u2014 oder Droh-Spr\u00fcche Das&nbsp;Kreuz\u2026<\/p>\n","protected":false},"author":1,"featured_media":0,"parent":0,"menu_order":0,"comment_status":"closed","ping_status":"closed","template":"","meta":{"wp_typography_post_enhancements_disabled":false,"footnotes":""},"class_list":["post-146","page","type-page","status-publish","hentry"],"_links":{"self":[{"href":"https:\/\/www.stellamaris-seelenkalender.de\/index.php?rest_route=\/wp\/v2\/pages\/146","targetHints":{"allow":["GET"]}}],"collection":[{"href":"https:\/\/www.stellamaris-seelenkalender.de\/index.php?rest_route=\/wp\/v2\/pages"}],"about":[{"href":"https:\/\/www.stellamaris-seelenkalender.de\/index.php?rest_route=\/wp\/v2\/types\/page"}],"author":[{"embeddable":true,"href":"https:\/\/www.stellamaris-seelenkalender.de\/index.php?rest_route=\/wp\/v2\/users\/1"}],"replies":[{"embeddable":true,"href":"https:\/\/www.stellamaris-seelenkalender.de\/index.php?rest_route=%2Fwp%2Fv2%2Fcomments&post=146"}],"version-history":[{"count":0,"href":"https:\/\/www.stellamaris-seelenkalender.de\/index.php?rest_route=\/wp\/v2\/pages\/146\/revisions"}],"wp:attachment":[{"href":"https:\/\/www.stellamaris-seelenkalender.de\/index.php?rest_route=%2Fwp%2Fv2%2Fmedia&parent=146"}],"curies":[{"name":"wp","href":"https:\/\/api.w.org\/{rel}","templated":true}]}}